{"id":1182,"date":"2014-10-15T11:45:56","date_gmt":"2014-10-15T10:45:56","guid":{"rendered":"http:\/\/bandapassons.it\/gfp\/?page_id=1182"},"modified":"2014-10-15T11:45:56","modified_gmt":"2014-10-15T10:45:56","slug":"regolamento-iv-edizione","status":"publish","type":"page","link":"https:\/\/bandapassons.it\/gfp\/banda\/solisti-e-banda\/regolamento-iv-edizione\/","title":{"rendered":"Regolamento IV edizione"},"content":{"rendered":"<p><!--:it--><\/p>\n<p style=\"text-align: center;\">CONCORSO <a href=\"http:\/\/bandapassons.it\/gfp\/wp-content\/uploads\/2014\/10\/seb_logo.jpg\"><img loading=\"lazy\" decoding=\"async\" class=\"aligncenter size-full wp-image-1188\" alt=\"Solisti e banda\" src=\"http:\/\/bandapassons.it\/gfp\/wp-content\/uploads\/2014\/10\/seb_logo.jpg\" width=\"443\" height=\"222\" \/><\/a><\/p>\n<p>La Scuola di Musica di Passons, in collaborazione con il Comune di Pasian di Prato, la Banda Musicale di Passons, l\u2019Associazione Culturale Musicale \u201cLa prime l\u00fbs 1812\u201d di Bertiolo, indice il concorso denominato SOLISTI E BANDA<\/p>\n<h2>REGOLAMENTO DEL CONCORSO<\/h2>\n<h2>Art. 1<\/h2>\n<p>Il concorso \u00e8 riservato agli allievi delle Scuole di Musica, degli Istituti Musicali, dei Licei Musicali e dei Conservatori della Regione Friuli Venezia Giulia.<\/p>\n<h2>Art. 2<\/h2>\n<p>Il concorso \u00e8 suddiviso in due categorie:<\/p>\n<ul>\n<li>UNDER 15 (nati dopo il 1\u00b0 gennaio 2000)\u2028 suddivisa in due sezioni:\n<ul>\n<li>a) fiati e percussioni<\/li>\n<li>b) pianoforte, archi, strumenti moderni (chitarra elettrica, basso, tastiere &#8211; anche in combo)<\/li>\n<\/ul>\n<\/li>\n<li>UNDER 18 (nati dopo il 1\u00b0 gennaio 1997)\u2028 suddivisa in due sezioni:\n<ul>\n<li>a) fiati e percussioni<\/li>\n<li>b) pianoforte, archi, strumenti moderni (chitarra elettrica, basso, tastiere &#8211; anche in combo), canto<\/li>\n<\/ul>\n<\/li>\n<\/ul>\n<p>Ogni partecipante potr\u00e0 proporre un programma libero che non superi i seguenti tempi definiti per ogni categoria:<\/p>\n<ul>\n<li>UNDER 15: max 10 minuti (musica effettiva)<\/li>\n<li>UNDER 18: max 18 minuti (musica effettiva)<\/li>\n<\/ul>\n<h2>Art. 3<\/h2>\n<p>Il programma presentato dal candidato sar\u00e0 a libera scelta, ma dovr\u00e0 comprendere: per gli strumenti a fiato, percussione ed arco:<\/p>\n<ul>\n<li>uno studio<\/li>\n<li>un brano accompagnato dal pianoforte<\/li>\n<\/ul>\n<p>per i chitarristi, pianisti e tastieristi in generale, il programma dovr\u00e0 comprendere:<\/p>\n<ul>\n<li>uno studio tecnico<\/li>\n<li>un brano da concerto<\/li>\n<\/ul>\n<p>per i cantanti:<\/p>\n<ul>\n<li>un brano di carattere melodico<\/li>\n<li>un brano di carattere pi\u00f9 ritmato<\/li>\n<\/ul>\n<p>Il programma presentato alla selezione dovr\u00e0 essere rappresentativo delle abilit\u00e0 musicali, sia tecniche che melodiche, del ragazzo.<\/p>\n<h2>Art. 4<\/h2>\n<p>La prova verr\u00e0 valutata in centesimi secondo i seguenti criteri:<\/p>\n<ul>\n<li>Intonazione<\/li>\n<li>Qualit\u00e0 del suono<\/li>\n<li>Bilanciamento del suono<\/li>\n<li>Tecnica<\/li>\n<li>Articolazione<\/li>\n<li>Ritmica<\/li>\n<li>Insieme<\/li>\n<li>Espressione<\/li>\n<li>Dinamica<\/li>\n<li>Interpretazione<\/li>\n<\/ul>\n<p>I partecipanti che avranno ottenuto almeno 85\/100 e che risulteranno essere i primi della loro sezione\u00a0saranno i vincitori del concorso.<\/p>\n<h2>Art. 5<\/h2>\n<p>I partecipanti verranno valutati da una giuria composta da 5 (cinque) membri, docenti e direttori.<\/p>\n<p>Il giudizio della giuria \u00e8 insindacabile<\/p>\n<h2>Art. 6<\/h2>\n<p>Le selezioni avverranno sabato 20 dicembre 2014, dalle 15.00 alle 18.00, e domenica 21 dicembre 2014, dalle 11.00 alle 18.00, presso l\u2019Auditorium Comunale \u201cE. Venier\u201d sito in Via Roma 40 a Pasian di Prato.<\/p>\n<p>I risultati delle audizioni verranno pubblicati sul sito www.bandapassons.it a partire da marted\u00ec 23 dicembre.<\/p>\n<p>Ai solisti selezionati verr\u00e0 consegnata la parte da solista entro il 7 gennaio 2015.<\/p>\n<h2>Art. 7<\/h2>\n<p>Il premio per i vincitori consiste nell\u2019esibizione in qualit\u00e0 di solisti, accompagnati dall\u2019orchestra a fiati, in un concerto che si terr\u00e0 sabato 28 marzo 2015 presso l\u2019Auditorium \u201cA. Zanon\u201d di Udine.<\/p>\n<p>I solisti selezionati riceveranno inoltre una borsa di studio per un master nel proprio strumento organizzato dalla Scuola di Musica di Passons, nei mesi di ottobre e novembre 2015.<\/p>\n<p>In occasione del concerto tutti i partecipanti riceveranno un attestato di partecipazione.<\/p>\n<h2>Art. 8<\/h2>\n<p>Ogni partecipante dovr\u00e0 compilare la scheda di iscrizione al concorso pubblicata sul sito www.bandapassons.it: la scheda telematica sar\u00e0 attiva a partire da luned\u00ec 13 ottobre 2014.<\/p>\n<p>Il termine ultimo nel quale far pervenire la propria adesione \u00e8 fissato al 7 dicembre 2014. Il calendario delle audizioni verr\u00e0 pubblicato venerd\u00ec 12 dicembre sul sito www.bandapassons.it.<\/p>\n<p>L\u2019iscrizione verr\u00e0 considerata definitiva a seguito del versamento, tramite bonifico bancario, della quota di iscrizione fissata a Euro 25,00=, sul conto corrente bancario intestato a:<\/p>\n<p>GRUPPO FOLKLORISTICO DI PASSONS<br \/>\nBANCA DI UDINE<br \/>\nIT 09 U 08715 12305 000000711075<br \/>\nFiliale di Viale Leonardo da Vinci &#8211; Udine<\/p>\n<p>specificando nella causale: SOLISTI E BANDA 2015 &#8211; NOME E COGNOME del partecipante.<\/p>\n<h2>Art. 9<\/h2>\n<p>Il Comitato organizzatore non \u00e8 responsabile di eventuali danni derivati da incidenti a persone o cose, sia durante il viaggio che durante il periodo di permanenza, per tutta la durata del Concorso.<\/p>\n<h2>Art. 10<\/h2>\n<p>Le spese di vitto, alloggio e viaggio saranno integralmente a carico dei partecipanti<\/p>\n<h2>Art. 11<\/h2>\n<p>L\u2019adesione al Concorso implica la totale accettazione del presente regolamento<\/p>\n<h2>Informazioni<\/h2>\n<p>Per eventuali informazioni contattare il Direttore della Banda Musicale di Passons Andrea Picogna (<a href=\"mailto:andreapic83@gmail.com\">andreapic83@gmail.com<\/a>) oppure il Direttore della Scuola di Musica di Passons Chiara Vidoni (<a href=\"mailto:chvidoni@gmail.com\">chvidoni@gmail.com<\/a>)<\/p>\n<p><!--:--><\/p>\n","protected":false},"excerpt":{"rendered":"<p>CONCORSO La Scuola di Musica di Passons, in collaborazione con il Comune di Pasian di Prato, la Banda Musicale di<\/p>\n","protected":false},"author":1,"featured_media":1188,"parent":205,"menu_order":0,"comment_status":"closed","ping_status":"closed","template":"page-banda.php","meta":{"_monsterinsights_skip_tracking":false,"_monsterinsights_sitenote_active":false,"_monsterinsights_sitenote_note":"","_monsterinsights_sitenote_category":0,"footnotes":""},"class_list":["post-1182","page","type-page","status-publish","has-post-thumbnail","hentry"],"yoast_head":"<!-- This site is optimized with the Yoast SEO plugin v27.4 - https:\/\/yoast.com\/product\/yoast-seo-wordpress\/ -->\n<title>Regolamento IV edizione - Gruppo Folkloristico Passons - APS<\/title>\n<meta name=\"robots\" content=\"index, follow, max-snippet:-1, max-image-preview:large, max-video-preview:-1\" \/>\n<link rel=\"canonical\" href=\"https:\/\/bandapassons.it\/gfp\/banda\/solisti-e-banda\/regolamento-iv-edizione\/\" \/>\n<meta property=\"og:locale\" content=\"it_IT\" \/>\n<meta property=\"og:type\" content=\"article\" \/>\n<meta property=\"og:title\" content=\"Regolamento IV edizione - Gruppo Folkloristico Passons - APS\" \/>\n<meta property=\"og:description\" content=\"CONCORSO La Scuola di Musica di Passons, in collaborazione con il Comune di Pasian di Prato, la Banda Musicale di\" \/>\n<meta property=\"og:url\" content=\"https:\/\/bandapassons.it\/gfp\/banda\/solisti-e-banda\/regolamento-iv-edizione\/\" \/>\n<meta property=\"og:site_name\" content=\"Gruppo Folkloristico Passons - APS\" \/>\n<meta name=\"twitter:card\" content=\"summary_large_image\" \/>\n<meta name=\"twitter:label1\" content=\"Tempo di lettura stimato\" \/>\n\t<meta name=\"twitter:data1\" content=\"3 minuti\" \/>\n<script type=\"application\/ld+json\" class=\"yoast-schema-graph\">{\"@context\":\"https:\\\/\\\/schema.org\",\"@graph\":[{\"@type\":\"WebPage\",\"@id\":\"https:\\\/\\\/bandapassons.it\\\/gfp\\\/banda\\\/solisti-e-banda\\\/regolamento-iv-edizione\\\/\",\"url\":\"https:\\\/\\\/bandapassons.it\\\/gfp\\\/banda\\\/solisti-e-banda\\\/regolamento-iv-edizione\\\/\",\"name\":\"Regolamento IV edizione - Gruppo Folkloristico Passons - APS\",\"isPartOf\":{\"@id\":\"https:\\\/\\\/bandapassons.it\\\/gfp\\\/#website\"},\"primaryImageOfPage\":{\"@id\":\"https:\\\/\\\/bandapassons.it\\\/gfp\\\/banda\\\/solisti-e-banda\\\/regolamento-iv-edizione\\\/#primaryimage\"},\"image\":{\"@id\":\"https:\\\/\\\/bandapassons.it\\\/gfp\\\/banda\\\/solisti-e-banda\\\/regolamento-iv-edizione\\\/#primaryimage\"},\"thumbnailUrl\":\"\",\"datePublished\":\"2014-10-15T10:45:56+00:00\",\"breadcrumb\":{\"@id\":\"https:\\\/\\\/bandapassons.it\\\/gfp\\\/banda\\\/solisti-e-banda\\\/regolamento-iv-edizione\\\/#breadcrumb\"},\"inLanguage\":\"it-IT\",\"potentialAction\":[{\"@type\":\"ReadAction\",\"target\":[\"https:\\\/\\\/bandapassons.it\\\/gfp\\\/banda\\\/solisti-e-banda\\\/regolamento-iv-edizione\\\/\"]}]},{\"@type\":\"ImageObject\",\"inLanguage\":\"it-IT\",\"@id\":\"https:\\\/\\\/bandapassons.it\\\/gfp\\\/banda\\\/solisti-e-banda\\\/regolamento-iv-edizione\\\/#primaryimage\",\"url\":\"\",\"contentUrl\":\"\"},{\"@type\":\"BreadcrumbList\",\"@id\":\"https:\\\/\\\/bandapassons.it\\\/gfp\\\/banda\\\/solisti-e-banda\\\/regolamento-iv-edizione\\\/#breadcrumb\",\"itemListElement\":[{\"@type\":\"ListItem\",\"position\":1,\"name\":\"Home\",\"item\":\"https:\\\/\\\/bandapassons.it\\\/gfp\\\/\"},{\"@type\":\"ListItem\",\"position\":2,\"name\":\"La banda musicale\",\"item\":\"https:\\\/\\\/bandapassons.it\\\/gfp\\\/banda\\\/\"},{\"@type\":\"ListItem\",\"position\":3,\"name\":\"Solisti e Banda\",\"item\":\"https:\\\/\\\/bandapassons.it\\\/gfp\\\/banda\\\/solisti-e-banda\\\/\"},{\"@type\":\"ListItem\",\"position\":4,\"name\":\"Regolamento IV edizione\"}]},{\"@type\":\"WebSite\",\"@id\":\"https:\\\/\\\/bandapassons.it\\\/gfp\\\/#website\",\"url\":\"https:\\\/\\\/bandapassons.it\\\/gfp\\\/\",\"name\":\"Gruppo Folkloristico Passons - APS\",\"description\":\"Scuola di Musica ~ Banda Musicale ~ Balletto Folkloristico ~ Allegre con Brio\",\"potentialAction\":[{\"@type\":\"SearchAction\",\"target\":{\"@type\":\"EntryPoint\",\"urlTemplate\":\"https:\\\/\\\/bandapassons.it\\\/gfp\\\/?s={search_term_string}\"},\"query-input\":{\"@type\":\"PropertyValueSpecification\",\"valueRequired\":true,\"valueName\":\"search_term_string\"}}],\"inLanguage\":\"it-IT\"}]}<\/script>\n<!-- \/ Yoast SEO plugin. -->","yoast_head_json":{"title":"Regolamento IV edizione - Gruppo Folkloristico Passons - APS","robots":{"index":"index","follow":"follow","max-snippet":"max-snippet:-1","max-image-preview":"max-image-preview:large","max-video-preview":"max-video-preview:-1"},"canonical":"https:\/\/bandapassons.it\/gfp\/banda\/solisti-e-banda\/regolamento-iv-edizione\/","og_locale":"it_IT","og_type":"article","og_title":"Regolamento IV edizione - Gruppo Folkloristico Passons - APS","og_description":"CONCORSO La Scuola di Musica di Passons, in collaborazione con il Comune di Pasian di Prato, la Banda Musicale di","og_url":"https:\/\/bandapassons.it\/gfp\/banda\/solisti-e-banda\/regolamento-iv-edizione\/","og_site_name":"Gruppo Folkloristico Passons - APS","twitter_card":"summary_large_image","twitter_misc":{"Tempo di lettura stimato":"3 minuti"},"schema":{"@context":"https:\/\/schema.org","@graph":[{"@type":"WebPage","@id":"https:\/\/bandapassons.it\/gfp\/banda\/solisti-e-banda\/regolamento-iv-edizione\/","url":"https:\/\/bandapassons.it\/gfp\/banda\/solisti-e-banda\/regolamento-iv-edizione\/","name":"Regolamento IV edizione - Gruppo Folkloristico Passons - APS","isPartOf":{"@id":"https:\/\/bandapassons.it\/gfp\/#website"},"primaryImageOfPage":{"@id":"https:\/\/bandapassons.it\/gfp\/banda\/solisti-e-banda\/regolamento-iv-edizione\/#primaryimage"},"image":{"@id":"https:\/\/bandapassons.it\/gfp\/banda\/solisti-e-banda\/regolamento-iv-edizione\/#primaryimage"},"thumbnailUrl":"","datePublished":"2014-10-15T10:45:56+00:00","breadcrumb":{"@id":"https:\/\/bandapassons.it\/gfp\/banda\/solisti-e-banda\/regolamento-iv-edizione\/#breadcrumb"},"inLanguage":"it-IT","potentialAction":[{"@type":"ReadAction","target":["https:\/\/bandapassons.it\/gfp\/banda\/solisti-e-banda\/regolamento-iv-edizione\/"]}]},{"@type":"ImageObject","inLanguage":"it-IT","@id":"https:\/\/bandapassons.it\/gfp\/banda\/solisti-e-banda\/regolamento-iv-edizione\/#primaryimage","url":"","contentUrl":""},{"@type":"BreadcrumbList","@id":"https:\/\/bandapassons.it\/gfp\/banda\/solisti-e-banda\/regolamento-iv-edizione\/#breadcrumb","itemListElement":[{"@type":"ListItem","position":1,"name":"Home","item":"https:\/\/bandapassons.it\/gfp\/"},{"@type":"ListItem","position":2,"name":"La banda musicale","item":"https:\/\/bandapassons.it\/gfp\/banda\/"},{"@type":"ListItem","position":3,"name":"Solisti e Banda","item":"https:\/\/bandapassons.it\/gfp\/banda\/solisti-e-banda\/"},{"@type":"ListItem","position":4,"name":"Regolamento IV edizione"}]},{"@type":"WebSite","@id":"https:\/\/bandapassons.it\/gfp\/#website","url":"https:\/\/bandapassons.it\/gfp\/","name":"Gruppo Folkloristico Passons - APS","description":"Scuola di Musica ~ Banda Musicale ~ Balletto Folkloristico ~ Allegre con Brio","potentialAction":[{"@type":"SearchAction","target":{"@type":"EntryPoint","urlTemplate":"https:\/\/bandapassons.it\/gfp\/?s={search_term_string}"},"query-input":{"@type":"PropertyValueSpecification","valueRequired":true,"valueName":"search_term_string"}}],"inLanguage":"it-IT"}]}},"_links":{"self":[{"href":"https:\/\/bandapassons.it\/gfp\/wp-json\/wp\/v2\/pages\/1182","targetHints":{"allow":["GET"]}}],"collection":[{"href":"https:\/\/bandapassons.it\/gfp\/wp-json\/wp\/v2\/pages"}],"about":[{"href":"https:\/\/bandapassons.it\/gfp\/wp-json\/wp\/v2\/types\/page"}],"author":[{"embeddable":true,"href":"https:\/\/bandapassons.it\/gfp\/wp-json\/wp\/v2\/users\/1"}],"replies":[{"embeddable":true,"href":"https:\/\/bandapassons.it\/gfp\/wp-json\/wp\/v2\/comments?post=1182"}],"version-history":[{"count":0,"href":"https:\/\/bandapassons.it\/gfp\/wp-json\/wp\/v2\/pages\/1182\/revisions"}],"up":[{"embeddable":true,"href":"https:\/\/bandapassons.it\/gfp\/wp-json\/wp\/v2\/pages\/205"}],"wp:featuredmedia":[{"embeddable":true,"href":"https:\/\/bandapassons.it\/gfp\/wp-json\/"}],"wp:attachment":[{"href":"https:\/\/bandapassons.it\/gfp\/wp-json\/wp\/v2\/media?parent=1182"}],"curies":[{"name":"wp","href":"https:\/\/api.w.org\/{rel}","templated":true}]}}