{"id":16,"date":"2011-04-25T16:43:11","date_gmt":"2011-04-25T15:43:11","guid":{"rendered":"http:\/\/localhost\/~davidemodotto\/bandapassons\/2011\/?page_id=16"},"modified":"2019-06-30T15:23:39","modified_gmt":"2019-06-30T13:23:39","slug":"banda","status":"publish","type":"page","link":"https:\/\/bandapassons.it\/gfp\/banda\/","title":{"rendered":"La banda musicale"},"content":{"rendered":"<p><!--:it--><\/p>\n<h1 class=\"entry-title\">\u00a0<a style=\"font-size: 16px;\" href=\"http:\/\/bandapassons.it\/gfp\/xi-concorso-bandistico-internazionale-di-bertiolo-primi\/banda_bertiolo2014\/\" rel=\"attachment wp-att-1002\"><img loading=\"lazy\" decoding=\"async\" class=\"wp-image-1002 aligncenter\" src=\"http:\/\/bandapassons.it\/gfp\/wp-content\/uploads\/2014\/05\/banda_bertiolo2014-1024x680.jpg\" alt=\"Banda di Passons a Bertiolo il 25 maggio 2014\" width=\"850\" height=\"565\" \/><\/a><\/h1>\n<p>Banda di Passons a Bertiolo il 25 maggio 2014<\/p>\n<div id=\"attachment_1390\" style=\"width: 260px\" class=\"wp-caption alignleft\"><img loading=\"lazy\" decoding=\"async\" aria-describedby=\"caption-attachment-1390\" class=\"wp-image-1390\" src=\"http:\/\/bandapassons.it\/gfp\/wp-content\/uploads\/2011\/04\/facebook_1422887979925.jpg\" alt=\"Banda Musicale di Passons (UD)\" width=\"250\" height=\"298\" \/><p id=\"caption-attachment-1390\" class=\"wp-caption-text\">Logo della Banda Musicale di Passons (UD)<\/p><\/div>\n<p>L\u2019attivit\u00e0 bandistica a Passons ha origini centenarie: una banda, con il nome di \u201cSociet\u00e0 Filarmonica\u201d, fu istituita nel lontano 1901 ed ebbe alterne fortune. Fu sostenuta da maestri di grande valore, ma oper\u00f2 in modo discontinuo, intervallando periodi di grandi attivit\u00e0 a periodi di stasi.<br \/>\nDal 1968, in particolare, \u00e8 mancato un complesso stabile fino al 1982 quando, per merito di Don Diego Morocutti \u00e8 nata la \u201cFanfara\u201d, composta da ragazzi e ragazze che sotto la sua guida, spinti da grande entusiasmo e volont\u00e0 di apprendere, hanno mosso i primi passi nel mondo della musica.<br \/>\nNel 1984 la Fanfara si \u00e8 costituita in societ\u00e0 assumendo la denominazione di \u201cGruppo Folkloristico di Passons\u201d ed \u00e8 stata affiancata da un gruppo di danza folkloristica fino al 1987. Dal 1990 la Fanfara si \u00e8 trasformata in Banda.<br \/>\nI direttori della Banda Musicale di Passons sono stati: Don Diego Morocutti dalla fondazione al 1986, Loris Bianchi dal 1986 al 1990, Vanni Andreussi dal 1990 al 1995, e Franco Brusini dal 1995 al 2011.<\/p>\n<p>&nbsp;<\/p>\n<p>Attualmente la Banda \u00e8 composta da circa 35 strumentisti ed \u00e8 diretta da settembre 2011 dal Maestro Andrea Picogna. La Banda propone un repertorio musicale composto per lo pi\u00f9 da musiche originali di compositori europei ed americani.<br \/>\nSi segnalano la partecipazione al concorso internazionale IMT 2003 di Vocklabruck in Austria, in formazione congiunta alla Filarmonica \u201cCitt\u00e0 di Spilimbergo\u201d, dove la Banda ha ottenuto il secondo posto per la propria categoria, e la tournee in Russia nell\u2019estate 2004, assieme all\u2019Orchestra a Fiati \u201cEuritmia\u201d di Povoletto, durante la quale si \u00e8 esibita in concerto a S. Pietroburgo e a Smolensk.<\/p>\n<p>La banda ha partecipato a numerose edizioni del Concorso Bandistico Internazionale di Bertiolo, nel 2007 al Concorso \u201cLa Bacchetta d\u2019Oro\u201d di Fiuggi (FR), nel 2009 al concorso \u201cFlicorno D\u2019Oro\u201d di Riva Del Garda (TN).<br \/>\nNel 2014 ha partecipato al Concorso Nazionale del Friuli Venezia Giulia organizzato a Bertiolo, ottenendo il migliore piazzamento nella categoria di appartenenza.<\/p>\n<p>La Banda Musicale di Passons \u00e8 gemellata con: Corale della Valle Sacra &#8211; Castellamonte (TO) [1995], Nuova Filarmonica Ghemmese di Ghemme (NO) [1997], Banda Musicale e Majorettes di Pianello Vallesina (AN) [1999 e 2011], Banda Alpina di Castelnuovo Nigra (TO) [2000],\u00a0 Banda Musicale di Sarsina (FC) [2002], \u00a0Banda Musicale di Polverigi (AN) [2014].<\/p>\n<p>&nbsp;<\/p>\n<div id=\"attachment_1388\" style=\"width: 860px\" class=\"wp-caption aligncenter\"><a href=\"http:\/\/bandapassons.it\/gfp\/banda\/banda-loreto-2014\/\" rel=\"attachment wp-att-1388\"><img loading=\"lazy\" decoding=\"async\" aria-describedby=\"caption-attachment-1388\" class=\"wp-image-1388\" src=\"http:\/\/bandapassons.it\/gfp\/wp-content\/uploads\/2011\/04\/Banda-Loreto-2014-1024x680.jpg\" alt=\"La Banda Musicale di Passons a Loreto (AN) in luglio 2014 al termine del Gemellaggio con la Banda Musicale di Polverigi.\" width=\"850\" height=\"565\" \/><\/a><p id=\"caption-attachment-1388\" class=\"wp-caption-text\">La Banda Musicale di Passons a Loreto (AN) in luglio 2014 al termine del Gemellaggio con la Banda Musicale di Polverigi.<\/p><\/div>\n<p><!--:--><!--:en--><\/p>\n<p><!--:--><\/p>\n<p>&nbsp;<\/p>\n","protected":false},"excerpt":{"rendered":"<p>\u00a0 Banda di Passons a Bertiolo il 25 maggio 2014 L\u2019attivit\u00e0 bandistica a Passons ha origini centenarie: una banda, con<\/p>\n","protected":false},"author":1,"featured_media":0,"parent":0,"menu_order":0,"comment_status":"closed","ping_status":"closed","template":"","meta":{"_monsterinsights_skip_tracking":false,"_monsterinsights_sitenote_active":false,"_monsterinsights_sitenote_note":"","_monsterinsights_sitenote_category":0,"footnotes":""},"class_list":["post-16","page","type-page","status-publish","hentry"],"yoast_head":"<!-- This site is optimized with the Yoast SEO plugin v27.6 - https:\/\/yoast.com\/product\/yoast-seo-wordpress\/ -->\n<title>La banda musicale - Gruppo Folkloristico Passons - APS<\/title>\n<meta name=\"robots\" content=\"index, follow, max-snippet:-1, max-image-preview:large, max-video-preview:-1\" \/>\n<link rel=\"canonical\" href=\"https:\/\/bandapassons.it\/gfp\/banda\/\" \/>\n<meta property=\"og:locale\" content=\"it_IT\" \/>\n<meta property=\"og:type\" content=\"article\" \/>\n<meta property=\"og:title\" content=\"La banda musicale - Gruppo Folkloristico Passons - APS\" \/>\n<meta property=\"og:description\" content=\"\u00a0 Banda di Passons a Bertiolo il 25 maggio 2014 L\u2019attivit\u00e0 bandistica a Passons ha origini centenarie: una banda, con\" \/>\n<meta property=\"og:url\" content=\"https:\/\/bandapassons.it\/gfp\/banda\/\" \/>\n<meta property=\"og:site_name\" content=\"Gruppo Folkloristico Passons - APS\" \/>\n<meta property=\"article:modified_time\" content=\"2019-06-30T13:23:39+00:00\" \/>\n<meta property=\"og:image\" content=\"http:\/\/bandapassons.it\/gfp\/wp-content\/uploads\/2014\/05\/banda_bertiolo2014-1024x680.jpg\" \/>\n<meta name=\"twitter:card\" content=\"summary_large_image\" \/>\n<meta name=\"twitter:label1\" content=\"Tempo di lettura stimato\" \/>\n\t<meta name=\"twitter:data1\" content=\"2 minuti\" \/>\n<script type=\"application\/ld+json\" class=\"yoast-schema-graph\">{\"@context\":\"https:\\\/\\\/schema.org\",\"@graph\":[{\"@type\":\"WebPage\",\"@id\":\"https:\\\/\\\/bandapassons.it\\\/gfp\\\/banda\\\/\",\"url\":\"https:\\\/\\\/bandapassons.it\\\/gfp\\\/banda\\\/\",\"name\":\"La banda musicale - Gruppo Folkloristico Passons - APS\",\"isPartOf\":{\"@id\":\"https:\\\/\\\/bandapassons.it\\\/gfp\\\/#website\"},\"primaryImageOfPage\":{\"@id\":\"https:\\\/\\\/bandapassons.it\\\/gfp\\\/banda\\\/#primaryimage\"},\"image\":{\"@id\":\"https:\\\/\\\/bandapassons.it\\\/gfp\\\/banda\\\/#primaryimage\"},\"thumbnailUrl\":\"http:\\\/\\\/bandapassons.it\\\/gfp\\\/wp-content\\\/uploads\\\/2014\\\/05\\\/banda_bertiolo2014-1024x680.jpg\",\"datePublished\":\"2011-04-25T15:43:11+00:00\",\"dateModified\":\"2019-06-30T13:23:39+00:00\",\"breadcrumb\":{\"@id\":\"https:\\\/\\\/bandapassons.it\\\/gfp\\\/banda\\\/#breadcrumb\"},\"inLanguage\":\"it-IT\",\"potentialAction\":[{\"@type\":\"ReadAction\",\"target\":[\"https:\\\/\\\/bandapassons.it\\\/gfp\\\/banda\\\/\"]}]},{\"@type\":\"ImageObject\",\"inLanguage\":\"it-IT\",\"@id\":\"https:\\\/\\\/bandapassons.it\\\/gfp\\\/banda\\\/#primaryimage\",\"url\":\"http:\\\/\\\/bandapassons.it\\\/gfp\\\/wp-content\\\/uploads\\\/2014\\\/05\\\/banda_bertiolo2014-1024x680.jpg\",\"contentUrl\":\"http:\\\/\\\/bandapassons.it\\\/gfp\\\/wp-content\\\/uploads\\\/2014\\\/05\\\/banda_bertiolo2014-1024x680.jpg\"},{\"@type\":\"BreadcrumbList\",\"@id\":\"https:\\\/\\\/bandapassons.it\\\/gfp\\\/banda\\\/#breadcrumb\",\"itemListElement\":[{\"@type\":\"ListItem\",\"position\":1,\"name\":\"Home\",\"item\":\"https:\\\/\\\/bandapassons.it\\\/gfp\\\/\"},{\"@type\":\"ListItem\",\"position\":2,\"name\":\"La banda musicale\"}]},{\"@type\":\"WebSite\",\"@id\":\"https:\\\/\\\/bandapassons.it\\\/gfp\\\/#website\",\"url\":\"https:\\\/\\\/bandapassons.it\\\/gfp\\\/\",\"name\":\"Gruppo Folkloristico Passons - APS\",\"description\":\"Scuola di Musica ~ Banda Musicale ~ Balletto Folkloristico ~ Allegre con Brio\",\"potentialAction\":[{\"@type\":\"SearchAction\",\"target\":{\"@type\":\"EntryPoint\",\"urlTemplate\":\"https:\\\/\\\/bandapassons.it\\\/gfp\\\/?s={search_term_string}\"},\"query-input\":{\"@type\":\"PropertyValueSpecification\",\"valueRequired\":true,\"valueName\":\"search_term_string\"}}],\"inLanguage\":\"it-IT\"}]}<\/script>\n<!-- \/ Yoast SEO plugin. -->","yoast_head_json":{"title":"La banda musicale - Gruppo Folkloristico Passons - APS","robots":{"index":"index","follow":"follow","max-snippet":"max-snippet:-1","max-image-preview":"max-image-preview:large","max-video-preview":"max-video-preview:-1"},"canonical":"https:\/\/bandapassons.it\/gfp\/banda\/","og_locale":"it_IT","og_type":"article","og_title":"La banda musicale - Gruppo Folkloristico Passons - APS","og_description":"\u00a0 Banda di Passons a Bertiolo il 25 maggio 2014 L\u2019attivit\u00e0 bandistica a Passons ha origini centenarie: una banda, con","og_url":"https:\/\/bandapassons.it\/gfp\/banda\/","og_site_name":"Gruppo Folkloristico Passons - APS","article_modified_time":"2019-06-30T13:23:39+00:00","og_image":[{"url":"http:\/\/bandapassons.it\/gfp\/wp-content\/uploads\/2014\/05\/banda_bertiolo2014-1024x680.jpg","type":"","width":"","height":""}],"twitter_card":"summary_large_image","twitter_misc":{"Tempo di lettura stimato":"2 minuti"},"schema":{"@context":"https:\/\/schema.org","@graph":[{"@type":"WebPage","@id":"https:\/\/bandapassons.it\/gfp\/banda\/","url":"https:\/\/bandapassons.it\/gfp\/banda\/","name":"La banda musicale - Gruppo Folkloristico Passons - APS","isPartOf":{"@id":"https:\/\/bandapassons.it\/gfp\/#website"},"primaryImageOfPage":{"@id":"https:\/\/bandapassons.it\/gfp\/banda\/#primaryimage"},"image":{"@id":"https:\/\/bandapassons.it\/gfp\/banda\/#primaryimage"},"thumbnailUrl":"http:\/\/bandapassons.it\/gfp\/wp-content\/uploads\/2014\/05\/banda_bertiolo2014-1024x680.jpg","datePublished":"2011-04-25T15:43:11+00:00","dateModified":"2019-06-30T13:23:39+00:00","breadcrumb":{"@id":"https:\/\/bandapassons.it\/gfp\/banda\/#breadcrumb"},"inLanguage":"it-IT","potentialAction":[{"@type":"ReadAction","target":["https:\/\/bandapassons.it\/gfp\/banda\/"]}]},{"@type":"ImageObject","inLanguage":"it-IT","@id":"https:\/\/bandapassons.it\/gfp\/banda\/#primaryimage","url":"http:\/\/bandapassons.it\/gfp\/wp-content\/uploads\/2014\/05\/banda_bertiolo2014-1024x680.jpg","contentUrl":"http:\/\/bandapassons.it\/gfp\/wp-content\/uploads\/2014\/05\/banda_bertiolo2014-1024x680.jpg"},{"@type":"BreadcrumbList","@id":"https:\/\/bandapassons.it\/gfp\/banda\/#breadcrumb","itemListElement":[{"@type":"ListItem","position":1,"name":"Home","item":"https:\/\/bandapassons.it\/gfp\/"},{"@type":"ListItem","position":2,"name":"La banda musicale"}]},{"@type":"WebSite","@id":"https:\/\/bandapassons.it\/gfp\/#website","url":"https:\/\/bandapassons.it\/gfp\/","name":"Gruppo Folkloristico Passons - APS","description":"Scuola di Musica ~ Banda Musicale ~ Balletto Folkloristico ~ Allegre con Brio","potentialAction":[{"@type":"SearchAction","target":{"@type":"EntryPoint","urlTemplate":"https:\/\/bandapassons.it\/gfp\/?s={search_term_string}"},"query-input":{"@type":"PropertyValueSpecification","valueRequired":true,"valueName":"search_term_string"}}],"inLanguage":"it-IT"}]}},"_links":{"self":[{"href":"https:\/\/bandapassons.it\/gfp\/wp-json\/wp\/v2\/pages\/16","targetHints":{"allow":["GET"]}}],"collection":[{"href":"https:\/\/bandapassons.it\/gfp\/wp-json\/wp\/v2\/pages"}],"about":[{"href":"https:\/\/bandapassons.it\/gfp\/wp-json\/wp\/v2\/types\/page"}],"author":[{"embeddable":true,"href":"https:\/\/bandapassons.it\/gfp\/wp-json\/wp\/v2\/users\/1"}],"replies":[{"embeddable":true,"href":"https:\/\/bandapassons.it\/gfp\/wp-json\/wp\/v2\/comments?post=16"}],"version-history":[{"count":6,"href":"https:\/\/bandapassons.it\/gfp\/wp-json\/wp\/v2\/pages\/16\/revisions"}],"predecessor-version":[{"id":3689,"href":"https:\/\/bandapassons.it\/gfp\/wp-json\/wp\/v2\/pages\/16\/revisions\/3689"}],"wp:attachment":[{"href":"https:\/\/bandapassons.it\/gfp\/wp-json\/wp\/v2\/media?parent=16"}],"curies":[{"name":"wp","href":"https:\/\/api.w.org\/{rel}","templated":true}]}}