{"id":20281,"date":"2020-06-21T00:33:53","date_gmt":"2020-06-20T22:33:53","guid":{"rendered":"http:\/\/bandapassons.it\/gfp\/?page_id=20281"},"modified":"2020-08-21T23:42:48","modified_gmt":"2020-08-21T21:42:48","slug":"passons-songs-2020","status":"publish","type":"page","link":"https:\/\/bandapassons.it\/gfp\/scuola\/passons-songs-2020\/","title":{"rendered":"Passons &#038; Songs 2020"},"content":{"rendered":"<p>[vc_row][vc_column][vc_column_text]\n<div id=\"rev_slider_20_1_wrapper\" class=\"rev_slider_wrapper fullwidthbanner-container\" data-source=\"gallery\" style=\"margin:0px auto;background:transparent;padding:0px;margin-top:0px;margin-bottom:0px;\">\n<!-- START REVOLUTION SLIDER 5.4.6.4 fullwidth mode -->\n\t<div id=\"rev_slider_20_1\" class=\"rev_slider fullwidthabanner\" style=\"display:none;\" data-version=\"5.4.6.4\">\n<ul>\t<!-- SLIDE  -->\n\t<li data-index=\"rs-51\" data-transition=\"fade\" data-slotamount=\"default\" data-hideafterloop=\"0\" data-hideslideonmobile=\"off\"  data-easein=\"default\" data-easeout=\"default\" data-masterspeed=\"150\"  data-thumb=\"https:\/\/bandapassons.it\/gfp\/wp-content\/uploads\/2020\/06\/pas1-100x50.jpg\"  data-rotate=\"0\"  data-fstransition=\"fade\" data-fsmasterspeed=\"1500\" data-fsslotamount=\"7\" data-saveperformance=\"off\"  data-title=\"Slide\" data-param1=\"Passons &amp; \" data-param2=\"\" data-param3=\"\" data-param4=\"\" data-param5=\"\" data-param6=\"\" data-param7=\"\" data-param8=\"\" data-param9=\"\" data-param10=\"\" data-description=\"\">\n\t\t<!-- MAIN IMAGE -->\n\t\t<img loading=\"lazy\" decoding=\"async\" src=\"https:\/\/bandapassons.it\/gfp\/wp-content\/plugins\/revslider\/admin\/assets\/images\/dummy.png\"  alt=\"\" title=\"pas1\"  width=\"2048\" height=\"1301\" data-lazyload=\"https:\/\/bandapassons.it\/gfp\/wp-content\/uploads\/2020\/06\/pas1.jpg\" data-bgposition=\"center center\" data-bgfit=\"cover\" data-bgrepeat=\"no-repeat\" data-bgparallax=\"off\" class=\"rev-slidebg\" data-no-retina>\n\t\t<!-- LAYERS -->\n\t<\/li>\n\t<!-- SLIDE  -->\n\t<li data-index=\"rs-53\" data-transition=\"fade\" data-slotamount=\"default\" data-hideafterloop=\"0\" data-hideslideonmobile=\"off\"  data-easein=\"default\" data-easeout=\"default\" data-masterspeed=\"150\"  data-thumb=\"https:\/\/bandapassons.it\/gfp\/wp-content\/uploads\/2020\/06\/pas2-100x50.jpg\"  data-rotate=\"0\"  data-saveperformance=\"off\"  data-title=\"Slide\" data-param1=\"\" data-param2=\"\" data-param3=\"\" data-param4=\"\" data-param5=\"\" data-param6=\"\" data-param7=\"\" data-param8=\"\" data-param9=\"\" data-param10=\"\" data-description=\"\">\n\t\t<!-- MAIN IMAGE -->\n\t\t<img loading=\"lazy\" decoding=\"async\" src=\"https:\/\/bandapassons.it\/gfp\/wp-content\/plugins\/revslider\/admin\/assets\/images\/dummy.png\"  alt=\"\" title=\"pas2\"  width=\"2048\" height=\"1313\" data-lazyload=\"https:\/\/bandapassons.it\/gfp\/wp-content\/uploads\/2020\/06\/pas2.jpg\" data-bgposition=\"center center\" data-bgfit=\"cover\" data-bgrepeat=\"no-repeat\" data-bgparallax=\"off\" class=\"rev-slidebg\" data-no-retina>\n\t\t<!-- LAYERS -->\n\t<\/li>\n\t<!-- SLIDE  -->\n\t<li data-index=\"rs-54\" data-transition=\"fade\" data-slotamount=\"default\" data-hideafterloop=\"0\" data-hideslideonmobile=\"off\"  data-easein=\"default\" data-easeout=\"default\" data-masterspeed=\"150\"  data-thumb=\"https:\/\/bandapassons.it\/gfp\/wp-content\/uploads\/2020\/06\/pas3-100x50.jpg\"  data-rotate=\"0\"  data-saveperformance=\"off\"  data-title=\"Slide\" data-param1=\"\" data-param2=\"\" data-param3=\"\" data-param4=\"\" data-param5=\"\" data-param6=\"\" data-param7=\"\" data-param8=\"\" data-param9=\"\" data-param10=\"\" data-description=\"\">\n\t\t<!-- MAIN IMAGE -->\n\t\t<img loading=\"lazy\" decoding=\"async\" src=\"https:\/\/bandapassons.it\/gfp\/wp-content\/plugins\/revslider\/admin\/assets\/images\/dummy.png\"  alt=\"\" title=\"pas3\"  width=\"2048\" height=\"1386\" data-lazyload=\"https:\/\/bandapassons.it\/gfp\/wp-content\/uploads\/2020\/06\/pas3.jpg\" data-bgposition=\"center center\" data-bgfit=\"cover\" data-bgrepeat=\"no-repeat\" data-bgparallax=\"off\" class=\"rev-slidebg\" data-no-retina>\n\t\t<!-- LAYERS -->\n\t<\/li>\n\t<!-- SLIDE  -->\n\t<li data-index=\"rs-55\" data-transition=\"fade\" data-slotamount=\"default\" data-hideafterloop=\"0\" data-hideslideonmobile=\"off\"  data-easein=\"default\" data-easeout=\"default\" data-masterspeed=\"150\"  data-thumb=\"https:\/\/bandapassons.it\/gfp\/wp-content\/uploads\/2020\/06\/pas4-100x50.jpg\"  data-rotate=\"0\"  data-saveperformance=\"off\"  data-title=\"Slide\" data-param1=\"\" data-param2=\"\" data-param3=\"\" data-param4=\"\" data-param5=\"\" data-param6=\"\" data-param7=\"\" data-param8=\"\" data-param9=\"\" data-param10=\"\" data-description=\"\">\n\t\t<!-- MAIN IMAGE -->\n\t\t<img loading=\"lazy\" decoding=\"async\" src=\"https:\/\/bandapassons.it\/gfp\/wp-content\/plugins\/revslider\/admin\/assets\/images\/dummy.png\"  alt=\"\" title=\"pas4\"  width=\"2048\" height=\"1338\" data-lazyload=\"https:\/\/bandapassons.it\/gfp\/wp-content\/uploads\/2020\/06\/pas4.jpg\" data-bgposition=\"center center\" data-bgfit=\"cover\" data-bgrepeat=\"no-repeat\" data-bgparallax=\"off\" class=\"rev-slidebg\" data-no-retina>\n\t\t<!-- LAYERS -->\n\t<\/li>\n\t<!-- SLIDE  -->\n\t<li data-index=\"rs-56\" data-transition=\"fade\" data-slotamount=\"default\" data-hideafterloop=\"0\" data-hideslideonmobile=\"off\"  data-easein=\"default\" data-easeout=\"default\" data-masterspeed=\"150\"  data-thumb=\"https:\/\/bandapassons.it\/gfp\/wp-content\/uploads\/2020\/06\/pas5-100x50.jpg\"  data-rotate=\"0\"  data-saveperformance=\"off\"  data-title=\"Slide\" data-param1=\"\" data-param2=\"\" data-param3=\"\" data-param4=\"\" data-param5=\"\" data-param6=\"\" data-param7=\"\" data-param8=\"\" data-param9=\"\" data-param10=\"\" data-description=\"\">\n\t\t<!-- MAIN IMAGE -->\n\t\t<img loading=\"lazy\" decoding=\"async\" src=\"https:\/\/bandapassons.it\/gfp\/wp-content\/plugins\/revslider\/admin\/assets\/images\/dummy.png\"  alt=\"\" title=\"pas5\"  width=\"2048\" height=\"1304\" data-lazyload=\"https:\/\/bandapassons.it\/gfp\/wp-content\/uploads\/2020\/06\/pas5.jpg\" data-bgposition=\"center center\" data-bgfit=\"cover\" data-bgrepeat=\"no-repeat\" data-bgparallax=\"off\" class=\"rev-slidebg\" data-no-retina>\n\t\t<!-- LAYERS -->\n\t<\/li>\n<\/ul>\n<script>var htmlDiv = document.getElementById(\"rs-plugin-settings-inline-css\"); var htmlDivCss=\"\";\r\n\t\t\t\t\t\tif(htmlDiv) {\r\n\t\t\t\t\t\t\thtmlDiv.innerHTML = htmlDiv.innerHTML + htmlDivCss;\r\n\t\t\t\t\t\t}else{\r\n\t\t\t\t\t\t\tvar htmlDiv = document.createElement(\"div\");\r\n\t\t\t\t\t\t\thtmlDiv.innerHTML = \"<style>\" + htmlDivCss + \"<\/style>\";\r\n\t\t\t\t\t\t\tdocument.getElementsByTagName(\"head\")[0].appendChild(htmlDiv.childNodes[0]);\r\n\t\t\t\t\t\t}\r\n\t\t\t\t\t<\/script>\n<div class=\"tp-bannertimer\" style=\"height: 5px; background: rgba(0,0,0,0.15);\"><\/div>\t<\/div>\n<script>var htmlDiv = document.getElementById(\"rs-plugin-settings-inline-css\"); var htmlDivCss=\"\";\r\n\t\t\t\tif(htmlDiv) {\r\n\t\t\t\t\thtmlDiv.innerHTML = htmlDiv.innerHTML + htmlDivCss;\r\n\t\t\t\t}else{\r\n\t\t\t\t\tvar htmlDiv = document.createElement(\"div\");\r\n\t\t\t\t\thtmlDiv.innerHTML = \"<style>\" + htmlDivCss + \"<\/style>\";\r\n\t\t\t\t\tdocument.getElementsByTagName(\"head\")[0].appendChild(htmlDiv.childNodes[0]);\r\n\t\t\t\t}\r\n\t\t\t<\/script>\n\t\t<script type=\"text\/javascript\">\r\nsetREVStartSize({c: jQuery('#rev_slider_20_1'), gridwidth: [600], gridheight: [600], sliderLayout: 'fullwidth'});\r\n\t\t\t\r\nvar revapi20,\r\n\ttpj=jQuery;\r\n\t\t\t\r\ntpj(document).ready(function() {\n\tif(tpj(\"#rev_slider_20_1\").revolution == undefined){\n\t\trevslider_showDoubleJqueryError(\"#rev_slider_20_1\");\n\t}else{\n\t\trevapi20 = tpj(\"#rev_slider_20_1\").show().revolution({\n\t\t\tsliderType:\"carousel\",\n\t\t\tjsFileLocation:\"\/\/bandapassons.it\/gfp\/wp-content\/plugins\/revslider\/public\/assets\/js\/\",\n\t\t\tsliderLayout:\"fullwidth\",\n\t\t\tdottedOverlay:\"none\",\n\t\t\tdelay:9000,\n\t\t\tnavigation: {\n\t\t\t\tkeyboardNavigation:\"off\",\n\t\t\t\tkeyboard_direction: \"horizontal\",\n\t\t\t\tmouseScrollNavigation:\"off\",\n \t\t\t\t\t\t\tmouseScrollReverse:\"default\",\n\t\t\t\tonHoverStop:\"off\",\n\t\t\t\ttouch:{\n\t\t\t\t\ttouchenabled:\"on\",\n\t\t\t\t\ttouchOnDesktop:\"off\",\n\t\t\t\t\tswipe_threshold: 75,\n\t\t\t\t\tswipe_min_touches: 50,\n\t\t\t\t\tswipe_direction: \"horizontal\",\n\t\t\t\t\tdrag_block_vertical: false\n\t\t\t\t}\n\t\t\t\t,\n\t\t\t\tarrows: {\n\t\t\t\t\tstyle:\"hesperiden\",\n\t\t\t\t\tenable:true,\n\t\t\t\t\thide_onmobile:false,\n\t\t\t\t\thide_onleave:false,\n\t\t\t\t\ttmp:'',\n\t\t\t\t\tleft: {\n\t\t\t\t\t\th_align:\"left\",\n\t\t\t\t\t\tv_align:\"center\",\n\t\t\t\t\t\th_offset:30,\n\t\t\t\t\t\tv_offset:0\n\t\t\t\t\t},\n\t\t\t\t\tright: {\n\t\t\t\t\t\th_align:\"right\",\n\t\t\t\t\t\tv_align:\"center\",\n\t\t\t\t\t\th_offset:30,\n\t\t\t\t\t\tv_offset:0\n\t\t\t\t\t}\n\t\t\t\t}\n\t\t\t},\n\t\t\tcarousel: {\n\t\t\t\tmaxRotation: 65,\n\t\t\t\tvary_rotation: \"on\",\n\t\t\t\tminScale: 55,\n\t\t\t\tvary_scale: \"off\",\n\t\t\t\thorizontal_align: \"center\",\n\t\t\t\tvertical_align: \"center\",\n\t\t\t\tfadeout: \"on\",\n\t\t\t\tvary_fade: \"on\",\n\t\t\t\tmaxVisibleItems: 3,\n\t\t\t\tinfinity: \"on\",\n\t\t\t\tspace: -150,\n\t\t\t\tstretch: \"off\",\n \t\t\t\t\t\t\tshowLayersAllTime: \"off\",\n \t\t\t\t\t\t\teasing: \"Power3.easeInOut\",\n \t\t\t\t\t\t\tspeed: \"800\"\n\t\t\t},\n\t\t\tvisibilityLevels:[1240,1024,778,480],\n\t\t\tgridwidth:600,\n\t\t\tgridheight:600,\n\t\t\tlazyType:\"smart\",\n\t\t\tparallax: {\n\t\t\t\ttype:\"mouse\",\n\t\t\t\torigo:\"slidercenter\",\n\t\t\t\tspeed:2000,\n\t\t\t\tspeedbg:0,\n\t\t\t\tspeedls:0,\n\t\t\t\tlevels:[2,3,4,5,6,7,12,16,10,50,47,48,49,50,51,55],\n\t\t\t},\n\t\t\tshadow:0,\n\t\t\tspinner:\"off\",\n\t\t\tstopLoop:\"on\",\n\t\t\tstopAfterLoops:0,\n\t\t\tstopAtSlide:1,\n\t\t\tshuffle:\"off\",\n\t\t\tautoHeight:\"off\",\n\t\t\thideThumbsOnMobile:\"off\",\n\t\t\thideSliderAtLimit:0,\n\t\t\thideCaptionAtLimit:0,\n\t\t\thideAllCaptionAtLilmit:0,\n\t\t\tdebugMode:false,\n\t\t\tfallbacks: {\n\t\t\t\tsimplifyAll:\"off\",\n\t\t\t\tnextSlideOnWindowFocus:\"off\",\n\t\t\t\tdisableFocusListener:false,\n\t\t\t}\n\t\t});\n\t}\n\t\n});\t\/*ready*\/\n<\/script>\r\n\t\t<script>\r\n\t\t\t\t\tvar htmlDivCss = unescape(\".hesperiden.tparrows%20%7B%0A%09cursor%3Apointer%3B%0A%09background%3Argba%280%2C0%2C0%2C0.5%29%3B%0A%09width%3A40px%3B%0A%09height%3A40px%3B%0A%09position%3Aabsolute%3B%0A%09display%3Ablock%3B%0A%09z-index%3A100%3B%0A%20%20%20%20border-radius%3A%2050%25%3B%0A%7D%0A.hesperiden.tparrows%3Ahover%20%7B%0A%09background%3Argba%280%2C%200%2C%200%2C%201%29%3B%0A%7D%0A.hesperiden.tparrows%3Abefore%20%7B%0A%09font-family%3A%20%22revicons%22%3B%0A%09font-size%3A20px%3B%0A%09color%3Argb%28255%2C%20255%2C%20255%29%3B%0A%09display%3Ablock%3B%0A%09line-height%3A%2040px%3B%0A%09text-align%3A%20center%3B%0A%7D%0A.hesperiden.tparrows.tp-leftarrow%3Abefore%20%7B%0A%09content%3A%20%22%5Ce82c%22%3B%0A%20%20%20%20margin-left%3A-3px%3B%0A%7D%0A.hesperiden.tparrows.tp-rightarrow%3Abefore%20%7B%0A%09content%3A%20%22%5Ce82d%22%3B%0A%20%20%20%20margin-right%3A-3px%3B%0A%7D%0A\");\r\n\t\t\t\t\tvar htmlDiv = document.getElementById('rs-plugin-settings-inline-css');\r\n\t\t\t\t\tif(htmlDiv) {\r\n\t\t\t\t\t\thtmlDiv.innerHTML = htmlDiv.innerHTML + htmlDivCss;\r\n\t\t\t\t\t}\r\n\t\t\t\t\telse{\r\n\t\t\t\t\t\tvar htmlDiv = document.createElement('div');\r\n\t\t\t\t\t\thtmlDiv.innerHTML = '<style>' + htmlDivCss + '<\/style>';\r\n\t\t\t\t\t\tdocument.getElementsByTagName('head')[0].appendChild(htmlDiv.childNodes[0]);\r\n\t\t\t\t\t}\r\n\t\t\t\t  <\/script>\r\n\t\t\t\t<\/div><!-- END REVOLUTION SLIDER -->[\/vc_column_text][\/vc_column][\/vc_row][vc_row][vc_column][vc_separator][vc_wp_text]<\/p>\n<h2 style=\"text-align: center;\"><i>SERATA FINALE<br \/>\n12 settembre 2020 ore 21.00<br \/>\nArena Parco Azzurro &#8211; Passons<\/i><\/h2>\n<h3 style=\"text-align: center;\"><em>(ingresso libero &#8211; registrazione obbligatoria)<\/em><\/h3>\n<h2 style=\"text-align: center;\"><a href=\"https:\/\/www.eventbrite.it\/e\/biglietti-passons-and-songs-2020-115584812285\">Prenota qui i biglietti gratis per la serata finale del 12 settembre a Passons!<\/a><\/h2>\n<p>&nbsp;<\/p>\n<h3><img loading=\"lazy\" decoding=\"async\" class=\" wp-image-20313 aligncenter\" src=\"http:\/\/bandapassons.it\/gfp\/wp-content\/uploads\/2020\/06\/passons_and_songs-removebg.png\" alt=\"\" width=\"326\" height=\"245\" srcset=\"https:\/\/bandapassons.it\/gfp\/wp-content\/uploads\/2020\/06\/passons_and_songs-removebg.png 577w, https:\/\/bandapassons.it\/gfp\/wp-content\/uploads\/2020\/06\/passons_and_songs-removebg-300x225.png 300w\" sizes=\"auto, (max-width: 326px) 100vw, 326px\" \/><\/h3>\n<h2 style=\"text-align: center;\"><span style=\"color: #000000;\"><em><strong>REGOLAMENTO CONCORSO CANORO<br \/>\n\u201cPASSONS &amp; SONGS &#8211; 2020\u201d<\/strong><\/em><\/span><\/h2>\n<h3><span style=\"color: #000000;\"><strong><u>Prefazione:<\/u><\/strong><\/span><\/h3>\n<p><span id=\"E168\">La scuola di musica di Passons in collaborazione con il comitato organizzatore della \u201cFieste in Pais\u201d di Passons, organizza il 5\u00b0 concorso musicale \u201cPassons &amp; Songs\u201d che si svolger\u00e0\u00a0<\/span><strong><span id=\"E169\">sabato 12 settembre 2020<\/span><span id=\"E170\"> con inizio alle ore <\/span><span id=\"E171\">21.00<\/span><\/strong><span id=\"E172\">.<\/span><\/p>\n<h3><span style=\"color: #000000;\"><strong><u>Categorie e preselezioni:<\/u><\/strong><\/span><\/h3>\n<div id=\"contentsContainer\">\n<div id=\"contents\">\n<p id=\"E175\"><span id=\"E176\">Il concorso \u00e8 suddiviso in tre categorie:<\/span><\/p>\n<ul>\n<li id=\"E177\"><span id=\"E178\">Junior \u2013 under 18 (brani editi)<\/span><\/li>\n<li id=\"E179\"><span id=\"E180\">Senior \u2013 over 18 (brandi editi)<\/span><\/li>\n<li id=\"E181\"><span id=\"E182\">Brani inediti (categoria senza limiti d\u2019et\u00e0)<\/span><\/li>\n<\/ul>\n<p id=\"E185\"><span id=\"E186\">Per ogni categoria, il minimo di iscritti che porteranno all\u2019attivazione della categoria di concorso sar\u00e0 di tre; se non verr\u00e0 raggiunto tale numero, la categoria verr\u00e0 annullata e i partecipanti gi\u00e0 iscritti verranno rimborsati della quota di iscrizione.\u00a0<\/span><\/p>\n<p id=\"E187\"><span id=\"E188\">I partecipanti dovranno inviare una loro registrazione contenente massimo tre brani al numero whatsapp 0432403295 oppure alla mail info@bandapassons.it<\/span><span id=\"E189\"><strong> entro e non oltre il 20 luglio 2020;<\/strong> tali registrazioni saranno ascoltate dalla giuria del concorso (composta da tre giurati) che decreter\u00e0 i cantanti selezionati per la fase finale.<\/span><\/p>\n<p id=\"E190\"><span id=\"E191\">\u00c8 possibile inviare il link delle proprie registrazioni anche da servizi online raggiungibili in rete (ad esempio: gdrive, dropbox, wetransfer, youtube, instagram, facebook, etc\u2026).<\/span><\/p>\n<p id=\"E192\"><span id=\"E193\">I cantanti selezionati parteciperanno alla finale del concorso in cui <strong>si esibiranno accompagnati da una band dal vivo<\/strong>. <\/span><\/p>\n<p id=\"E194\"><span id=\"E195\">I finalisti sono inoltre obbligati a partecipare alla sessione di prove con la band nella data e ora che verr\u00e0 comunicata via mail.<\/span><\/p>\n<p id=\"E196\"><em><strong><span id=\"E197\">La serata finale e le prove con la band saranno svolte in conformit\u00e0 alle direttive emanate in materia di Covid-19 dalle autorit\u00e0 governative, garantendo la sicurezza dei partecipanti <\/span>all&#8217;evento.<\/strong><\/em><\/p>\n<\/div>\n<\/div>\n<h3><span style=\"color: #000000;\"><strong><u>Iscrizioni:<\/u><\/strong><\/span><\/h3>\n<p id=\"E204\"><strong><span id=\"E205\">E\u2019 possibile iscriversi <\/span><span id=\"E206\">entro luned\u00ec 20 luglio 2020<\/span><\/strong><span id=\"E207\"> compilando l\u2019apposito form online disponibile sul sito <\/span><a id=\"E208\" contenteditable=\"false\" href=\"http:\/\/www.bandapassons.it\/\" target=\"_blank\" rel=\"noopener noreferrer\"><span id=\"E209\">www.bandapassons.it<\/span><\/a><span id=\"E210\"> e sulle pagine social dell\u2019associazione.<\/span><\/p>\n<p id=\"E211\"><span id=\"E212\">La quota di iscrizione per il concorso \u00e8 di \u20ac 15,00 da versare mediante bonifico all\u2019IBAN<\/span><\/p>\n<p style=\"text-align: center;\"><span style=\"color: #000000;\"><strong>IT 09 U 08715 12305 000000711075<br \/>\n<\/strong><strong>indicando nella causale il nominativo del concorrente<br \/>\nseguito da Passons and Songs 2020.<\/strong><\/span><\/p>\n<h3><span style=\"color: #000000;\"><strong><u>Premi:<\/u><\/strong><\/span><\/h3>\n<p><span id=\"E222\">Il primo assoluto tra tutte le categorie ricever\u00e0 in premio una borsa di studio di euro 250 mentre i vincitori delle varie categorie riceveranno un attestato di merito.<\/span><span id=\"E223\"><br \/>\n<\/span><span id=\"E224\">Tutti i partecipanti riceveranno un attestato di partecipazione.<\/span><span id=\"E225\"> <\/span><\/p>\n<h3><span style=\"color: #000000;\"><strong><u><br \/>\nInfo:<\/u><\/strong><\/span><\/h3>\n<p><span style=\"color: #000000;\">Per ulteriori info scrivere all&#8217;indirizzo\u00a0 <a style=\"color: #000000;\" href=\"mailto:andrea.picogna@bandapassons.it\">andrea.picogna@bandapassons.it<\/a> oppure telefonare al numero 347.1497343.<\/span><\/p>\n<p><img loading=\"lazy\" decoding=\"async\" class=\"size-full wp-image-20313 aligncenter\" src=\"http:\/\/bandapassons.it\/gfp\/wp-content\/uploads\/2020\/06\/passons_and_songs-removebg.png\" alt=\"\" width=\"577\" height=\"433\" srcset=\"https:\/\/bandapassons.it\/gfp\/wp-content\/uploads\/2020\/06\/passons_and_songs-removebg.png 577w, https:\/\/bandapassons.it\/gfp\/wp-content\/uploads\/2020\/06\/passons_and_songs-removebg-300x225.png 300w\" sizes=\"auto, (max-width: 577px) 100vw, 577px\" \/><\/p>\n<h3 style=\"text-align: center;\"><\/h3>\n<p>[\/vc_wp_text][\/vc_column][\/vc_row][vc_row][vc_column][vc_column_text]online presto![\/vc_column_text][\/vc_column][\/vc_row][vc_row][vc_column][\/vc_column][\/vc_row]<\/p>\n","protected":false},"excerpt":{"rendered":"<p>[vc_row][vc_column][vc_column_text][\/vc_column_text][\/vc_column][\/vc_row][vc_row][vc_column][vc_separator][vc_wp_text] SERATA FINALE 12 settembre 2020 ore 21.00 Arena Parco Azzurro &#8211; Passons (ingresso libero &#8211; registrazione obbligatoria) Prenota qui<\/p>\n","protected":false},"author":1,"featured_media":0,"parent":9,"menu_order":0,"comment_status":"closed","ping_status":"closed","template":"","meta":{"_monsterinsights_skip_tracking":false,"_monsterinsights_sitenote_active":false,"_monsterinsights_sitenote_note":"","_monsterinsights_sitenote_category":0,"footnotes":""},"class_list":["post-20281","page","type-page","status-publish","hentry"],"yoast_head":"<!-- This site is optimized with the Yoast SEO plugin v27.4 - https:\/\/yoast.com\/product\/yoast-seo-wordpress\/ -->\n<title>Passons &amp; Songs 2020 - Gruppo Folkloristico Passons - APS<\/title>\n<meta name=\"robots\" content=\"index, follow, max-snippet:-1, max-image-preview:large, max-video-preview:-1\" \/>\n<link rel=\"canonical\" href=\"https:\/\/bandapassons.it\/gfp\/scuola\/passons-songs-2020\/\" \/>\n<meta property=\"og:locale\" content=\"it_IT\" \/>\n<meta property=\"og:type\" content=\"article\" \/>\n<meta property=\"og:title\" content=\"Passons &amp; Songs 2020 - Gruppo Folkloristico Passons - APS\" \/>\n<meta property=\"og:description\" content=\"[vc_row][vc_column][vc_column_text][\/vc_column_text][\/vc_column][\/vc_row][vc_row][vc_column][vc_separator][vc_wp_text] SERATA FINALE 12 settembre 2020 ore 21.00 Arena Parco Azzurro &#8211; Passons (ingresso libero &#8211; registrazione obbligatoria) Prenota qui\" \/>\n<meta property=\"og:url\" content=\"https:\/\/bandapassons.it\/gfp\/scuola\/passons-songs-2020\/\" \/>\n<meta property=\"og:site_name\" content=\"Gruppo Folkloristico Passons - APS\" \/>\n<meta property=\"article:modified_time\" content=\"2020-08-21T21:42:48+00:00\" \/>\n<meta property=\"og:image\" content=\"http:\/\/bandapassons.it\/gfp\/wp-content\/uploads\/2020\/06\/passons_and_songs-removebg.png\" \/>\n<meta name=\"twitter:card\" content=\"summary_large_image\" \/>\n<meta name=\"twitter:label1\" content=\"Tempo di lettura stimato\" \/>\n\t<meta name=\"twitter:data1\" content=\"2 minuti\" \/>\n<script type=\"application\/ld+json\" class=\"yoast-schema-graph\">{\"@context\":\"https:\\\/\\\/schema.org\",\"@graph\":[{\"@type\":\"WebPage\",\"@id\":\"https:\\\/\\\/bandapassons.it\\\/gfp\\\/scuola\\\/passons-songs-2020\\\/\",\"url\":\"https:\\\/\\\/bandapassons.it\\\/gfp\\\/scuola\\\/passons-songs-2020\\\/\",\"name\":\"Passons & Songs 2020 - Gruppo Folkloristico Passons - APS\",\"isPartOf\":{\"@id\":\"https:\\\/\\\/bandapassons.it\\\/gfp\\\/#website\"},\"primaryImageOfPage\":{\"@id\":\"https:\\\/\\\/bandapassons.it\\\/gfp\\\/scuola\\\/passons-songs-2020\\\/#primaryimage\"},\"image\":{\"@id\":\"https:\\\/\\\/bandapassons.it\\\/gfp\\\/scuola\\\/passons-songs-2020\\\/#primaryimage\"},\"thumbnailUrl\":\"http:\\\/\\\/bandapassons.it\\\/gfp\\\/wp-content\\\/uploads\\\/2020\\\/06\\\/passons_and_songs-removebg.png\",\"datePublished\":\"2020-06-20T22:33:53+00:00\",\"dateModified\":\"2020-08-21T21:42:48+00:00\",\"breadcrumb\":{\"@id\":\"https:\\\/\\\/bandapassons.it\\\/gfp\\\/scuola\\\/passons-songs-2020\\\/#breadcrumb\"},\"inLanguage\":\"it-IT\",\"potentialAction\":[{\"@type\":\"ReadAction\",\"target\":[\"https:\\\/\\\/bandapassons.it\\\/gfp\\\/scuola\\\/passons-songs-2020\\\/\"]}]},{\"@type\":\"ImageObject\",\"inLanguage\":\"it-IT\",\"@id\":\"https:\\\/\\\/bandapassons.it\\\/gfp\\\/scuola\\\/passons-songs-2020\\\/#primaryimage\",\"url\":\"https:\\\/\\\/bandapassons.it\\\/gfp\\\/wp-content\\\/uploads\\\/2020\\\/06\\\/passons_and_songs-removebg.png\",\"contentUrl\":\"https:\\\/\\\/bandapassons.it\\\/gfp\\\/wp-content\\\/uploads\\\/2020\\\/06\\\/passons_and_songs-removebg.png\",\"width\":577,\"height\":433},{\"@type\":\"BreadcrumbList\",\"@id\":\"https:\\\/\\\/bandapassons.it\\\/gfp\\\/scuola\\\/passons-songs-2020\\\/#breadcrumb\",\"itemListElement\":[{\"@type\":\"ListItem\",\"position\":1,\"name\":\"Home\",\"item\":\"https:\\\/\\\/bandapassons.it\\\/gfp\\\/\"},{\"@type\":\"ListItem\",\"position\":2,\"name\":\"La scuola di musica\",\"item\":\"https:\\\/\\\/bandapassons.it\\\/gfp\\\/scuola\\\/\"},{\"@type\":\"ListItem\",\"position\":3,\"name\":\"Passons &#038; Songs 2020\"}]},{\"@type\":\"WebSite\",\"@id\":\"https:\\\/\\\/bandapassons.it\\\/gfp\\\/#website\",\"url\":\"https:\\\/\\\/bandapassons.it\\\/gfp\\\/\",\"name\":\"Gruppo Folkloristico Passons - APS\",\"description\":\"Scuola di Musica ~ Banda Musicale ~ Balletto Folkloristico ~ Allegre con Brio\",\"potentialAction\":[{\"@type\":\"SearchAction\",\"target\":{\"@type\":\"EntryPoint\",\"urlTemplate\":\"https:\\\/\\\/bandapassons.it\\\/gfp\\\/?s={search_term_string}\"},\"query-input\":{\"@type\":\"PropertyValueSpecification\",\"valueRequired\":true,\"valueName\":\"search_term_string\"}}],\"inLanguage\":\"it-IT\"}]}<\/script>\n<!-- \/ Yoast SEO plugin. -->","yoast_head_json":{"title":"Passons & Songs 2020 - Gruppo Folkloristico Passons - APS","robots":{"index":"index","follow":"follow","max-snippet":"max-snippet:-1","max-image-preview":"max-image-preview:large","max-video-preview":"max-video-preview:-1"},"canonical":"https:\/\/bandapassons.it\/gfp\/scuola\/passons-songs-2020\/","og_locale":"it_IT","og_type":"article","og_title":"Passons & Songs 2020 - Gruppo Folkloristico Passons - APS","og_description":"[vc_row][vc_column][vc_column_text][\/vc_column_text][\/vc_column][\/vc_row][vc_row][vc_column][vc_separator][vc_wp_text] SERATA FINALE 12 settembre 2020 ore 21.00 Arena Parco Azzurro &#8211; Passons (ingresso libero &#8211; registrazione obbligatoria) Prenota qui","og_url":"https:\/\/bandapassons.it\/gfp\/scuola\/passons-songs-2020\/","og_site_name":"Gruppo Folkloristico Passons - APS","article_modified_time":"2020-08-21T21:42:48+00:00","og_image":[{"url":"http:\/\/bandapassons.it\/gfp\/wp-content\/uploads\/2020\/06\/passons_and_songs-removebg.png","type":"","width":"","height":""}],"twitter_card":"summary_large_image","twitter_misc":{"Tempo di lettura stimato":"2 minuti"},"schema":{"@context":"https:\/\/schema.org","@graph":[{"@type":"WebPage","@id":"https:\/\/bandapassons.it\/gfp\/scuola\/passons-songs-2020\/","url":"https:\/\/bandapassons.it\/gfp\/scuola\/passons-songs-2020\/","name":"Passons & Songs 2020 - Gruppo Folkloristico Passons - APS","isPartOf":{"@id":"https:\/\/bandapassons.it\/gfp\/#website"},"primaryImageOfPage":{"@id":"https:\/\/bandapassons.it\/gfp\/scuola\/passons-songs-2020\/#primaryimage"},"image":{"@id":"https:\/\/bandapassons.it\/gfp\/scuola\/passons-songs-2020\/#primaryimage"},"thumbnailUrl":"http:\/\/bandapassons.it\/gfp\/wp-content\/uploads\/2020\/06\/passons_and_songs-removebg.png","datePublished":"2020-06-20T22:33:53+00:00","dateModified":"2020-08-21T21:42:48+00:00","breadcrumb":{"@id":"https:\/\/bandapassons.it\/gfp\/scuola\/passons-songs-2020\/#breadcrumb"},"inLanguage":"it-IT","potentialAction":[{"@type":"ReadAction","target":["https:\/\/bandapassons.it\/gfp\/scuola\/passons-songs-2020\/"]}]},{"@type":"ImageObject","inLanguage":"it-IT","@id":"https:\/\/bandapassons.it\/gfp\/scuola\/passons-songs-2020\/#primaryimage","url":"https:\/\/bandapassons.it\/gfp\/wp-content\/uploads\/2020\/06\/passons_and_songs-removebg.png","contentUrl":"https:\/\/bandapassons.it\/gfp\/wp-content\/uploads\/2020\/06\/passons_and_songs-removebg.png","width":577,"height":433},{"@type":"BreadcrumbList","@id":"https:\/\/bandapassons.it\/gfp\/scuola\/passons-songs-2020\/#breadcrumb","itemListElement":[{"@type":"ListItem","position":1,"name":"Home","item":"https:\/\/bandapassons.it\/gfp\/"},{"@type":"ListItem","position":2,"name":"La scuola di musica","item":"https:\/\/bandapassons.it\/gfp\/scuola\/"},{"@type":"ListItem","position":3,"name":"Passons &#038; Songs 2020"}]},{"@type":"WebSite","@id":"https:\/\/bandapassons.it\/gfp\/#website","url":"https:\/\/bandapassons.it\/gfp\/","name":"Gruppo Folkloristico Passons - APS","description":"Scuola di Musica ~ Banda Musicale ~ Balletto Folkloristico ~ Allegre con Brio","potentialAction":[{"@type":"SearchAction","target":{"@type":"EntryPoint","urlTemplate":"https:\/\/bandapassons.it\/gfp\/?s={search_term_string}"},"query-input":{"@type":"PropertyValueSpecification","valueRequired":true,"valueName":"search_term_string"}}],"inLanguage":"it-IT"}]}},"_links":{"self":[{"href":"https:\/\/bandapassons.it\/gfp\/wp-json\/wp\/v2\/pages\/20281","targetHints":{"allow":["GET"]}}],"collection":[{"href":"https:\/\/bandapassons.it\/gfp\/wp-json\/wp\/v2\/pages"}],"about":[{"href":"https:\/\/bandapassons.it\/gfp\/wp-json\/wp\/v2\/types\/page"}],"author":[{"embeddable":true,"href":"https:\/\/bandapassons.it\/gfp\/wp-json\/wp\/v2\/users\/1"}],"replies":[{"embeddable":true,"href":"https:\/\/bandapassons.it\/gfp\/wp-json\/wp\/v2\/comments?post=20281"}],"version-history":[{"count":10,"href":"https:\/\/bandapassons.it\/gfp\/wp-json\/wp\/v2\/pages\/20281\/revisions"}],"predecessor-version":[{"id":23329,"href":"https:\/\/bandapassons.it\/gfp\/wp-json\/wp\/v2\/pages\/20281\/revisions\/23329"}],"up":[{"embeddable":true,"href":"https:\/\/bandapassons.it\/gfp\/wp-json\/wp\/v2\/pages\/9"}],"wp:attachment":[{"href":"https:\/\/bandapassons.it\/gfp\/wp-json\/wp\/v2\/media?parent=20281"}],"curies":[{"name":"wp","href":"https:\/\/api.w.org\/{rel}","templated":true}]}}