{"id":23792,"date":"2022-06-10T19:37:06","date_gmt":"2022-06-10T17:37:06","guid":{"rendered":"https:\/\/bandapassons.it\/gfp\/?page_id=23792"},"modified":"2022-06-17T15:47:44","modified_gmt":"2022-06-17T13:47:44","slug":"passons-estate-2022","status":"publish","type":"page","link":"https:\/\/bandapassons.it\/gfp\/scuola\/passons-estate-2022\/","title":{"rendered":"Estate in Musica 2022"},"content":{"rendered":"<p>[vc_row][vc_column][vc_column_text]<\/p>\n\n<div id=\"rev_slider_26_1_wrapper\" class=\"rev_slider_wrapper fullwidthbanner-container\" data-source=\"gallery\" style=\"margin:0px auto;background:transparent;padding:0px;margin-top:0px;margin-bottom:0px;\">\n<!-- START REVOLUTION SLIDER 5.4.6.4 fullwidth mode -->\n\t<div id=\"rev_slider_26_1\" class=\"rev_slider fullwidthabanner\" style=\"display:none;\" data-version=\"5.4.6.4\">\n<ul>\t<!-- SLIDE  -->\n\t<li data-index=\"rs-73\" data-transition=\"fade\" data-slotamount=\"default\" data-hideafterloop=\"0\" data-hideslideonmobile=\"off\"  data-easein=\"default\" data-easeout=\"default\" data-masterspeed=\"300\"  data-rotate=\"0\"  data-saveperformance=\"off\"  data-title=\"Slide\" data-param1=\"\" data-param2=\"\" data-param3=\"\" data-param4=\"\" data-param5=\"\" data-param6=\"\" data-param7=\"\" data-param8=\"\" data-param9=\"\" data-param10=\"\" data-description=\"\">\n\t\t<!-- MAIN IMAGE -->\n\t\t<img loading=\"lazy\" decoding=\"async\" src=\"https:\/\/bandapassons.it\/gfp\/wp-content\/uploads\/2022\/06\/passonspan.png\"  alt=\"\" title=\"passonspan\"  width=\"960\" height=\"540\" data-bgposition=\"center center\" data-bgfit=\"cover\" data-bgrepeat=\"no-repeat\" class=\"rev-slidebg\" data-no-retina>\n\t\t<!-- LAYERS -->\n\t<\/li>\n\t<!-- SLIDE  -->\n\t<li data-index=\"rs-74\" data-transition=\"fade\" data-slotamount=\"default\" data-hideafterloop=\"0\" data-hideslideonmobile=\"off\"  data-easein=\"default\" data-easeout=\"default\" data-masterspeed=\"300\"  data-rotate=\"0\"  data-saveperformance=\"off\"  data-title=\"Slide\" data-param1=\"\" data-param2=\"\" data-param3=\"\" data-param4=\"\" data-param5=\"\" data-param6=\"\" data-param7=\"\" data-param8=\"\" data-param9=\"\" data-param10=\"\" data-description=\"\">\n\t\t<!-- MAIN IMAGE -->\n\t\t<img loading=\"lazy\" decoding=\"async\" src=\"https:\/\/bandapassons.it\/gfp\/wp-content\/uploads\/2022\/06\/cem.png\"  alt=\"\" title=\"cem\"  width=\"850\" height=\"692\" data-bgposition=\"center center\" data-bgfit=\"cover\" data-bgrepeat=\"no-repeat\" class=\"rev-slidebg\" data-no-retina>\n\t\t<!-- LAYERS -->\n\t<\/li>\n\t<!-- SLIDE  -->\n\t<li data-index=\"rs-75\" data-transition=\"fade\" data-slotamount=\"default\" data-hideafterloop=\"0\" data-hideslideonmobile=\"off\"  data-easein=\"default\" data-easeout=\"default\" data-masterspeed=\"300\"  data-rotate=\"0\"  data-saveperformance=\"off\"  data-title=\"Slide\" data-param1=\"\" data-param2=\"\" data-param3=\"\" data-param4=\"\" data-param5=\"\" data-param6=\"\" data-param7=\"\" data-param8=\"\" data-param9=\"\" data-param10=\"\" data-description=\"\">\n\t\t<!-- MAIN IMAGE -->\n\t\t<img loading=\"lazy\" decoding=\"async\" src=\"https:\/\/bandapassons.it\/gfp\/wp-content\/uploads\/2022\/06\/passcem2.png\"  alt=\"\" title=\"passcem2\"  width=\"954\" height=\"391\" data-bgposition=\"center center\" data-bgfit=\"cover\" data-bgrepeat=\"no-repeat\" class=\"rev-slidebg\" data-no-retina>\n\t\t<!-- LAYERS -->\n\t<\/li>\n<\/ul>\n<div class=\"tp-bannertimer tp-bottom\" style=\"visibility: hidden !important;\"><\/div>\t<\/div>\n<script>var htmlDiv = document.getElementById(\"rs-plugin-settings-inline-css\"); var htmlDivCss=\"\";\r\n\t\t\t\tif(htmlDiv) {\r\n\t\t\t\t\thtmlDiv.innerHTML = htmlDiv.innerHTML + htmlDivCss;\r\n\t\t\t\t}else{\r\n\t\t\t\t\tvar htmlDiv = document.createElement(\"div\");\r\n\t\t\t\t\thtmlDiv.innerHTML = \"<style>\" + htmlDivCss + \"<\/style>\";\r\n\t\t\t\t\tdocument.getElementsByTagName(\"head\")[0].appendChild(htmlDiv.childNodes[0]);\r\n\t\t\t\t}\r\n\t\t\t<\/script>\n\t\t<script type=\"text\/javascript\">\r\nsetREVStartSize({c: jQuery('#rev_slider_26_1'), gridwidth: [1240], gridheight: [434], sliderLayout: 'auto'});\r\n\t\t\t\r\nvar revapi26,\r\n\ttpj=jQuery;\r\n\t\t\t\r\ntpj(document).ready(function() {\n\tif(tpj(\"#rev_slider_26_1\").revolution == undefined){\n\t\trevslider_showDoubleJqueryError(\"#rev_slider_26_1\");\n\t}else{\n\t\trevapi26 = tpj(\"#rev_slider_26_1\").show().revolution({\n\t\t\tsliderType:\"carousel\",\n\t\t\tjsFileLocation:\"\/\/bandapassons.it\/gfp\/wp-content\/plugins\/revslider\/public\/assets\/js\/\",\n\t\t\tsliderLayout:\"auto\",\n\t\t\tdottedOverlay:\"none\",\n\t\t\tdelay:9000,\n\t\t\tnavigation: {\n\t\t\t\tonHoverStop:\"off\",\n\t\t\t},\n\t\t\tcarousel: {\n\t\t\t\thorizontal_align: \"center\",\n\t\t\t\tvertical_align: \"center\",\n\t\t\t\tfadeout: \"on\",\n\t\t\t\tvary_fade: \"off\",\n\t\t\t\tmaxVisibleItems: 3,\n\t\t\t\tinfinity: \"off\",\n\t\t\t\tspace: 0,\n\t\t\t\tstretch: \"off\",\n \t\t\t\t\t\t\tshowLayersAllTime: \"off\",\n \t\t\t\t\t\t\teasing: \"Power3.easeInOut\",\n \t\t\t\t\t\t\tspeed: \"800\"\n\t\t\t},\n\t\t\tvisibilityLevels:[1240,1024,778,480],\n\t\t\tgridwidth:1240,\n\t\t\tgridheight:434,\n\t\t\tlazyType:\"none\",\n\t\t\tshadow:0,\n\t\t\tspinner:\"spinner0\",\n\t\t\tstopLoop:\"off\",\n\t\t\tstopAfterLoops:-1,\n\t\t\tstopAtSlide:-1,\n\t\t\tshuffle:\"off\",\n\t\t\tautoHeight:\"off\",\n\t\t\tdisableProgressBar:\"on\",\n\t\t\thideThumbsOnMobile:\"off\",\n\t\t\thideSliderAtLimit:0,\n\t\t\thideCaptionAtLimit:0,\n\t\t\thideAllCaptionAtLilmit:0,\n\t\t\tdebugMode:false,\n\t\t\tfallbacks: {\n\t\t\t\tsimplifyAll:\"off\",\n\t\t\t\tnextSlideOnWindowFocus:\"off\",\n\t\t\t\tdisableFocusListener:false,\n\t\t\t}\n\t\t});\n\t}\n\t\n});\t\/*ready*\/\n<\/script>\r\n\t\t<\/div><!-- END REVOLUTION SLIDER -->\n<p>[\/vc_column_text][\/vc_column][vc_column][vc_text_separator title=&#8221;Centro Estivo Musicale 2022 &#8220;Estate in Musica&#8220;&#8221; i_icon_fontawesome=&#8221;fa fa-music&#8221; i_background_style=&#8221;rounded-outline&#8221; i_background_color=&#8221;green&#8221; i_size=&#8221;xl&#8221; color=&#8221;black&#8221; style=&#8221;dotted&#8221; add_icon=&#8221;true&#8221;][vc_wp_text]<\/p>\n<h2 style=\"text-align: center;\"><strong>CENTRO ESTIVO MUSICALE<br \/>\n<span style=\"color: #ff0000;\">\u201cESTATE IN MUSICA\u201d<\/span><br \/>\n<\/strong><strong>DAL 22 AL 26 AGOSTO 2022<\/strong><\/h2>\n<p style=\"text-align: center;\"><span style=\"color: #000000;\"><strong><em>Il centro estivo \u00e8 pensato per bambini e ragazzi gi\u00e0 avviati allo studio di uno strumento musicale e non, di et\u00e0 compresa tra 0 e 15 anni.<\/em><\/strong><\/span><\/p>\n<p>[\/vc_wp_text][\/vc_column][\/vc_row][vc_row][vc_column width=&#8221;2\/3&#8243;][vc_wp_text]<span style=\"color: #000000;\"><strong><u>Dove:<\/u><\/strong>\u00a0\u00a0\u00a0 Cortile Parrocchiale Passons<\/span><\/p>\n<p><span style=\"color: #000000;\"><strong><u>Durata:<\/u><\/strong> 1 settimana, solo mattina dal 22 al 26 agosto 2022 con orario 8.00 \u2013 12.30<\/span><\/p>\n<p><span style=\"color: #000000;\"><strong><u>Destinatari:<\/u><\/strong> bambini e ragazzi dai 3 ai 15 anni che non suonano o che gi\u00e0 suonano (dai 0 ai 3 anni attivit\u00e0 laboratoriale, leggi pi\u00f9 sotto)<\/span><\/p>\n<p><span style=\"color: #000000;\"><strong><u>Costo:<\/u><\/strong> 50 euro per tutta la settimana, fratelli e sorelle pagano la met\u00e0, profughi ucraini gratuito.<\/span><\/p>\n<p><span style=\"color: #000000;\">L\u2019associazione Gruppo Folkloristico Passons \u2013 APS, promotrice tra l\u2019altro della locale Scuola di Musica intende offrire a tutti i bambini e ragazzi dai 0 ai 15 anni residenti in via preferenziale nel Comune di Pasian di Prato l\u2019opportunit\u00e0 di approcciarsi alla musica in maniera giocosa in un periodo che volge verso il termine delle vacanze estive e nel contempo la si affaccia alla prossima riapertura dell\u2019anno scolastico.<\/span><\/p>\n<p><span style=\"color: #000000;\">Le giornate del Centro Estivo si svolgeranno nella corte del cortile Parrocchiale di Passons, e saranno comprese da luned\u00ec 22 a venerd\u00ec 26 agosto con orario 8.00 \u2013 12. 30.<\/span><\/p>\n<p><span style=\"color: #000000;\">Dopo la prima ora di gioco assieme, l&#8217;attivit\u00e0 giornaliera dalle ore 9.00 si differenzia in:<\/span><\/p>\n<p><span style=\"color: #000000;\"><strong>Per chi gi\u00e0 suona uno strumento musicale:<\/strong><\/span><br \/>\n<span style=\"color: #000000;\">Musica d&#8217;insieme, attivit\u00e0 Orff (attivit\u00e0 in cui il &#8220;fare musica&#8221; viene prima della teoria), gioco libero<\/span><\/p>\n<p><span style=\"color: #000000;\"><strong>Per chi non suona (ancora) uno strumento musicale:<br \/>\n<\/strong>Presentazione degli strumenti musicali fatta dai docenti della scuola di musica, attivit\u00e0 Orff, gioco libero<\/span><\/p>\n<p><span style=\"color: #000000;\">A met\u00e0 mattinata ci sar\u00e0 per tutti la pausa merenda (portata da casa)<\/span><\/p>\n<p><span style=\"color: #000000;\">Le altre attivit\u00e0 saranno sviluppate in base alle adesioni, fascia d&#8217;et\u00e0, tipo di utenza.<\/span>[\/vc_wp_text][\/vc_column][vc_column width=&#8221;1\/3&#8243;][vc_single_image image=&#8221;23793&#8243; img_size=&#8221;large&#8221; style=&#8221;vc_box_border&#8221; border_color=&#8221;juicy_pink&#8221;][\/vc_column][\/vc_row][vc_row][vc_column][vc_btn title=&#8221;ISCRIVITI QUI!&#8221; style=&#8221;outline-custom&#8221; outline_custom_color=&#8221;#2637f2&#8243; outline_custom_hover_background=&#8221;#dd3333&#8243; outline_custom_hover_text=&#8221;#ffffff&#8221; align=&#8221;center&#8221; i_icon_fontawesome=&#8221;fa fa-pencil&#8221; css_animation=&#8221;flipInX&#8221; button_block=&#8221;true&#8221; add_icon=&#8221;true&#8221; link=&#8221;url:https%3A%2F%2Fpassons1.scuolasemplice.it%2Fclasses%2Fpublic%2FNJsZvpajNL%23%2F|title:Iscrizioni%20al%20Centro%20Estivo%202022|target:%20_blank|&#8221;][vc_toggle title=&#8221;Dai 0 a 3 anni, a musica con la famiglia&#8221; style=&#8221;round_outline&#8221; color=&#8221;blue&#8221;]<em><strong>laboratori su prenotazione nei giorni <span style=\"color: #ff0000;\">luned\u00ec 22 e mercoled\u00ec 24 agosto dalle ore 10.00 alle 11.00<\/span> (richiesta la presenza di un adulto di riferimento durante il laboratorio)<\/strong><\/em>[\/vc_toggle][vc_toggle title=&#8221;Costi e sconti, promozioni per le famiglie&#8221; style=&#8221;round_outline&#8221; color=&#8221;blue&#8221; css_animation=&#8221;fadeInDown&#8221;]<strong>Costo: 50,00 euro<\/strong><br \/>\n<em><strong>Hai un fratello? Paga la met\u00e0!<\/strong><\/em><br \/>\n<em><strong>E inoltre i frequentatori del centro estivo potranno usufruire di uno sconto sull\u2019iscrizione ai corsi ad indirizzo bandistico nell\u2019anno scolastico 2022\/23 organizzati dalla Scuola di Musica di Passons.<\/strong><\/em>[\/vc_toggle][vc_toggle title=&#8221;Per i bambini e le bambine dell&#8217;Ucraina&#8221; style=&#8221;round_outline&#8221; color=&#8221;blue&#8221; css_animation=&#8221;fadeInDown&#8221;]<em><strong>Partecipazione gratuita per i bambini e le bambine rifugiate di guerra ospiti nel Comune di Pasian di Prato.<\/strong><\/em>[\/vc_toggle][\/vc_column][\/vc_row][vc_row][vc_column][vc_gmaps link=&#8221;#E-8_JTNDaWZyYW1lJTIwc3JjJTNEJTIyaHR0cHMlM0ElMkYlMkZ3d3cuZ29vZ2xlLmNvbSUyRm1hcHMlMkZlbWJlZCUzRnBiJTNEJTIxMW0xOCUyMTFtMTIlMjExbTMlMjExZDU5Mi44MDE0MjI2MDYzMTM4JTIxMmQxMy4xODkyMTI0ODA5NjAxOCUyMTNkNDYuMDY5NTM0ODUzNTQzNjglMjEybTMlMjExZjAlMjEyZjAlMjEzZjAlMjEzbTIlMjExaTEwMjQlMjEyaTc2OCUyMTRmMTMuMSUyMTNtMyUyMTFtMiUyMTFzMHg0NzdhMzUyOGEzZjRmOWEzJTI1M0EweGU4OTY1ZDkxZWVhY2YzM2IlMjEyc1BhcnJvY2NoaWElMjUyMGRpJTI1MjBQYXNzb25zJTIxNWUxJTIxM20yJTIxMXNpdCUyMTJzaXQlMjE0djE2NTQ4ODA3MjM2MTAlMjE1bTIlMjExc2l0JTIxMnNpdCUyMiUyMHdpZHRoJTNEJTIyNjAwJTIyJTIwaGVpZ2h0JTNEJTIyNDUwJTIyJTIwc3R5bGUlM0QlMjJib3JkZXIlM0EwJTNCJTIyJTIwYWxsb3dmdWxsc2NyZWVuJTNEJTIyJTIyJTIwbG9hZGluZyUzRCUyMmxhenklMjIlMjByZWZlcnJlcnBvbGljeSUzRCUyMm5vLXJlZmVycmVyLXdoZW4tZG93bmdyYWRlJTIyJTNFJTNDJTJGaWZyYW1lJTNF&#8221;][\/vc_column][\/vc_row][vc_row][vc_column][vc_message css_animation=&#8221;bounceIn&#8221;]<\/p>\n<p style=\"text-align: center;\"><strong><span style=\"color: #800000;\">Organizzazione tecnica &#8220;Gruppo Folkloristico Passons &#8211; A.P.S.&#8221; per ulteriori informazioni potete inviare un messaggio WhatsApp al numero +390432403295<\/span><\/strong><\/p>\n<p>[\/vc_message][\/vc_column][\/vc_row]<\/p>\n","protected":false},"excerpt":{"rendered":"<p>[vc_row][vc_column][vc_column_text] [\/vc_column_text][\/vc_column][vc_column][vc_text_separator title=&#8221;Centro Estivo Musicale 2022 &#8220;Estate in Musica&#8220;&#8221; i_icon_fontawesome=&#8221;fa fa-music&#8221; i_background_style=&#8221;rounded-outline&#8221; i_background_color=&#8221;green&#8221; i_size=&#8221;xl&#8221; color=&#8221;black&#8221; style=&#8221;dotted&#8221; add_icon=&#8221;true&#8221;][vc_wp_text] CENTRO ESTIVO MUSICALE<\/p>\n","protected":false},"author":1,"featured_media":23793,"parent":9,"menu_order":0,"comment_status":"closed","ping_status":"closed","template":"","meta":{"_monsterinsights_skip_tracking":false,"_monsterinsights_sitenote_active":false,"_monsterinsights_sitenote_note":"","_monsterinsights_sitenote_category":0,"footnotes":""},"class_list":["post-23792","page","type-page","status-publish","has-post-thumbnail","hentry"],"yoast_head":"<!-- This site is optimized with the Yoast SEO plugin v27.4 - https:\/\/yoast.com\/product\/yoast-seo-wordpress\/ -->\n<title>Estate in Musica 2022 - Gruppo Folkloristico Passons - APS<\/title>\n<meta name=\"robots\" content=\"index, follow, max-snippet:-1, max-image-preview:large, max-video-preview:-1\" \/>\n<link rel=\"canonical\" href=\"https:\/\/bandapassons.it\/gfp\/scuola\/passons-estate-2022\/\" \/>\n<meta property=\"og:locale\" content=\"it_IT\" \/>\n<meta property=\"og:type\" content=\"article\" \/>\n<meta property=\"og:title\" content=\"Estate in Musica 2022 - Gruppo Folkloristico Passons - APS\" \/>\n<meta property=\"og:description\" content=\"[vc_row][vc_column][vc_column_text] [\/vc_column_text][\/vc_column][vc_column][vc_text_separator title=&#8221;Centro Estivo Musicale 2022 &#8220;Estate in Musica&#8220;&#8221; i_icon_fontawesome=&#8221;fa fa-music&#8221; i_background_style=&#8221;rounded-outline&#8221; i_background_color=&#8221;green&#8221; i_size=&#8221;xl&#8221; color=&#8221;black&#8221; style=&#8221;dotted&#8221; add_icon=&#8221;true&#8221;][vc_wp_text] CENTRO ESTIVO MUSICALE\" \/>\n<meta property=\"og:url\" content=\"https:\/\/bandapassons.it\/gfp\/scuola\/passons-estate-2022\/\" \/>\n<meta property=\"og:site_name\" content=\"Gruppo Folkloristico Passons - APS\" \/>\n<meta property=\"article:modified_time\" content=\"2022-06-17T13:47:44+00:00\" \/>\n<meta property=\"og:image\" content=\"http:\/\/bandapassons.it\/gfp\/wp-content\/uploads\/2022\/06\/MusicaPassons_Volantino-A4.jpg\" \/>\n\t<meta property=\"og:image:width\" content=\"992\" \/>\n\t<meta property=\"og:image:height\" content=\"1403\" \/>\n\t<meta property=\"og:image:type\" content=\"image\/jpeg\" \/>\n<meta name=\"twitter:card\" content=\"summary_large_image\" \/>\n<meta name=\"twitter:label1\" content=\"Tempo di lettura stimato\" \/>\n\t<meta name=\"twitter:data1\" content=\"3 minuti\" \/>\n<script type=\"application\/ld+json\" class=\"yoast-schema-graph\">{\"@context\":\"https:\\\/\\\/schema.org\",\"@graph\":[{\"@type\":\"WebPage\",\"@id\":\"https:\\\/\\\/bandapassons.it\\\/gfp\\\/scuola\\\/passons-estate-2022\\\/\",\"url\":\"https:\\\/\\\/bandapassons.it\\\/gfp\\\/scuola\\\/passons-estate-2022\\\/\",\"name\":\"Estate in Musica 2022 - Gruppo Folkloristico Passons - APS\",\"isPartOf\":{\"@id\":\"https:\\\/\\\/bandapassons.it\\\/gfp\\\/#website\"},\"primaryImageOfPage\":{\"@id\":\"https:\\\/\\\/bandapassons.it\\\/gfp\\\/scuola\\\/passons-estate-2022\\\/#primaryimage\"},\"image\":{\"@id\":\"https:\\\/\\\/bandapassons.it\\\/gfp\\\/scuola\\\/passons-estate-2022\\\/#primaryimage\"},\"thumbnailUrl\":\"https:\\\/\\\/bandapassons.it\\\/gfp\\\/wp-content\\\/uploads\\\/2022\\\/06\\\/MusicaPassons_Volantino-A4.jpg\",\"datePublished\":\"2022-06-10T17:37:06+00:00\",\"dateModified\":\"2022-06-17T13:47:44+00:00\",\"breadcrumb\":{\"@id\":\"https:\\\/\\\/bandapassons.it\\\/gfp\\\/scuola\\\/passons-estate-2022\\\/#breadcrumb\"},\"inLanguage\":\"it-IT\",\"potentialAction\":[{\"@type\":\"ReadAction\",\"target\":[\"https:\\\/\\\/bandapassons.it\\\/gfp\\\/scuola\\\/passons-estate-2022\\\/\"]}]},{\"@type\":\"ImageObject\",\"inLanguage\":\"it-IT\",\"@id\":\"https:\\\/\\\/bandapassons.it\\\/gfp\\\/scuola\\\/passons-estate-2022\\\/#primaryimage\",\"url\":\"https:\\\/\\\/bandapassons.it\\\/gfp\\\/wp-content\\\/uploads\\\/2022\\\/06\\\/MusicaPassons_Volantino-A4.jpg\",\"contentUrl\":\"https:\\\/\\\/bandapassons.it\\\/gfp\\\/wp-content\\\/uploads\\\/2022\\\/06\\\/MusicaPassons_Volantino-A4.jpg\",\"width\":992,\"height\":1403},{\"@type\":\"BreadcrumbList\",\"@id\":\"https:\\\/\\\/bandapassons.it\\\/gfp\\\/scuola\\\/passons-estate-2022\\\/#breadcrumb\",\"itemListElement\":[{\"@type\":\"ListItem\",\"position\":1,\"name\":\"Home\",\"item\":\"https:\\\/\\\/bandapassons.it\\\/gfp\\\/\"},{\"@type\":\"ListItem\",\"position\":2,\"name\":\"La scuola di musica\",\"item\":\"https:\\\/\\\/bandapassons.it\\\/gfp\\\/scuola\\\/\"},{\"@type\":\"ListItem\",\"position\":3,\"name\":\"Estate in Musica 2022\"}]},{\"@type\":\"WebSite\",\"@id\":\"https:\\\/\\\/bandapassons.it\\\/gfp\\\/#website\",\"url\":\"https:\\\/\\\/bandapassons.it\\\/gfp\\\/\",\"name\":\"Gruppo Folkloristico Passons - APS\",\"description\":\"Scuola di Musica ~ Banda Musicale ~ Balletto Folkloristico ~ Allegre con Brio\",\"potentialAction\":[{\"@type\":\"SearchAction\",\"target\":{\"@type\":\"EntryPoint\",\"urlTemplate\":\"https:\\\/\\\/bandapassons.it\\\/gfp\\\/?s={search_term_string}\"},\"query-input\":{\"@type\":\"PropertyValueSpecification\",\"valueRequired\":true,\"valueName\":\"search_term_string\"}}],\"inLanguage\":\"it-IT\"}]}<\/script>\n<!-- \/ Yoast SEO plugin. -->","yoast_head_json":{"title":"Estate in Musica 2022 - Gruppo Folkloristico Passons - APS","robots":{"index":"index","follow":"follow","max-snippet":"max-snippet:-1","max-image-preview":"max-image-preview:large","max-video-preview":"max-video-preview:-1"},"canonical":"https:\/\/bandapassons.it\/gfp\/scuola\/passons-estate-2022\/","og_locale":"it_IT","og_type":"article","og_title":"Estate in Musica 2022 - Gruppo Folkloristico Passons - APS","og_description":"[vc_row][vc_column][vc_column_text] [\/vc_column_text][\/vc_column][vc_column][vc_text_separator title=&#8221;Centro Estivo Musicale 2022 &#8220;Estate in Musica&#8220;&#8221; i_icon_fontawesome=&#8221;fa fa-music&#8221; i_background_style=&#8221;rounded-outline&#8221; i_background_color=&#8221;green&#8221; i_size=&#8221;xl&#8221; color=&#8221;black&#8221; style=&#8221;dotted&#8221; add_icon=&#8221;true&#8221;][vc_wp_text] CENTRO ESTIVO MUSICALE","og_url":"https:\/\/bandapassons.it\/gfp\/scuola\/passons-estate-2022\/","og_site_name":"Gruppo Folkloristico Passons - APS","article_modified_time":"2022-06-17T13:47:44+00:00","og_image":[{"width":992,"height":1403,"url":"http:\/\/bandapassons.it\/gfp\/wp-content\/uploads\/2022\/06\/MusicaPassons_Volantino-A4.jpg","type":"image\/jpeg"}],"twitter_card":"summary_large_image","twitter_misc":{"Tempo di lettura stimato":"3 minuti"},"schema":{"@context":"https:\/\/schema.org","@graph":[{"@type":"WebPage","@id":"https:\/\/bandapassons.it\/gfp\/scuola\/passons-estate-2022\/","url":"https:\/\/bandapassons.it\/gfp\/scuola\/passons-estate-2022\/","name":"Estate in Musica 2022 - Gruppo Folkloristico Passons - APS","isPartOf":{"@id":"https:\/\/bandapassons.it\/gfp\/#website"},"primaryImageOfPage":{"@id":"https:\/\/bandapassons.it\/gfp\/scuola\/passons-estate-2022\/#primaryimage"},"image":{"@id":"https:\/\/bandapassons.it\/gfp\/scuola\/passons-estate-2022\/#primaryimage"},"thumbnailUrl":"https:\/\/bandapassons.it\/gfp\/wp-content\/uploads\/2022\/06\/MusicaPassons_Volantino-A4.jpg","datePublished":"2022-06-10T17:37:06+00:00","dateModified":"2022-06-17T13:47:44+00:00","breadcrumb":{"@id":"https:\/\/bandapassons.it\/gfp\/scuola\/passons-estate-2022\/#breadcrumb"},"inLanguage":"it-IT","potentialAction":[{"@type":"ReadAction","target":["https:\/\/bandapassons.it\/gfp\/scuola\/passons-estate-2022\/"]}]},{"@type":"ImageObject","inLanguage":"it-IT","@id":"https:\/\/bandapassons.it\/gfp\/scuola\/passons-estate-2022\/#primaryimage","url":"https:\/\/bandapassons.it\/gfp\/wp-content\/uploads\/2022\/06\/MusicaPassons_Volantino-A4.jpg","contentUrl":"https:\/\/bandapassons.it\/gfp\/wp-content\/uploads\/2022\/06\/MusicaPassons_Volantino-A4.jpg","width":992,"height":1403},{"@type":"BreadcrumbList","@id":"https:\/\/bandapassons.it\/gfp\/scuola\/passons-estate-2022\/#breadcrumb","itemListElement":[{"@type":"ListItem","position":1,"name":"Home","item":"https:\/\/bandapassons.it\/gfp\/"},{"@type":"ListItem","position":2,"name":"La scuola di musica","item":"https:\/\/bandapassons.it\/gfp\/scuola\/"},{"@type":"ListItem","position":3,"name":"Estate in Musica 2022"}]},{"@type":"WebSite","@id":"https:\/\/bandapassons.it\/gfp\/#website","url":"https:\/\/bandapassons.it\/gfp\/","name":"Gruppo Folkloristico Passons - APS","description":"Scuola di Musica ~ Banda Musicale ~ Balletto Folkloristico ~ Allegre con Brio","potentialAction":[{"@type":"SearchAction","target":{"@type":"EntryPoint","urlTemplate":"https:\/\/bandapassons.it\/gfp\/?s={search_term_string}"},"query-input":{"@type":"PropertyValueSpecification","valueRequired":true,"valueName":"search_term_string"}}],"inLanguage":"it-IT"}]}},"_links":{"self":[{"href":"https:\/\/bandapassons.it\/gfp\/wp-json\/wp\/v2\/pages\/23792","targetHints":{"allow":["GET"]}}],"collection":[{"href":"https:\/\/bandapassons.it\/gfp\/wp-json\/wp\/v2\/pages"}],"about":[{"href":"https:\/\/bandapassons.it\/gfp\/wp-json\/wp\/v2\/types\/page"}],"author":[{"embeddable":true,"href":"https:\/\/bandapassons.it\/gfp\/wp-json\/wp\/v2\/users\/1"}],"replies":[{"embeddable":true,"href":"https:\/\/bandapassons.it\/gfp\/wp-json\/wp\/v2\/comments?post=23792"}],"version-history":[{"count":52,"href":"https:\/\/bandapassons.it\/gfp\/wp-json\/wp\/v2\/pages\/23792\/revisions"}],"predecessor-version":[{"id":23855,"href":"https:\/\/bandapassons.it\/gfp\/wp-json\/wp\/v2\/pages\/23792\/revisions\/23855"}],"up":[{"embeddable":true,"href":"https:\/\/bandapassons.it\/gfp\/wp-json\/wp\/v2\/pages\/9"}],"wp:featuredmedia":[{"embeddable":true,"href":"https:\/\/bandapassons.it\/gfp\/wp-json\/wp\/v2\/media\/23793"}],"wp:attachment":[{"href":"https:\/\/bandapassons.it\/gfp\/wp-json\/wp\/v2\/media?parent=23792"}],"curies":[{"name":"wp","href":"https:\/\/api.w.org\/{rel}","templated":true}]}}