{"id":26,"date":"2011-04-25T17:28:42","date_gmt":"2011-04-25T17:28:42","guid":{"rendered":"http:\/\/localhost\/~davidemodotto\/bandapassons\/2011\/?page_id=26"},"modified":"2023-05-13T11:07:59","modified_gmt":"2023-05-13T09:07:59","slug":"storia","status":"publish","type":"page","link":"https:\/\/bandapassons.it\/gfp\/gruppo\/storia\/","title":{"rendered":"La storia del Gruppo Folkloristico Passons &#8211; APS"},"content":{"rendered":"<h5><span style=\"color: #ff9900;\">Una storia fatta di persone, amicizie, famiglie, musica, luoghi, territorio, passione&#8230; che siamo orgogliosi di raccontarvi!<\/span><\/h5>\n<p>&nbsp;<\/p>\n<p>[vc_row][vc_column][vc_column_text]<strong><u>Il paese di Passons<\/u><\/strong><\/p>\n<p><img loading=\"lazy\" decoding=\"async\" class=\"size-medium wp-image-24003 alignleft\" src=\"http:\/\/bandapassons.it\/gfp\/wp-content\/uploads\/2023\/05\/passons_aerea_samantha-300x225.jpeg\" alt=\"\" width=\"300\" height=\"225\" srcset=\"https:\/\/bandapassons.it\/gfp\/wp-content\/uploads\/2023\/05\/passons_aerea_samantha-300x225.jpeg 300w, https:\/\/bandapassons.it\/gfp\/wp-content\/uploads\/2023\/05\/passons_aerea_samantha-768x576.jpeg 768w, https:\/\/bandapassons.it\/gfp\/wp-content\/uploads\/2023\/05\/passons_aerea_samantha-600x450.jpeg 600w, https:\/\/bandapassons.it\/gfp\/wp-content\/uploads\/2023\/05\/passons_aerea_samantha-700x525.jpeg 700w, https:\/\/bandapassons.it\/gfp\/wp-content\/uploads\/2023\/05\/passons_aerea_samantha.jpeg 960w\" sizes=\"auto, (max-width: 300px) 100vw, 300px\" \/>Collocato alla periferia della citt\u00e0 di Udine, in una zona ricca di prati e alberi secolari, Passons deriva il suo nome dalla parola latina \u201cpastio-onis\u201d che in italiano equivale a \u201cpascolo\u201d, e dalla espressione friulana \u201cla a passon\u201d che significa \u201cpascolare\u201d.<\/p>\n<p>Il toponimo compare per la prima volta in un documento scritto risalente al 1244. In esso si trova citato un tale \u201cAdalprettus de Passono\u201d quale testimone di una ricognizione di beni appartenenti al Capitolo Aquileiese posti nella piana tra il torrente Cormor e l\u2019abitato di Colugna.<\/p>\n<p>Il paese ha dunque una storia remota, caratterizza, da un punto di vista religioso, prima dalla dipendenza dalla gloriosa pieve di S.Margherita del Gruagno, poi alla Parrocchia di Pagnacco dalla quale si distacc\u00f2 nel 1922.<\/p>\n<p>Civilmente, invece, fu soggetto alla potente famiglia dei Savorgnan da cui si rese autonomo, per diventare Comune, ai tempi di Napoleone, mentre pi\u00f9 tardi a partire dal 1807 divenne frazione di Pasian di Prato.<\/p>\n<p>&nbsp;<\/p>\n<p><strong><u>Le origini del gruppo<\/u><\/strong><\/p>\n<p><img loading=\"lazy\" decoding=\"async\" class=\"alignright size-medium wp-image-24008\" src=\"http:\/\/bandapassons.it\/gfp\/wp-content\/uploads\/2023\/05\/banda-1909-300x279.jpeg\" alt=\"\" width=\"300\" height=\"279\" srcset=\"https:\/\/bandapassons.it\/gfp\/wp-content\/uploads\/2023\/05\/banda-1909-300x279.jpeg 300w, https:\/\/bandapassons.it\/gfp\/wp-content\/uploads\/2023\/05\/banda-1909-1024x951.jpeg 1024w, https:\/\/bandapassons.it\/gfp\/wp-content\/uploads\/2023\/05\/banda-1909-768x713.jpeg 768w, https:\/\/bandapassons.it\/gfp\/wp-content\/uploads\/2023\/05\/banda-1909-600x557.jpeg 600w, https:\/\/bandapassons.it\/gfp\/wp-content\/uploads\/2023\/05\/banda-1909-700x650.jpeg 700w, https:\/\/bandapassons.it\/gfp\/wp-content\/uploads\/2023\/05\/banda-1909.jpeg 1240w\" sizes=\"auto, (max-width: 300px) 100vw, 300px\" \/>L\u2019associazionismo rientra tra le tradizioni pi\u00f9 consolidate di Passons. Una \u201cSociet\u00e0 Filarmonica\u201d \u00e8 stata istituita nel lontano 1901 ed ha avuto alterne fortune. Pur sostenuta da maestri di grande valore ha operato in modo discontinuo, intervallando periodi di grandi attivit\u00e0 a periodi di stasi.<\/p>\n<p>Nell\u2019ultimo dopoguerra, in particolare, \u00e8 mancato un complesso stabile fino al 1982 quando per merito di Don Diego Morocutti \u00e8 nata la \u201cFanfara\u201d, composta da ragazzi e ragazze che sotto la sua guida, spinti da grande entusiasmo e volont\u00e0 di apprendere, hanno mosso i primi passi nel mondo della musica ed ora rappresentano un insieme affiatato che si fa onore ovunque si esibisca.<\/p>\n<p>&nbsp;<\/p>\n<p>&nbsp;<\/p>\n<p><img loading=\"lazy\" decoding=\"async\" class=\"alignleft size-medium wp-image-24004\" src=\"http:\/\/bandapassons.it\/gfp\/wp-content\/uploads\/2023\/05\/banda-prima-uscita-maggio-1983-300x209.jpeg\" alt=\"\" width=\"300\" height=\"209\" srcset=\"https:\/\/bandapassons.it\/gfp\/wp-content\/uploads\/2023\/05\/banda-prima-uscita-maggio-1983-300x209.jpeg 300w, https:\/\/bandapassons.it\/gfp\/wp-content\/uploads\/2023\/05\/banda-prima-uscita-maggio-1983-1024x715.jpeg 1024w, https:\/\/bandapassons.it\/gfp\/wp-content\/uploads\/2023\/05\/banda-prima-uscita-maggio-1983-768x536.jpeg 768w, https:\/\/bandapassons.it\/gfp\/wp-content\/uploads\/2023\/05\/banda-prima-uscita-maggio-1983-600x419.jpeg 600w, https:\/\/bandapassons.it\/gfp\/wp-content\/uploads\/2023\/05\/banda-prima-uscita-maggio-1983-700x489.jpeg 700w, https:\/\/bandapassons.it\/gfp\/wp-content\/uploads\/2023\/05\/banda-prima-uscita-maggio-1983.jpeg 1152w\" sizes=\"auto, (max-width: 300px) 100vw, 300px\" \/>Il 24\/09\/1984 viene costituita l&#8217;associazione che prende il nome di \u201cGruppo Folkloristico Passons\u201d . Nello stesso anno la Fanfara viene affiancata da un Balletto Folkloristico formato da bambini e bambine che, con la spontaneit\u00e0 e la gioia propria dei giovani, studiano e propongono al pubblico le danze e le melodie della nostra terra friulana.<\/p>\n<p>Dal 1989 la Fanfara si trasforma in Banda integrando quindi anche gli strumenti musicali tipici dell&#8217;organico bandistico.<\/p>\n<p>Ricongiungendo idealmente l\u2019attivit\u00e0 della \u201cSociet\u00e0 Filarmonica di Passons\u201d a quella dell\u2019attuale \u201cGruppo Folkloristico Passons\u201d nel 2014 il sodalizio ha festeggiato i 30 anni di folklore e i cento anni di musica bandistica.<\/p>\n<p>Il Gruppo opera con costanza e continuit\u00e0 organizzando eventi musicali di rilevante valore artistico-qualitativo. Collabora, inoltre, con tutte le associazioni paesane e con l\u2019Assessorato alla Cultura del Comune di Pasian di Prato. E\u2019 iscritto all\u2019albo regionale FVG delle Associazioni di Promozione Sociale (nr. 317\/2015).<\/p>\n<p><img loading=\"lazy\" decoding=\"async\" class=\" wp-image-24014 alignright\" src=\"http:\/\/bandapassons.it\/gfp\/wp-content\/uploads\/2023\/05\/logo_runts-300x180.jpg\" alt=\"\" width=\"220\" height=\"132\" srcset=\"https:\/\/bandapassons.it\/gfp\/wp-content\/uploads\/2023\/05\/logo_runts-300x180.jpg 300w, https:\/\/bandapassons.it\/gfp\/wp-content\/uploads\/2023\/05\/logo_runts.jpg 500w\" sizes=\"auto, (max-width: 220px) 100vw, 220px\" \/>In data 13\/05\/2022 l&#8217;associazione completa l&#8217;iter per l&#8217;iscrizione al RUNTS ed \u00e8 ufficialmente riconosciuta come Ente del Terzo Settore ai sensi del D.Lgs nr. 117\/2017.<\/p>\n<p>L\u2019attuale presidente del Gruppo \u00e8 il sig. Marco Cuttini che si avvale del consiglio direttivo composto da sette componenti.<\/p>\n<p>&nbsp;<\/p>\n<p>&nbsp;<\/p>\n<p><strong><u>La Scuola di Musica di Passons<\/u><\/strong><\/p>\n<p><img loading=\"lazy\" decoding=\"async\" class=\"alignleft size-medium wp-image-23925\" src=\"http:\/\/bandapassons.it\/gfp\/wp-content\/uploads\/2022\/09\/SCUOLA-2022-23-web-211x300.png\" alt=\"\" width=\"211\" height=\"300\" srcset=\"https:\/\/bandapassons.it\/gfp\/wp-content\/uploads\/2022\/09\/SCUOLA-2022-23-web-211x300.png 211w, https:\/\/bandapassons.it\/gfp\/wp-content\/uploads\/2022\/09\/SCUOLA-2022-23-web-721x1024.png 721w, https:\/\/bandapassons.it\/gfp\/wp-content\/uploads\/2022\/09\/SCUOLA-2022-23-web-768x1090.png 768w, https:\/\/bandapassons.it\/gfp\/wp-content\/uploads\/2022\/09\/SCUOLA-2022-23-web-600x852.png 600w, https:\/\/bandapassons.it\/gfp\/wp-content\/uploads\/2022\/09\/SCUOLA-2022-23-web-1082x1536.png 1082w, https:\/\/bandapassons.it\/gfp\/wp-content\/uploads\/2022\/09\/SCUOLA-2022-23-web-700x994.png 700w, https:\/\/bandapassons.it\/gfp\/wp-content\/uploads\/2022\/09\/SCUOLA-2022-23-web.png 1409w\" sizes=\"auto, (max-width: 211px) 100vw, 211px\" \/>A partire dal 1992 il gruppo promuove con successo la diffusione della cultura musicale attraverso interventi nelle scuole e corsi di orientamento di carattere bandistico-strumentale tenuti da insegnanti diplomati e conformi ai programmi Ministeriali.<\/p>\n<p>Dal 1995 opera con continuit\u00e0 la Scuola di Musica di Passons che annualmente propone i propri corsi musicali ad una media annua di circa 150 allievi dai 3 ai 70 anni.<\/p>\n<p>La scuola di musica segue sia l\u2019indirizzo classico che quello moderno proponendo di fatto corsi teorici, di canto e strumentali adottando i programmi ministeriali. Grazie all\u2019Anbima provinciale di Udine \u00e8 convenzionata con il Conservatorio J. Tomadini di Udine per il sostenimento degli esami preaccademici previsti nei nuovi cicli di studio.<\/p>\n<p>La Scuola di Musica \u00e8 diretta dall&#8217;A.S. 2021-22 dalla Maestra Laura Micelli.<\/p>\n<p>&nbsp;<\/p>\n<p><strong><u>La Banda Giovanile<\/u><\/strong><\/p>\n<p>Dal 1996 opera la \u201cBanda Giovanile\u201d composta da una ventina di elementi la cui et\u00e0 massima \u00e8 di 18 anni; essa ha partecipato a rassegne e concorsi per bande giovanili in regione e non, classificandosi nel 2011 al primo posto alla decima edizione del Concorso di Costa Volpino (BG) \u201cGiovani in concorso\u201d.<\/p>\n<p>La banda giovanile \u00e8 diretta per l&#8217;A.S. 2022-23 dalla Maestra Irina Guerra Lig Long.<\/p>\n<p>&nbsp;<\/p>\n<p><strong><u>La Banda Musicale di Passons<\/u><\/strong><\/p>\n<p><img loading=\"lazy\" decoding=\"async\" class=\"alignleft wp-image-24016\" src=\"http:\/\/bandapassons.it\/gfp\/wp-content\/uploads\/2023\/05\/precenicco2019-300x141.jpg\" alt=\"\" width=\"400\" height=\"188\" srcset=\"https:\/\/bandapassons.it\/gfp\/wp-content\/uploads\/2023\/05\/precenicco2019-300x141.jpg 300w, https:\/\/bandapassons.it\/gfp\/wp-content\/uploads\/2023\/05\/precenicco2019-600x282.jpg 600w, https:\/\/bandapassons.it\/gfp\/wp-content\/uploads\/2023\/05\/precenicco2019-700x329.jpg 700w, https:\/\/bandapassons.it\/gfp\/wp-content\/uploads\/2023\/05\/precenicco2019.jpg 731w\" sizes=\"auto, (max-width: 400px) 100vw, 400px\" \/>La Banda Musicale, composta da una trentina di strumentisti, \u00e8 diretta dal 2011 da Andrea Picogna.<br \/>\nLa Banda Musicale propone un repertorio musicale composto per lo pi\u00f9 da musiche originali per banda di compositori europei ed americani. Delle ultime attivit\u00e0 ricordiamo il miglior piazzamento nella categoria di appartenenza ottenuto al concorso internazionale per bande di Bertiolo nel 2014 e il secondo posto al concorso nazionale per bande \u201cLa Bacchetta d\u2019Oro\u201d di Fiuggi nel 2018.<br \/>\nLa banda \u00e8 gemellata con le bande musicali di Pianello Vallesina (1999 e 2011), con quella di Ivrea (1995), Ghemme (1997), Castelnuovo Nigra (2000), Sarsina (2002), Desnogorks (Russia &#8211; 2004), \u00a0Polverigi (2014), Puos d\u2019Alpago (2018).<\/p>\n<p>La Banda Musicale di Passons \u00e8 diretta da settembre 2011 dal Maestro Picogna Andrea.<\/p>\n<p>&nbsp;<\/p>\n<p><strong><u>Il Balletto Folkloristico di Passons<\/u><\/strong><\/p>\n<p><img loading=\"lazy\" decoding=\"async\" class=\"size-medium wp-image-24017 alignright\" src=\"http:\/\/bandapassons.it\/gfp\/wp-content\/uploads\/2023\/05\/ballettovenezia2023-300x135.jpeg\" alt=\"\" width=\"300\" height=\"135\" srcset=\"https:\/\/bandapassons.it\/gfp\/wp-content\/uploads\/2023\/05\/ballettovenezia2023-300x135.jpeg 300w, https:\/\/bandapassons.it\/gfp\/wp-content\/uploads\/2023\/05\/ballettovenezia2023-1024x461.jpeg 1024w, https:\/\/bandapassons.it\/gfp\/wp-content\/uploads\/2023\/05\/ballettovenezia2023-768x346.jpeg 768w, https:\/\/bandapassons.it\/gfp\/wp-content\/uploads\/2023\/05\/ballettovenezia2023-600x270.jpeg 600w, https:\/\/bandapassons.it\/gfp\/wp-content\/uploads\/2023\/05\/ballettovenezia2023-700x315.jpeg 700w, https:\/\/bandapassons.it\/gfp\/wp-content\/uploads\/2023\/05\/ballettovenezia2023.jpeg 1280w\" sizes=\"auto, (max-width: 300px) 100vw, 300px\" \/>Il corpo di danza folkloristica \u00e8 composto da bambini e ragazzi di et\u00e0 compresa tra i 4 e i 17 anni, che presentano danze e melodie della nostra terra con la spontaneit\u00e0 e la gioia propria di questa et\u00e0. Ha avuto modo di esibirsi in varie regioni di Italia, oltre che in Austria, Slovenia, Croazia, Polonia, Russia, Lituania, Ungheria e Grecia. Durante i suoi trent\u2019anni di attivit\u00e0 ha ottenuto importanti riconoscimenti e si \u00e8 classificato pi\u00f9 volte al primo posto nel concorso per gruppi folkloristici che si svolge annualmente a Venezia nell\u2019ambito della manifestazione \u201cSu e Zo per i Ponti\u201d; l\u2019ultimo piazzamento sul podio risale al 2018. Il Gruppo Folkloristico Passons \u00e8 associato all\u2019A.F.G.R (Associazione Folcloristica Giovanile Regionale del Friuli Venezia Giulia) assieme a cui collabora nell\u2019organizzazione del Festival Mondiale del Folklore Giovanile, che si tiene ogni anno a luglio nella nostra Regione ed \u00e8 giunto nell\u2019anno 2017 alla diciottesima edizione.<\/p>\n<p>&nbsp;<\/p>\n<p><strong><u>Il Coro &#8220;Allegre con Brio&#8221;<\/u><\/strong><\/p>\n<p><img loading=\"lazy\" decoding=\"async\" class=\"alignleft size-medium wp-image-24018\" src=\"http:\/\/bandapassons.it\/gfp\/wp-content\/uploads\/2023\/05\/allegre_mag2023-300x130.png\" alt=\"\" width=\"300\" height=\"130\" srcset=\"https:\/\/bandapassons.it\/gfp\/wp-content\/uploads\/2023\/05\/allegre_mag2023-300x130.png 300w, https:\/\/bandapassons.it\/gfp\/wp-content\/uploads\/2023\/05\/allegre_mag2023-768x333.png 768w, https:\/\/bandapassons.it\/gfp\/wp-content\/uploads\/2023\/05\/allegre_mag2023-600x260.png 600w, https:\/\/bandapassons.it\/gfp\/wp-content\/uploads\/2023\/05\/allegre_mag2023-700x303.png 700w, https:\/\/bandapassons.it\/gfp\/wp-content\/uploads\/2023\/05\/allegre_mag2023.png 898w\" sizes=\"auto, (max-width: 300px) 100vw, 300px\" \/>Da gennaio 2023 viene integrato nelle attivit\u00e0 caratteristiche del Gruppo Folkloristico Passons &#8211; APS il gruppo vocale femminile &#8220;Allegre con Brio&#8221;, nato nel 2009, composto da circa 10 coriste. Il repertorio del coro comprende prevalentemente brani dell\u2019et\u00e0 d&#8217;oro dello swing italiano, composti da noti autori di allora, come Giovanni D\u2019Anzi e Gorni Kramer che hanno avuto interpreti come il Trio Lescano, il Quartetto Cetra e molti altri. Le \u201cAllegre con Brio\u201d si sono esibite in varie rassegne corali ed hanno prodotto con grande successo degli spettacoli originali quali \u200b \u201cGirogirosello\u201d e \u201cUn Sogno Swing\u201d che ripercorre la carriera e le vicende del Trio Lescano. Le &#8220;Allegre con Brio&#8221; sono dirette dalla maestra Elisa Rosignoli.<\/p>\n<p>&nbsp;<\/p>\n<p>[aggiornamento Maggio 2023]<\/p>\n<p>[\/vc_column_text][\/vc_column][\/vc_row]<\/p>\n","protected":false},"excerpt":{"rendered":"<p>Una storia fatta di persone, amicizie, famiglie, musica, luoghi, territorio, passione&#8230; che siamo orgogliosi di raccontarvi! &nbsp; [vc_row][vc_column][vc_column_text]Il paese di<\/p>\n","protected":false},"author":1,"featured_media":0,"parent":6,"menu_order":0,"comment_status":"open","ping_status":"closed","template":"","meta":{"_monsterinsights_skip_tracking":false,"_monsterinsights_sitenote_active":false,"_monsterinsights_sitenote_note":"","_monsterinsights_sitenote_category":0,"footnotes":""},"class_list":["post-26","page","type-page","status-publish","hentry"],"yoast_head":"<!-- This site is optimized with the Yoast SEO plugin v27.4 - https:\/\/yoast.com\/product\/yoast-seo-wordpress\/ -->\n<title>La storia del Gruppo Folkloristico Passons - APS - Gruppo Folkloristico Passons - APS<\/title>\n<meta name=\"robots\" content=\"index, follow, max-snippet:-1, max-image-preview:large, max-video-preview:-1\" \/>\n<link rel=\"canonical\" href=\"https:\/\/bandapassons.it\/gfp\/gruppo\/storia\/\" \/>\n<meta property=\"og:locale\" content=\"it_IT\" \/>\n<meta property=\"og:type\" content=\"article\" \/>\n<meta property=\"og:title\" content=\"La storia del Gruppo Folkloristico Passons - APS - Gruppo Folkloristico Passons - APS\" \/>\n<meta property=\"og:description\" content=\"Una storia fatta di persone, amicizie, famiglie, musica, luoghi, territorio, passione&#8230; che siamo orgogliosi di raccontarvi! &nbsp; [vc_row][vc_column][vc_column_text]Il paese di\" \/>\n<meta property=\"og:url\" content=\"https:\/\/bandapassons.it\/gfp\/gruppo\/storia\/\" \/>\n<meta property=\"og:site_name\" content=\"Gruppo Folkloristico Passons - APS\" \/>\n<meta property=\"article:modified_time\" content=\"2023-05-13T09:07:59+00:00\" \/>\n<meta property=\"og:image\" content=\"http:\/\/bandapassons.it\/gfp\/wp-content\/uploads\/2023\/05\/passons_aerea_samantha-300x225.jpeg\" \/>\n<meta name=\"twitter:card\" content=\"summary_large_image\" \/>\n<meta name=\"twitter:label1\" content=\"Tempo di lettura stimato\" \/>\n\t<meta name=\"twitter:data1\" content=\"8 minuti\" \/>\n<script type=\"application\/ld+json\" class=\"yoast-schema-graph\">{\"@context\":\"https:\\\/\\\/schema.org\",\"@graph\":[{\"@type\":\"WebPage\",\"@id\":\"https:\\\/\\\/bandapassons.it\\\/gfp\\\/gruppo\\\/storia\\\/\",\"url\":\"https:\\\/\\\/bandapassons.it\\\/gfp\\\/gruppo\\\/storia\\\/\",\"name\":\"La storia del Gruppo Folkloristico Passons - APS - Gruppo Folkloristico Passons - APS\",\"isPartOf\":{\"@id\":\"https:\\\/\\\/bandapassons.it\\\/gfp\\\/#website\"},\"primaryImageOfPage\":{\"@id\":\"https:\\\/\\\/bandapassons.it\\\/gfp\\\/gruppo\\\/storia\\\/#primaryimage\"},\"image\":{\"@id\":\"https:\\\/\\\/bandapassons.it\\\/gfp\\\/gruppo\\\/storia\\\/#primaryimage\"},\"thumbnailUrl\":\"http:\\\/\\\/bandapassons.it\\\/gfp\\\/wp-content\\\/uploads\\\/2023\\\/05\\\/passons_aerea_samantha-300x225.jpeg\",\"datePublished\":\"2011-04-25T17:28:42+00:00\",\"dateModified\":\"2023-05-13T09:07:59+00:00\",\"breadcrumb\":{\"@id\":\"https:\\\/\\\/bandapassons.it\\\/gfp\\\/gruppo\\\/storia\\\/#breadcrumb\"},\"inLanguage\":\"it-IT\",\"potentialAction\":[{\"@type\":\"ReadAction\",\"target\":[\"https:\\\/\\\/bandapassons.it\\\/gfp\\\/gruppo\\\/storia\\\/\"]}]},{\"@type\":\"ImageObject\",\"inLanguage\":\"it-IT\",\"@id\":\"https:\\\/\\\/bandapassons.it\\\/gfp\\\/gruppo\\\/storia\\\/#primaryimage\",\"url\":\"https:\\\/\\\/bandapassons.it\\\/gfp\\\/wp-content\\\/uploads\\\/2023\\\/05\\\/passons_aerea_samantha.jpeg\",\"contentUrl\":\"https:\\\/\\\/bandapassons.it\\\/gfp\\\/wp-content\\\/uploads\\\/2023\\\/05\\\/passons_aerea_samantha.jpeg\",\"width\":960,\"height\":720},{\"@type\":\"BreadcrumbList\",\"@id\":\"https:\\\/\\\/bandapassons.it\\\/gfp\\\/gruppo\\\/storia\\\/#breadcrumb\",\"itemListElement\":[{\"@type\":\"ListItem\",\"position\":1,\"name\":\"Home\",\"item\":\"https:\\\/\\\/bandapassons.it\\\/gfp\\\/\"},{\"@type\":\"ListItem\",\"position\":2,\"name\":\"Il Gruppo\",\"item\":\"https:\\\/\\\/bandapassons.it\\\/gfp\\\/gruppo\\\/\"},{\"@type\":\"ListItem\",\"position\":3,\"name\":\"La storia del Gruppo Folkloristico Passons &#8211; APS\"}]},{\"@type\":\"WebSite\",\"@id\":\"https:\\\/\\\/bandapassons.it\\\/gfp\\\/#website\",\"url\":\"https:\\\/\\\/bandapassons.it\\\/gfp\\\/\",\"name\":\"Gruppo Folkloristico Passons - APS\",\"description\":\"Scuola di Musica ~ Banda Musicale ~ Balletto Folkloristico ~ Allegre con Brio\",\"potentialAction\":[{\"@type\":\"SearchAction\",\"target\":{\"@type\":\"EntryPoint\",\"urlTemplate\":\"https:\\\/\\\/bandapassons.it\\\/gfp\\\/?s={search_term_string}\"},\"query-input\":{\"@type\":\"PropertyValueSpecification\",\"valueRequired\":true,\"valueName\":\"search_term_string\"}}],\"inLanguage\":\"it-IT\"}]}<\/script>\n<!-- \/ Yoast SEO plugin. -->","yoast_head_json":{"title":"La storia del Gruppo Folkloristico Passons - APS - Gruppo Folkloristico Passons - APS","robots":{"index":"index","follow":"follow","max-snippet":"max-snippet:-1","max-image-preview":"max-image-preview:large","max-video-preview":"max-video-preview:-1"},"canonical":"https:\/\/bandapassons.it\/gfp\/gruppo\/storia\/","og_locale":"it_IT","og_type":"article","og_title":"La storia del Gruppo Folkloristico Passons - APS - Gruppo Folkloristico Passons - APS","og_description":"Una storia fatta di persone, amicizie, famiglie, musica, luoghi, territorio, passione&#8230; che siamo orgogliosi di raccontarvi! &nbsp; [vc_row][vc_column][vc_column_text]Il paese di","og_url":"https:\/\/bandapassons.it\/gfp\/gruppo\/storia\/","og_site_name":"Gruppo Folkloristico Passons - APS","article_modified_time":"2023-05-13T09:07:59+00:00","og_image":[{"url":"http:\/\/bandapassons.it\/gfp\/wp-content\/uploads\/2023\/05\/passons_aerea_samantha-300x225.jpeg","type":"","width":"","height":""}],"twitter_card":"summary_large_image","twitter_misc":{"Tempo di lettura stimato":"8 minuti"},"schema":{"@context":"https:\/\/schema.org","@graph":[{"@type":"WebPage","@id":"https:\/\/bandapassons.it\/gfp\/gruppo\/storia\/","url":"https:\/\/bandapassons.it\/gfp\/gruppo\/storia\/","name":"La storia del Gruppo Folkloristico Passons - APS - Gruppo Folkloristico Passons - APS","isPartOf":{"@id":"https:\/\/bandapassons.it\/gfp\/#website"},"primaryImageOfPage":{"@id":"https:\/\/bandapassons.it\/gfp\/gruppo\/storia\/#primaryimage"},"image":{"@id":"https:\/\/bandapassons.it\/gfp\/gruppo\/storia\/#primaryimage"},"thumbnailUrl":"http:\/\/bandapassons.it\/gfp\/wp-content\/uploads\/2023\/05\/passons_aerea_samantha-300x225.jpeg","datePublished":"2011-04-25T17:28:42+00:00","dateModified":"2023-05-13T09:07:59+00:00","breadcrumb":{"@id":"https:\/\/bandapassons.it\/gfp\/gruppo\/storia\/#breadcrumb"},"inLanguage":"it-IT","potentialAction":[{"@type":"ReadAction","target":["https:\/\/bandapassons.it\/gfp\/gruppo\/storia\/"]}]},{"@type":"ImageObject","inLanguage":"it-IT","@id":"https:\/\/bandapassons.it\/gfp\/gruppo\/storia\/#primaryimage","url":"https:\/\/bandapassons.it\/gfp\/wp-content\/uploads\/2023\/05\/passons_aerea_samantha.jpeg","contentUrl":"https:\/\/bandapassons.it\/gfp\/wp-content\/uploads\/2023\/05\/passons_aerea_samantha.jpeg","width":960,"height":720},{"@type":"BreadcrumbList","@id":"https:\/\/bandapassons.it\/gfp\/gruppo\/storia\/#breadcrumb","itemListElement":[{"@type":"ListItem","position":1,"name":"Home","item":"https:\/\/bandapassons.it\/gfp\/"},{"@type":"ListItem","position":2,"name":"Il Gruppo","item":"https:\/\/bandapassons.it\/gfp\/gruppo\/"},{"@type":"ListItem","position":3,"name":"La storia del Gruppo Folkloristico Passons &#8211; APS"}]},{"@type":"WebSite","@id":"https:\/\/bandapassons.it\/gfp\/#website","url":"https:\/\/bandapassons.it\/gfp\/","name":"Gruppo Folkloristico Passons - APS","description":"Scuola di Musica ~ Banda Musicale ~ Balletto Folkloristico ~ Allegre con Brio","potentialAction":[{"@type":"SearchAction","target":{"@type":"EntryPoint","urlTemplate":"https:\/\/bandapassons.it\/gfp\/?s={search_term_string}"},"query-input":{"@type":"PropertyValueSpecification","valueRequired":true,"valueName":"search_term_string"}}],"inLanguage":"it-IT"}]}},"_links":{"self":[{"href":"https:\/\/bandapassons.it\/gfp\/wp-json\/wp\/v2\/pages\/26","targetHints":{"allow":["GET"]}}],"collection":[{"href":"https:\/\/bandapassons.it\/gfp\/wp-json\/wp\/v2\/pages"}],"about":[{"href":"https:\/\/bandapassons.it\/gfp\/wp-json\/wp\/v2\/types\/page"}],"author":[{"embeddable":true,"href":"https:\/\/bandapassons.it\/gfp\/wp-json\/wp\/v2\/users\/1"}],"replies":[{"embeddable":true,"href":"https:\/\/bandapassons.it\/gfp\/wp-json\/wp\/v2\/comments?post=26"}],"version-history":[{"count":23,"href":"https:\/\/bandapassons.it\/gfp\/wp-json\/wp\/v2\/pages\/26\/revisions"}],"predecessor-version":[{"id":24031,"href":"https:\/\/bandapassons.it\/gfp\/wp-json\/wp\/v2\/pages\/26\/revisions\/24031"}],"up":[{"embeddable":true,"href":"https:\/\/bandapassons.it\/gfp\/wp-json\/wp\/v2\/pages\/6"}],"wp:attachment":[{"href":"https:\/\/bandapassons.it\/gfp\/wp-json\/wp\/v2\/media?parent=26"}],"curies":[{"name":"wp","href":"https:\/\/api.w.org\/{rel}","templated":true}]}}