{"id":3502,"date":"2018-05-29T18:47:28","date_gmt":"2018-05-29T16:47:28","guid":{"rendered":"http:\/\/bandapassons.it\/gfp\/?page_id=3502"},"modified":"2018-05-29T22:09:53","modified_gmt":"2018-05-29T20:09:53","slug":"passons-songs-2018","status":"publish","type":"page","link":"https:\/\/bandapassons.it\/gfp\/passons-songs-2018\/","title":{"rendered":"Passons &#038; Songs 2018"},"content":{"rendered":"<p>[vc_row][vc_column]\n<div id=\"rev_slider_12_1_wrapper\" class=\"rev_slider_wrapper fullwidthbanner-container\" data-source=\"gallery\" style=\"margin:0px auto;background:transparent;padding:0px;margin-top:0px;margin-bottom:0px;\">\n<!-- START REVOLUTION SLIDER 5.4.6.4 fullwidth mode -->\n\t<div id=\"rev_slider_12_1\" class=\"rev_slider fullwidthabanner\" style=\"display:none;\" data-version=\"5.4.6.4\">\n<ul>\t<!-- SLIDE  -->\n\t<li data-index=\"rs-26\" data-transition=\"fade\" data-slotamount=\"default\" data-hideafterloop=\"0\" data-hideslideonmobile=\"off\"  data-easein=\"default\" data-easeout=\"default\" data-masterspeed=\"300\"  data-rotate=\"0\"  data-saveperformance=\"off\"  data-title=\"Slide\" data-param1=\"\" data-param2=\"\" data-param3=\"\" data-param4=\"\" data-param5=\"\" data-param6=\"\" data-param7=\"\" data-param8=\"\" data-param9=\"\" data-param10=\"\" data-description=\"\">\n\t\t<!-- MAIN IMAGE -->\n\t\t<img loading=\"lazy\" decoding=\"async\" src=\"https:\/\/bandapassons.it\/gfp\/wp-content\/uploads\/2017\/05\/passongs.jpg\"  alt=\"\" title=\"passongs\"  width=\"2048\" height=\"1363\" data-bgposition=\"center center\" data-bgfit=\"cover\" data-bgrepeat=\"no-repeat\" class=\"rev-slidebg\" data-no-retina>\n\t\t<!-- LAYERS -->\n\t<\/li>\n\t<!-- SLIDE  -->\n\t<li data-index=\"rs-27\" data-transition=\"fade\" data-slotamount=\"default\" data-hideafterloop=\"0\" data-hideslideonmobile=\"off\"  data-easein=\"default\" data-easeout=\"default\" data-masterspeed=\"300\"  data-rotate=\"0\"  data-saveperformance=\"off\"  data-title=\"Slide\" data-param1=\"\" data-param2=\"\" data-param3=\"\" data-param4=\"\" data-param5=\"\" data-param6=\"\" data-param7=\"\" data-param8=\"\" data-param9=\"\" data-param10=\"\" data-description=\"\">\n\t\t<!-- MAIN IMAGE -->\n\t\t<img loading=\"lazy\" decoding=\"async\" src=\"https:\/\/bandapassons.it\/gfp\/wp-content\/uploads\/2018\/05\/21284544_1625602687471380_717127468_o.jpg\"  alt=\"\" title=\"21284544_1625602687471380_717127468_o\"  width=\"2048\" height=\"1365\" data-bgposition=\"center center\" data-bgfit=\"cover\" data-bgrepeat=\"no-repeat\" class=\"rev-slidebg\" data-no-retina>\n\t\t<!-- LAYERS -->\n\t<\/li>\n\t<!-- SLIDE  -->\n\t<li data-index=\"rs-28\" data-transition=\"fade\" data-slotamount=\"default\" data-hideafterloop=\"0\" data-hideslideonmobile=\"off\"  data-easein=\"default\" data-easeout=\"default\" data-masterspeed=\"300\"  data-rotate=\"0\"  data-saveperformance=\"off\"  data-title=\"Slide\" data-param1=\"\" data-param2=\"\" data-param3=\"\" data-param4=\"\" data-param5=\"\" data-param6=\"\" data-param7=\"\" data-param8=\"\" data-param9=\"\" data-param10=\"\" data-description=\"\">\n\t\t<!-- MAIN IMAGE -->\n\t\t<img loading=\"lazy\" decoding=\"async\" src=\"https:\/\/bandapassons.it\/gfp\/wp-content\/uploads\/2018\/05\/21330486_1625603014138014_565140471_o.jpg\"  alt=\"\" title=\"21330486_1625603014138014_565140471_o\"  width=\"2048\" height=\"1365\" data-bgposition=\"center center\" data-bgfit=\"cover\" data-bgrepeat=\"no-repeat\" class=\"rev-slidebg\" data-no-retina>\n\t\t<!-- LAYERS -->\n\t<\/li>\n\t<!-- SLIDE  -->\n\t<li data-index=\"rs-29\" data-transition=\"fade\" data-slotamount=\"default\" data-hideafterloop=\"0\" data-hideslideonmobile=\"off\"  data-easein=\"default\" data-easeout=\"default\" data-masterspeed=\"300\"  data-rotate=\"0\"  data-saveperformance=\"off\"  data-title=\"Slide\" data-param1=\"\" data-param2=\"\" data-param3=\"\" data-param4=\"\" data-param5=\"\" data-param6=\"\" data-param7=\"\" data-param8=\"\" data-param9=\"\" data-param10=\"\" data-description=\"\">\n\t\t<!-- MAIN IMAGE -->\n\t\t<img loading=\"lazy\" decoding=\"async\" src=\"https:\/\/bandapassons.it\/gfp\/wp-content\/uploads\/2018\/05\/21284427_1625603104138005_1938450931_o.jpg\"  alt=\"\" title=\"21284427_1625603104138005_1938450931_o\"  width=\"2048\" height=\"1365\" data-bgposition=\"center center\" data-bgfit=\"cover\" data-bgrepeat=\"no-repeat\" class=\"rev-slidebg\" data-no-retina>\n\t\t<!-- LAYERS -->\n\t<\/li>\n\t<!-- SLIDE  -->\n\t<li data-index=\"rs-30\" data-transition=\"fade\" data-slotamount=\"default\" data-hideafterloop=\"0\" data-hideslideonmobile=\"off\"  data-easein=\"default\" data-easeout=\"default\" data-masterspeed=\"300\"  data-rotate=\"0\"  data-saveperformance=\"off\"  data-title=\"Slide\" data-param1=\"iscrizioni\" data-param2=\"\" data-param3=\"\" data-param4=\"\" data-param5=\"\" data-param6=\"\" data-param7=\"\" data-param8=\"\" data-param9=\"\" data-param10=\"\" data-description=\"\">\n\t\t<!-- MAIN IMAGE -->\n\t\t<img loading=\"lazy\" decoding=\"async\" src=\"https:\/\/bandapassons.it\/gfp\/wp-content\/uploads\/2018\/05\/passons_and_songs.jpg\"  alt=\"\" title=\"passons_and_songs\"  width=\"2223\" height=\"1667\" data-bgposition=\"center center\" data-bgfit=\"cover\" data-bgrepeat=\"no-repeat\" class=\"rev-slidebg\" data-no-retina>\n\t\t<!-- LAYERS -->\n\t<\/li>\n<\/ul>\n<div class=\"tp-bannertimer tp-bottom\" style=\"visibility: hidden !important;\"><\/div>\t<\/div>\n<script>var htmlDiv = document.getElementById(\"rs-plugin-settings-inline-css\"); var htmlDivCss=\"\";\r\n\t\t\t\tif(htmlDiv) {\r\n\t\t\t\t\thtmlDiv.innerHTML = htmlDiv.innerHTML + htmlDivCss;\r\n\t\t\t\t}else{\r\n\t\t\t\t\tvar htmlDiv = document.createElement(\"div\");\r\n\t\t\t\t\thtmlDiv.innerHTML = \"<style>\" + htmlDivCss + \"<\/style>\";\r\n\t\t\t\t\tdocument.getElementsByTagName(\"head\")[0].appendChild(htmlDiv.childNodes[0]);\r\n\t\t\t\t}\r\n\t\t\t<\/script>\n\t\t<script type=\"text\/javascript\">\r\nsetREVStartSize({c: jQuery('#rev_slider_12_1'), gridwidth: [1240], gridheight: [868], sliderLayout: 'fullwidth'});\r\n\t\t\t\r\nvar revapi12,\r\n\ttpj=jQuery;\r\n\t\t\t\r\ntpj(document).ready(function() {\n\tif(tpj(\"#rev_slider_12_1\").revolution == undefined){\n\t\trevslider_showDoubleJqueryError(\"#rev_slider_12_1\");\n\t}else{\n\t\trevapi12 = tpj(\"#rev_slider_12_1\").show().revolution({\n\t\t\tsliderType:\"standard\",\n\t\t\tjsFileLocation:\"\/\/bandapassons.it\/gfp\/wp-content\/plugins\/revslider\/public\/assets\/js\/\",\n\t\t\tsliderLayout:\"fullwidth\",\n\t\t\tdottedOverlay:\"none\",\n\t\t\tdelay:9000,\n\t\t\tnavigation: {\n\t\t\t\tonHoverStop:\"off\",\n\t\t\t},\n\t\t\tvisibilityLevels:[1240,1024,778,480],\n\t\t\tgridwidth:1240,\n\t\t\tgridheight:868,\n\t\t\tlazyType:\"none\",\n\t\t\tshadow:0,\n\t\t\tspinner:\"spinner0\",\n\t\t\tstopLoop:\"off\",\n\t\t\tstopAfterLoops:-1,\n\t\t\tstopAtSlide:-1,\n\t\t\tshuffle:\"off\",\n\t\t\tautoHeight:\"off\",\n\t\t\tdisableProgressBar:\"on\",\n\t\t\thideThumbsOnMobile:\"off\",\n\t\t\thideSliderAtLimit:0,\n\t\t\thideCaptionAtLimit:0,\n\t\t\thideAllCaptionAtLilmit:0,\n\t\t\tdebugMode:false,\n\t\t\tfallbacks: {\n\t\t\t\tsimplifyAll:\"off\",\n\t\t\t\tnextSlideOnWindowFocus:\"off\",\n\t\t\t\tdisableFocusListener:false,\n\t\t\t}\n\t\t});\n\t}\n\t\n});\t\/*ready*\/\n<\/script>\r\n\t\t<\/div><!-- END REVOLUTION SLIDER -->[\/vc_column][\/vc_row][vc_row][vc_column][vc_wp_text]<\/p>\n<h2 style=\"text-align: center;\"><em><strong>REGOLAMENTO CONCORSO CANORO<br \/>\n\u201cPASSONS &amp; SONGS &#8211; 2018\u201d<\/strong><\/em><\/h2>\n<h3><strong>Prefazione:<\/strong><\/h3>\n<p>La scuola di musica di Passons in collaborazione con il comitato organizzatore della \u201cFieste in Pais\u201d di Passons, organizza il 3\u00b0 concorso musicale \u201cPassons &amp; Songs\u201d che si svolger\u00e0 <strong>gioved\u00ec 30 agosto 2018 con inizio alle ore 21.00<\/strong> presso l\u2019area festeggiamenti di Passons.<\/p>\n<h3><strong>Categorie e preselezioni:<\/strong><\/h3>\n<p>Il concorso \u00e8 diviso in tre categorie:<\/p>\n<ul>\n<li>Junior &#8211; under 18 (brani editi)<\/li>\n<li>Senior &#8211; over 18 (brandi editi)<\/li>\n<li>Brani inediti (categoria senza limiti d\u2019et\u00e0)<\/li>\n<\/ul>\n<p>La tempistica sulle esecuzioni dei concorrenti sar\u00e0 dettata dai componenti della giuria di qualit\u00e0 (la permanenza massima sul palco sar\u00e0 di 10 minuti).<\/p>\n<p>I partecipanti sosterranno un&#8217;audizione che varr\u00e0 come preselezione per la serata finale; le preselezioni avranno luogo in data <strong>gioved\u00ec 5 luglio 2018<\/strong> presso la sede della scuola di musica di Passons in via Dante 34;\u00a0 gli orari verranno comunicati direttamente ai partecipanti via mail entro fine giugno 2018.<\/p>\n<p>La giuria sceglier\u00e0 un solo brano di quelli presentati dai candidati.<\/p>\n<p>La giuria della preselezione del concorso sar\u00e0 composta da:<\/p>\n<ul>\n<li>Miriam Foresti (insegnante di canto della Scuola di Musica di Passons)<\/li>\n<li>Andrea Picogna (direttore della Scuola di Musica di Passons).<\/li>\n<\/ul>\n<p>Per le pre-selezioni ogni cantante dovr\u00e0 essere munito delle proprie basi musicali in formato MP3 su supporto USB o CD.<\/p>\n<p>I cantanti selezionati parteciperanno alla finale del concorso in cui si esibiranno accompagnati da una band dal vivo.<\/p>\n<p>I partecipanti selezionati per la serata finale sono obbligati a partecipare alla sessione di prove con il la band nella data e ora che verr\u00e0 comunicata via mail.<\/p>\n<h3><strong>Modalit\u00e0 di iscrizione:<\/strong><\/h3>\n<p>E\u2019 possibile iscriversi <strong>entro luned\u00ec 29 giugno 2018<\/strong> compilando l\u2019apposito form online disponibile <a href=\"https:\/\/docs.google.com\/forms\/d\/e\/1FAIpQLSdHMdDr_JzFNpAUghdZr3scoxf-WAoFd6ce4vbgUeNsOhm78Q\/viewform\">clikkando qui<\/a>.<\/p>\n<p>La quota di iscrizione al concorso \u00e8 di \u20ac 25,00 da versare mediante bonifico all\u2019iban <strong>IT 09 U 08715 12305 000000711075 indicando nella causale il nominativo del concorrente.<\/strong><\/p>\n<h3><strong>Giuria:<\/strong><\/h3>\n<p>La giuria della fase finale del concorso sar\u00e0 composta da tre commissari che assegneranno il punteggio e i premi della serata canora.<\/p>\n<ul>\n<li>Daisy De Benedetti, cantante<\/li>\n<li>Simona Cois, pianista<\/li>\n<li>Monica Mosolo, attrice<\/li>\n<\/ul>\n<h3><strong>Premi:<\/strong><\/h3>\n<p>Il premio previsto per il primo assoluto sar\u00e0 una borsa di studio di \u20ac 200,00 (duecento\/00)<\/p>\n<p>Sar\u00e0 inoltre premiato il primo assoluto di ogni categoria e il cantante o gruppo preferito dal pubblico.<\/p>\n<p>A tutti i concorrenti verr\u00e0 rilasciato un attestato di partecipazione.<\/p>\n<p><img loading=\"lazy\" decoding=\"async\" class=\" wp-image-3510 aligncenter\" src=\"http:\/\/bandapassons.it\/gfp\/wp-content\/uploads\/2018\/05\/passons_and_songs.jpg\" alt=\"\" width=\"547\" height=\"410\" srcset=\"https:\/\/bandapassons.it\/gfp\/wp-content\/uploads\/2018\/05\/passons_and_songs.jpg 2223w, https:\/\/bandapassons.it\/gfp\/wp-content\/uploads\/2018\/05\/passons_and_songs-300x225.jpg 300w, https:\/\/bandapassons.it\/gfp\/wp-content\/uploads\/2018\/05\/passons_and_songs-768x576.jpg 768w, https:\/\/bandapassons.it\/gfp\/wp-content\/uploads\/2018\/05\/passons_and_songs-1024x768.jpg 1024w, https:\/\/bandapassons.it\/gfp\/wp-content\/uploads\/2018\/05\/passons_and_songs-700x525.jpg 700w, https:\/\/bandapassons.it\/gfp\/wp-content\/uploads\/2018\/05\/passons_and_songs-600x450.jpg 600w, https:\/\/bandapassons.it\/gfp\/wp-content\/uploads\/2018\/05\/passons_and_songs-1320x990.jpg 1320w\" sizes=\"auto, (max-width: 547px) 100vw, 547px\" \/>[\/vc_wp_text][\/vc_column][\/vc_row]<\/p>\n","protected":false},"excerpt":{"rendered":"<p>[vc_row][vc_column][\/vc_column][\/vc_row][vc_row][vc_column][vc_wp_text] REGOLAMENTO CONCORSO CANORO \u201cPASSONS &amp; SONGS &#8211; 2018\u201d Prefazione: La scuola di musica di Passons in collaborazione con il<\/p>\n","protected":false},"author":1,"featured_media":0,"parent":0,"menu_order":0,"comment_status":"closed","ping_status":"closed","template":"","meta":{"_monsterinsights_skip_tracking":false,"_monsterinsights_sitenote_active":false,"_monsterinsights_sitenote_note":"","_monsterinsights_sitenote_category":0,"footnotes":""},"class_list":["post-3502","page","type-page","status-publish","hentry"],"yoast_head":"<!-- This site is optimized with the Yoast SEO plugin v27.6 - https:\/\/yoast.com\/product\/yoast-seo-wordpress\/ -->\n<title>Passons &amp; Songs 2018 - Gruppo Folkloristico Passons - APS<\/title>\n<meta name=\"robots\" content=\"index, follow, max-snippet:-1, max-image-preview:large, max-video-preview:-1\" \/>\n<link rel=\"canonical\" href=\"https:\/\/bandapassons.it\/gfp\/passons-songs-2018\/\" \/>\n<meta property=\"og:locale\" content=\"it_IT\" \/>\n<meta property=\"og:type\" content=\"article\" \/>\n<meta property=\"og:title\" content=\"Passons &amp; Songs 2018 - Gruppo Folkloristico Passons - APS\" \/>\n<meta property=\"og:description\" content=\"[vc_row][vc_column][\/vc_column][\/vc_row][vc_row][vc_column][vc_wp_text] REGOLAMENTO CONCORSO CANORO \u201cPASSONS &amp; SONGS &#8211; 2018\u201d Prefazione: La scuola di musica di Passons in collaborazione con il\" \/>\n<meta property=\"og:url\" content=\"https:\/\/bandapassons.it\/gfp\/passons-songs-2018\/\" \/>\n<meta property=\"og:site_name\" content=\"Gruppo Folkloristico Passons - APS\" \/>\n<meta property=\"article:modified_time\" content=\"2018-05-29T20:09:53+00:00\" \/>\n<meta property=\"og:image\" content=\"http:\/\/bandapassons.it\/gfp\/wp-content\/uploads\/2018\/05\/passons_and_songs.jpg\" \/>\n<meta name=\"twitter:card\" content=\"summary_large_image\" \/>\n<meta name=\"twitter:label1\" content=\"Tempo di lettura stimato\" \/>\n\t<meta name=\"twitter:data1\" content=\"2 minuti\" \/>\n<script type=\"application\/ld+json\" class=\"yoast-schema-graph\">{\"@context\":\"https:\\\/\\\/schema.org\",\"@graph\":[{\"@type\":\"WebPage\",\"@id\":\"https:\\\/\\\/bandapassons.it\\\/gfp\\\/passons-songs-2018\\\/\",\"url\":\"https:\\\/\\\/bandapassons.it\\\/gfp\\\/passons-songs-2018\\\/\",\"name\":\"Passons & Songs 2018 - Gruppo Folkloristico Passons - APS\",\"isPartOf\":{\"@id\":\"https:\\\/\\\/bandapassons.it\\\/gfp\\\/#website\"},\"primaryImageOfPage\":{\"@id\":\"https:\\\/\\\/bandapassons.it\\\/gfp\\\/passons-songs-2018\\\/#primaryimage\"},\"image\":{\"@id\":\"https:\\\/\\\/bandapassons.it\\\/gfp\\\/passons-songs-2018\\\/#primaryimage\"},\"thumbnailUrl\":\"http:\\\/\\\/bandapassons.it\\\/gfp\\\/wp-content\\\/uploads\\\/2018\\\/05\\\/passons_and_songs.jpg\",\"datePublished\":\"2018-05-29T16:47:28+00:00\",\"dateModified\":\"2018-05-29T20:09:53+00:00\",\"breadcrumb\":{\"@id\":\"https:\\\/\\\/bandapassons.it\\\/gfp\\\/passons-songs-2018\\\/#breadcrumb\"},\"inLanguage\":\"it-IT\",\"potentialAction\":[{\"@type\":\"ReadAction\",\"target\":[\"https:\\\/\\\/bandapassons.it\\\/gfp\\\/passons-songs-2018\\\/\"]}]},{\"@type\":\"ImageObject\",\"inLanguage\":\"it-IT\",\"@id\":\"https:\\\/\\\/bandapassons.it\\\/gfp\\\/passons-songs-2018\\\/#primaryimage\",\"url\":\"https:\\\/\\\/bandapassons.it\\\/gfp\\\/wp-content\\\/uploads\\\/2018\\\/05\\\/passons_and_songs.jpg\",\"contentUrl\":\"https:\\\/\\\/bandapassons.it\\\/gfp\\\/wp-content\\\/uploads\\\/2018\\\/05\\\/passons_and_songs.jpg\",\"width\":2223,\"height\":1667},{\"@type\":\"BreadcrumbList\",\"@id\":\"https:\\\/\\\/bandapassons.it\\\/gfp\\\/passons-songs-2018\\\/#breadcrumb\",\"itemListElement\":[{\"@type\":\"ListItem\",\"position\":1,\"name\":\"Home\",\"item\":\"https:\\\/\\\/bandapassons.it\\\/gfp\\\/\"},{\"@type\":\"ListItem\",\"position\":2,\"name\":\"Passons &#038; Songs 2018\"}]},{\"@type\":\"WebSite\",\"@id\":\"https:\\\/\\\/bandapassons.it\\\/gfp\\\/#website\",\"url\":\"https:\\\/\\\/bandapassons.it\\\/gfp\\\/\",\"name\":\"Gruppo Folkloristico Passons - APS\",\"description\":\"Scuola di Musica ~ Banda Musicale ~ Balletto Folkloristico ~ Allegre con Brio\",\"potentialAction\":[{\"@type\":\"SearchAction\",\"target\":{\"@type\":\"EntryPoint\",\"urlTemplate\":\"https:\\\/\\\/bandapassons.it\\\/gfp\\\/?s={search_term_string}\"},\"query-input\":{\"@type\":\"PropertyValueSpecification\",\"valueRequired\":true,\"valueName\":\"search_term_string\"}}],\"inLanguage\":\"it-IT\"}]}<\/script>\n<!-- \/ Yoast SEO plugin. -->","yoast_head_json":{"title":"Passons & Songs 2018 - Gruppo Folkloristico Passons - APS","robots":{"index":"index","follow":"follow","max-snippet":"max-snippet:-1","max-image-preview":"max-image-preview:large","max-video-preview":"max-video-preview:-1"},"canonical":"https:\/\/bandapassons.it\/gfp\/passons-songs-2018\/","og_locale":"it_IT","og_type":"article","og_title":"Passons & Songs 2018 - Gruppo Folkloristico Passons - APS","og_description":"[vc_row][vc_column][\/vc_column][\/vc_row][vc_row][vc_column][vc_wp_text] REGOLAMENTO CONCORSO CANORO \u201cPASSONS &amp; SONGS &#8211; 2018\u201d Prefazione: La scuola di musica di Passons in collaborazione con il","og_url":"https:\/\/bandapassons.it\/gfp\/passons-songs-2018\/","og_site_name":"Gruppo Folkloristico Passons - APS","article_modified_time":"2018-05-29T20:09:53+00:00","og_image":[{"url":"http:\/\/bandapassons.it\/gfp\/wp-content\/uploads\/2018\/05\/passons_and_songs.jpg","type":"","width":"","height":""}],"twitter_card":"summary_large_image","twitter_misc":{"Tempo di lettura stimato":"2 minuti"},"schema":{"@context":"https:\/\/schema.org","@graph":[{"@type":"WebPage","@id":"https:\/\/bandapassons.it\/gfp\/passons-songs-2018\/","url":"https:\/\/bandapassons.it\/gfp\/passons-songs-2018\/","name":"Passons & Songs 2018 - Gruppo Folkloristico Passons - APS","isPartOf":{"@id":"https:\/\/bandapassons.it\/gfp\/#website"},"primaryImageOfPage":{"@id":"https:\/\/bandapassons.it\/gfp\/passons-songs-2018\/#primaryimage"},"image":{"@id":"https:\/\/bandapassons.it\/gfp\/passons-songs-2018\/#primaryimage"},"thumbnailUrl":"http:\/\/bandapassons.it\/gfp\/wp-content\/uploads\/2018\/05\/passons_and_songs.jpg","datePublished":"2018-05-29T16:47:28+00:00","dateModified":"2018-05-29T20:09:53+00:00","breadcrumb":{"@id":"https:\/\/bandapassons.it\/gfp\/passons-songs-2018\/#breadcrumb"},"inLanguage":"it-IT","potentialAction":[{"@type":"ReadAction","target":["https:\/\/bandapassons.it\/gfp\/passons-songs-2018\/"]}]},{"@type":"ImageObject","inLanguage":"it-IT","@id":"https:\/\/bandapassons.it\/gfp\/passons-songs-2018\/#primaryimage","url":"https:\/\/bandapassons.it\/gfp\/wp-content\/uploads\/2018\/05\/passons_and_songs.jpg","contentUrl":"https:\/\/bandapassons.it\/gfp\/wp-content\/uploads\/2018\/05\/passons_and_songs.jpg","width":2223,"height":1667},{"@type":"BreadcrumbList","@id":"https:\/\/bandapassons.it\/gfp\/passons-songs-2018\/#breadcrumb","itemListElement":[{"@type":"ListItem","position":1,"name":"Home","item":"https:\/\/bandapassons.it\/gfp\/"},{"@type":"ListItem","position":2,"name":"Passons &#038; Songs 2018"}]},{"@type":"WebSite","@id":"https:\/\/bandapassons.it\/gfp\/#website","url":"https:\/\/bandapassons.it\/gfp\/","name":"Gruppo Folkloristico Passons - APS","description":"Scuola di Musica ~ Banda Musicale ~ Balletto Folkloristico ~ Allegre con Brio","potentialAction":[{"@type":"SearchAction","target":{"@type":"EntryPoint","urlTemplate":"https:\/\/bandapassons.it\/gfp\/?s={search_term_string}"},"query-input":{"@type":"PropertyValueSpecification","valueRequired":true,"valueName":"search_term_string"}}],"inLanguage":"it-IT"}]}},"_links":{"self":[{"href":"https:\/\/bandapassons.it\/gfp\/wp-json\/wp\/v2\/pages\/3502","targetHints":{"allow":["GET"]}}],"collection":[{"href":"https:\/\/bandapassons.it\/gfp\/wp-json\/wp\/v2\/pages"}],"about":[{"href":"https:\/\/bandapassons.it\/gfp\/wp-json\/wp\/v2\/types\/page"}],"author":[{"embeddable":true,"href":"https:\/\/bandapassons.it\/gfp\/wp-json\/wp\/v2\/users\/1"}],"replies":[{"embeddable":true,"href":"https:\/\/bandapassons.it\/gfp\/wp-json\/wp\/v2\/comments?post=3502"}],"version-history":[{"count":8,"href":"https:\/\/bandapassons.it\/gfp\/wp-json\/wp\/v2\/pages\/3502\/revisions"}],"predecessor-version":[{"id":3504,"href":"https:\/\/bandapassons.it\/gfp\/wp-json\/wp\/v2\/pages\/3502\/revisions\/3504"}],"wp:attachment":[{"href":"https:\/\/bandapassons.it\/gfp\/wp-json\/wp\/v2\/media?parent=3502"}],"curies":[{"name":"wp","href":"https:\/\/api.w.org\/{rel}","templated":true}]}}