{"id":740,"date":"2014-03-13T20:08:50","date_gmt":"2014-03-13T20:08:50","guid":{"rendered":"http:\/\/bandapassons.it\/gfp\/?page_id=740"},"modified":"2023-05-15T15:46:21","modified_gmt":"2023-05-15T13:46:21","slug":"collegio-dei-revisori-dei-conti","status":"publish","type":"page","link":"https:\/\/bandapassons.it\/gfp\/gruppo\/collegio-dei-revisori-dei-conti\/","title":{"rendered":"Collegio dei Probiviri"},"content":{"rendered":"<p>[vc_row][vc_column][vc_column_text]<div class=\"tmm tmm_probiviri\"><div class=\"tmm_3_columns tmm_wrap tmm_plugin_f\"><span class=\"tmm_two_containers_tablet\"><\/span><div class=\"tmm_container\"><div class=\"tmm_member\" style=\"border-top:#333333 solid 5px;\"><div class=\"tmm_photo tmm_pic_probiviri_0\" style=\"background: url(http:\/\/bandapassons.it\/gfp\/wp-content\/uploads\/2018\/09\/alessia.jpg); margin-left: auto; margin-right:auto; background-size:cover !important;\"><\/div><div class=\"tmm_textblock\"><div class=\"tmm_names\"><span class=\"tmm_fname\">Alessia<\/span> <span class=\"tmm_lname\">Comar<\/span><\/div><div class=\"tmm_job\">Presidente<\/div><div class=\"tmm_scblock\"><a class=\"tmm_sociallink\" href=\"mailto:&#097;&#108;e&#115;s&#105;a&#046;&#099;om&#097;r&#064;&#098;and&#097;pa&#115;s&#111;&#110;s&#046;i&#116;\" title=\"Mail\"><img decoding=\"async\" alt=\"Mail\" src=\"https:\/\/bandapassons.it\/gfp\/wp-content\/plugins\/team-members\/inc\/img\/links\/email.png\"\/><\/a><\/div><\/div><\/div><div class=\"tmm_member\" style=\"border-top:#333333 solid 5px;\"><div class=\"tmm_textblock\"><div class=\"tmm_names\"><span class=\"tmm_fname\">Stefania<\/span> <span class=\"tmm_lname\">Infanti<\/span><\/div><div class=\"tmm_job\">Componente<\/div><div class=\"tmm_scblock\"><a class=\"tmm_sociallink\" href=\"mailto:s&#116;&#101;f&#097;&#110;&#105;a.&#105;&#110;fanti&#064;ba&#110;dap&#097;s&#115;on&#115;&#046;&#105;&#116;\" title=\"Email\"><img decoding=\"async\" alt=\"Email\" src=\"https:\/\/bandapassons.it\/gfp\/wp-content\/plugins\/team-members\/inc\/img\/links\/email.png\"\/><\/a><\/div><\/div><\/div><span class=\"tmm_two_containers_tablet\"><\/span><div class=\"tmm_member\" style=\"border-top:#333333 solid 5px;\"><div class=\"tmm_photo tmm_pic_probiviri_2\" style=\"background: url(http:\/\/bandapassons.it\/gfp\/wp-content\/uploads\/2018\/03\/stefy_rizzi.jpg); margin-left: auto; margin-right:auto; background-size:cover !important;\"><\/div><div class=\"tmm_textblock\"><div class=\"tmm_names\"><span class=\"tmm_fname\">Stefania<\/span> <span class=\"tmm_lname\">Rizzi<\/span><\/div><div class=\"tmm_job\">Presidente<\/div><div class=\"tmm_scblock\"><a class=\"tmm_sociallink\" href=\"mailto:&#115;&#116;e&#102;&#097;&#110;&#105;&#097;&#046;&#114;i&#122;zi&#064;&#098;andap&#097;s&#115;&#111;&#110;&#115;.i&#116;\" title=\"Email\"><img decoding=\"async\" alt=\"Email\" src=\"https:\/\/bandapassons.it\/gfp\/wp-content\/plugins\/team-members\/inc\/img\/links\/email.png\"\/><\/a><\/div><\/div><\/div><div style=\"clear:both;\"><\/div><\/div><\/div><\/div>\n<p>&nbsp;<\/p>\n<h5>COLLEGIO DEI PROBIVIRI: TRIENNIO 2022-2024<\/h5>\n<p><strong>COMPONENTI<\/strong><\/p>\n<p>COMAR Alessia<\/p>\n<p>INFANTI Stefania<\/p>\n<p>RIZZI Stefania<\/p>\n<p>&nbsp;<\/p>\n<hr \/>\n<p>Dallo Statuto:\u00a0\u00a0<strong>ART. 19 &#8211; Il Collegio dei Probiviri: composizione e compiti<\/strong><\/p>\n<p>19.1. Il Collegio dei Probiviri \u00e8 costituito da tre componenti. Il Presidente e gli altri componenti sono nominati dall&#8217;Assemblea ordinaria anche tra i non associati, durano in carica tre anni e sono rieleggibili.<\/p>\n<p>19.2. Il Collegio dei Probiviri vigila sulle delibere del Consiglio Direttivo e sulla gestione economica, finanziaria, amministrativa dell&#8217;Associazione, controlla la regolare tenuta della contabilit\u00e0 e pi\u00f9 in generale verifica il rispetto delle norme dettate dal presente Statuto e dai Regolamenti interni. Se rileva irregolarit\u00e0 amministrative ne d\u00e0 notizia al Consiglio Direttivo inviandone comunicazione scritta per gli opportuni provvedimenti. Esso pu\u00f2 procedere in qualsiasi momento ad atti di ispezione e di controllo. Il Collegio dei Probiviri verifica il rendiconto di cassa annuale o il bilancio di esercizio e redige una relazione da allegare, per l&#8217;approvazione da parte dell&#8217;Assemblea.<\/p>\n<p>&nbsp;<\/p>\n","protected":false},"excerpt":{"rendered":"<p>[vc_row][vc_column][vc_column_text] &nbsp; COLLEGIO DEI PROBIVIRI: TRIENNIO 2022-2024 COMPONENTI COMAR Alessia INFANTI Stefania RIZZI Stefania &nbsp; Dallo Statuto:\u00a0\u00a0ART. 19 &#8211; Il<\/p>\n","protected":false},"author":1,"featured_media":0,"parent":6,"menu_order":0,"comment_status":"closed","ping_status":"closed","template":"","meta":{"_monsterinsights_skip_tracking":false,"_monsterinsights_sitenote_active":false,"_monsterinsights_sitenote_note":"","_monsterinsights_sitenote_category":0,"footnotes":""},"class_list":["post-740","page","type-page","status-publish","hentry"],"yoast_head":"<!-- This site is optimized with the Yoast SEO plugin v27.4 - https:\/\/yoast.com\/product\/yoast-seo-wordpress\/ -->\n<title>Collegio dei Probiviri - Gruppo Folkloristico Passons - APS<\/title>\n<meta name=\"robots\" content=\"index, follow, max-snippet:-1, max-image-preview:large, max-video-preview:-1\" \/>\n<link rel=\"canonical\" href=\"https:\/\/bandapassons.it\/gfp\/gruppo\/collegio-dei-revisori-dei-conti\/\" \/>\n<meta property=\"og:locale\" content=\"it_IT\" \/>\n<meta property=\"og:type\" content=\"article\" \/>\n<meta property=\"og:title\" content=\"Collegio dei Probiviri - Gruppo Folkloristico Passons - APS\" \/>\n<meta property=\"og:description\" content=\"[vc_row][vc_column][vc_column_text] &nbsp; COLLEGIO DEI PROBIVIRI: TRIENNIO 2022-2024 COMPONENTI COMAR Alessia INFANTI Stefania RIZZI Stefania &nbsp; Dallo Statuto:\u00a0\u00a0ART. 19 &#8211; Il\" \/>\n<meta property=\"og:url\" content=\"https:\/\/bandapassons.it\/gfp\/gruppo\/collegio-dei-revisori-dei-conti\/\" \/>\n<meta property=\"og:site_name\" content=\"Gruppo Folkloristico Passons - APS\" \/>\n<meta property=\"article:modified_time\" content=\"2023-05-15T13:46:21+00:00\" \/>\n<meta name=\"twitter:card\" content=\"summary_large_image\" \/>\n<meta name=\"twitter:label1\" content=\"Tempo di lettura stimato\" \/>\n\t<meta name=\"twitter:data1\" content=\"1 minuto\" \/>\n<script type=\"application\/ld+json\" class=\"yoast-schema-graph\">{\"@context\":\"https:\\\/\\\/schema.org\",\"@graph\":[{\"@type\":\"WebPage\",\"@id\":\"https:\\\/\\\/bandapassons.it\\\/gfp\\\/gruppo\\\/collegio-dei-revisori-dei-conti\\\/\",\"url\":\"https:\\\/\\\/bandapassons.it\\\/gfp\\\/gruppo\\\/collegio-dei-revisori-dei-conti\\\/\",\"name\":\"Collegio dei Probiviri - Gruppo Folkloristico Passons - APS\",\"isPartOf\":{\"@id\":\"https:\\\/\\\/bandapassons.it\\\/gfp\\\/#website\"},\"datePublished\":\"2014-03-13T20:08:50+00:00\",\"dateModified\":\"2023-05-15T13:46:21+00:00\",\"breadcrumb\":{\"@id\":\"https:\\\/\\\/bandapassons.it\\\/gfp\\\/gruppo\\\/collegio-dei-revisori-dei-conti\\\/#breadcrumb\"},\"inLanguage\":\"it-IT\",\"potentialAction\":[{\"@type\":\"ReadAction\",\"target\":[\"https:\\\/\\\/bandapassons.it\\\/gfp\\\/gruppo\\\/collegio-dei-revisori-dei-conti\\\/\"]}]},{\"@type\":\"BreadcrumbList\",\"@id\":\"https:\\\/\\\/bandapassons.it\\\/gfp\\\/gruppo\\\/collegio-dei-revisori-dei-conti\\\/#breadcrumb\",\"itemListElement\":[{\"@type\":\"ListItem\",\"position\":1,\"name\":\"Home\",\"item\":\"https:\\\/\\\/bandapassons.it\\\/gfp\\\/\"},{\"@type\":\"ListItem\",\"position\":2,\"name\":\"Il Gruppo\",\"item\":\"https:\\\/\\\/bandapassons.it\\\/gfp\\\/gruppo\\\/\"},{\"@type\":\"ListItem\",\"position\":3,\"name\":\"Collegio dei Probiviri\"}]},{\"@type\":\"WebSite\",\"@id\":\"https:\\\/\\\/bandapassons.it\\\/gfp\\\/#website\",\"url\":\"https:\\\/\\\/bandapassons.it\\\/gfp\\\/\",\"name\":\"Gruppo Folkloristico Passons - APS\",\"description\":\"Scuola di Musica ~ Banda Musicale ~ Balletto Folkloristico ~ Allegre con Brio\",\"potentialAction\":[{\"@type\":\"SearchAction\",\"target\":{\"@type\":\"EntryPoint\",\"urlTemplate\":\"https:\\\/\\\/bandapassons.it\\\/gfp\\\/?s={search_term_string}\"},\"query-input\":{\"@type\":\"PropertyValueSpecification\",\"valueRequired\":true,\"valueName\":\"search_term_string\"}}],\"inLanguage\":\"it-IT\"}]}<\/script>\n<!-- \/ Yoast SEO plugin. -->","yoast_head_json":{"title":"Collegio dei Probiviri - Gruppo Folkloristico Passons - APS","robots":{"index":"index","follow":"follow","max-snippet":"max-snippet:-1","max-image-preview":"max-image-preview:large","max-video-preview":"max-video-preview:-1"},"canonical":"https:\/\/bandapassons.it\/gfp\/gruppo\/collegio-dei-revisori-dei-conti\/","og_locale":"it_IT","og_type":"article","og_title":"Collegio dei Probiviri - Gruppo Folkloristico Passons - APS","og_description":"[vc_row][vc_column][vc_column_text] &nbsp; COLLEGIO DEI PROBIVIRI: TRIENNIO 2022-2024 COMPONENTI COMAR Alessia INFANTI Stefania RIZZI Stefania &nbsp; Dallo Statuto:\u00a0\u00a0ART. 19 &#8211; Il","og_url":"https:\/\/bandapassons.it\/gfp\/gruppo\/collegio-dei-revisori-dei-conti\/","og_site_name":"Gruppo Folkloristico Passons - APS","article_modified_time":"2023-05-15T13:46:21+00:00","twitter_card":"summary_large_image","twitter_misc":{"Tempo di lettura stimato":"1 minuto"},"schema":{"@context":"https:\/\/schema.org","@graph":[{"@type":"WebPage","@id":"https:\/\/bandapassons.it\/gfp\/gruppo\/collegio-dei-revisori-dei-conti\/","url":"https:\/\/bandapassons.it\/gfp\/gruppo\/collegio-dei-revisori-dei-conti\/","name":"Collegio dei Probiviri - Gruppo Folkloristico Passons - APS","isPartOf":{"@id":"https:\/\/bandapassons.it\/gfp\/#website"},"datePublished":"2014-03-13T20:08:50+00:00","dateModified":"2023-05-15T13:46:21+00:00","breadcrumb":{"@id":"https:\/\/bandapassons.it\/gfp\/gruppo\/collegio-dei-revisori-dei-conti\/#breadcrumb"},"inLanguage":"it-IT","potentialAction":[{"@type":"ReadAction","target":["https:\/\/bandapassons.it\/gfp\/gruppo\/collegio-dei-revisori-dei-conti\/"]}]},{"@type":"BreadcrumbList","@id":"https:\/\/bandapassons.it\/gfp\/gruppo\/collegio-dei-revisori-dei-conti\/#breadcrumb","itemListElement":[{"@type":"ListItem","position":1,"name":"Home","item":"https:\/\/bandapassons.it\/gfp\/"},{"@type":"ListItem","position":2,"name":"Il Gruppo","item":"https:\/\/bandapassons.it\/gfp\/gruppo\/"},{"@type":"ListItem","position":3,"name":"Collegio dei Probiviri"}]},{"@type":"WebSite","@id":"https:\/\/bandapassons.it\/gfp\/#website","url":"https:\/\/bandapassons.it\/gfp\/","name":"Gruppo Folkloristico Passons - APS","description":"Scuola di Musica ~ Banda Musicale ~ Balletto Folkloristico ~ Allegre con Brio","potentialAction":[{"@type":"SearchAction","target":{"@type":"EntryPoint","urlTemplate":"https:\/\/bandapassons.it\/gfp\/?s={search_term_string}"},"query-input":{"@type":"PropertyValueSpecification","valueRequired":true,"valueName":"search_term_string"}}],"inLanguage":"it-IT"}]}},"_links":{"self":[{"href":"https:\/\/bandapassons.it\/gfp\/wp-json\/wp\/v2\/pages\/740","targetHints":{"allow":["GET"]}}],"collection":[{"href":"https:\/\/bandapassons.it\/gfp\/wp-json\/wp\/v2\/pages"}],"about":[{"href":"https:\/\/bandapassons.it\/gfp\/wp-json\/wp\/v2\/types\/page"}],"author":[{"embeddable":true,"href":"https:\/\/bandapassons.it\/gfp\/wp-json\/wp\/v2\/users\/1"}],"replies":[{"embeddable":true,"href":"https:\/\/bandapassons.it\/gfp\/wp-json\/wp\/v2\/comments?post=740"}],"version-history":[{"count":7,"href":"https:\/\/bandapassons.it\/gfp\/wp-json\/wp\/v2\/pages\/740\/revisions"}],"predecessor-version":[{"id":24052,"href":"https:\/\/bandapassons.it\/gfp\/wp-json\/wp\/v2\/pages\/740\/revisions\/24052"}],"up":[{"embeddable":true,"href":"https:\/\/bandapassons.it\/gfp\/wp-json\/wp\/v2\/pages\/6"}],"wp:attachment":[{"href":"https:\/\/bandapassons.it\/gfp\/wp-json\/wp\/v2\/media?parent=740"}],"curies":[{"name":"wp","href":"https:\/\/api.w.org\/{rel}","templated":true}]}}